{"id":1840,"date":"2025-04-05T11:40:06","date_gmt":"2025-04-05T03:40:06","guid":{"rendered":"https:\/\/www.smmarbleinlay.com\/?post_type=product&#038;p=1840"},"modified":"2025-06-10T08:24:26","modified_gmt":"2025-06-10T00:24:26","slug":"marble-inlay-wall-panel-tropical","status":"publish","type":"product","link":"https:\/\/www.smmarbleinlay.com\/es\/producto\/marble-inlay-wall-panel-tropical\/","title":{"rendered":"Panel de pared con incrustaciones de m\u00e1rmol Tropical Jungle Design"},"content":{"rendered":"<h2>Impresionante panel de pared con incrustaciones de m\u00e1rmol para villa de lujo<\/h2>\n<p>Este impresionante panel de pared con incrustaciones de m\u00e1rmol presenta un tema de selva tropical, h\u00e1bilmente elaborado para llevar la belleza de la naturaleza a su espacio.<\/p>\n<p>El dise\u00f1o est\u00e1 realizado en un estilo de marqueter\u00eda, utilizando el veteado y la textura \u00fanicos del m\u00e1rmol natural para crear una escena realista y vibrante.<\/p>\n<p>La incrustaci\u00f3n sin fisuras captura la esencia de un paisaje selv\u00e1tico, y las caracter\u00edsticas naturales de cada piedra contribuyen a la profundidad y tridimensionalidad generales de la pieza.<\/p>\n<p>Este m\u00e9todo permite que la obra muestre detalles intrincados sin perder el aspecto org\u00e1nico de las piedras utilizadas.<\/p>\n<p><iframe loading=\"lazy\" title=\"Incrustaci\u00f3n de m\u00e1rmol personalizado decoraci\u00f3n de la pared #1 elecci\u00f3n para villa de lujo\" width=\"1290\" height=\"726\" src=\"https:\/\/www.youtube.com\/embed\/ytyy7bh64fM?feature=oembed\" frameborder=\"0\" allow=\"accelerometer; autoplay; clipboard-write; encrypted-media; gyroscope; picture-in-picture; web-share\" referrerpolicy=\"strict-origin-when-cross-origin\" allowfullscreen><\/iframe><\/p>\n<h2>Artesan\u00eda - Hecho a mano con precisi\u00f3n<\/h2>\n<p>La creaci\u00f3n de este Muro de Piedra con Incrustaciones de M\u00e1rmol implica el meticuloso proceso de ensamblar a mano 28 tipos diferentes de m\u00e1rmol natural, cada pieza cuidadosamente seleccionada por su color y dibujo.<\/p>\n<p>Miles de peque\u00f1os componentes de m\u00e1rmol est\u00e1n intrincadamente incrustados para formar esta magn\u00edfica obra de arte, lo que la convierte en un ejemplo perfecto de dise\u00f1o de marqueter\u00eda.<\/p>\n<p>La artesan\u00eda garantiza un equilibrio perfecto entre arte y durabilidad, proporcionando un elemento decorativo duradero que es a la vez funcional y bello.<\/p>\n<h2>Aplicaci\u00f3n - Ideal para espacios lujosos<\/h2>\n<p>La decoraci\u00f3n de pared con incrustaciones de m\u00e1rmol est\u00e1 dise\u00f1ada para adaptarse a diversas aplicaciones de gama alta, desde opulentos salones hasta lujosos vest\u00edbulos de hotel.<\/p>\n<p>Su tem\u00e1tica de selva tropical crea una experiencia envolvente, ideal para crear un ambiente natural y tranquilo.<\/p>\n<p>Tanto si se utiliza como elemento decorativo en una residencia privada como en un local comercial, este panel realza el espacio con su refinada est\u00e9tica y sofisticada artesan\u00eda, lo que lo convierte en la elecci\u00f3n perfecta para quienes buscan elegancia en la decoraci\u00f3n de paredes.<\/p>","protected":false},"excerpt":{"rendered":"<p><strong>Impresionante panel de pared con incrustaciones de m\u00e1rmol para villa de lujo<\/strong><\/p>\n<p><strong>N\u00famero de art\u00edculo: <\/strong>WA6I011<\/p>\n<p><strong>Material:<\/strong>\u00a0M\u00e1rmol, piedra preciosa. (incrustaci\u00f3n de m\u00e1rmol panel de pared material puede ser personalizado)<\/p>\n<p><strong>Tama\u00f1o:<\/strong>\u00a0Tama\u00f1o a medida de cualquier decoraci\u00f3n de pared con incrustaciones de m\u00e1rmol<\/p>\n<p><strong>Dise\u00f1o:<\/strong>\u00a0Dise\u00f1os de incrustaciones de m\u00e1rmol est\u00e1ndar o personalizados<\/p>\n<p><strong>Aplicaci\u00f3n:<\/strong>\u00a0Villas y casas de lujo, hoteles y complejos tur\u00edsticos, espacios comerciales,<\/p>\n<p>Sala de estar, Panel de pared destacado, Decoraci\u00f3n de pared, Arte de pared con incrustaciones, Arte de pared en piedra,<\/p>\n<p>Espacios p\u00fablicos, entrada y vest\u00edbulo, clubes de alto nivel y clubes privados,<\/p>\n<p>Salas de exposiciones, boutiques, museos, iglesias, mezquitas, etc.<\/p>","protected":false},"featured_media":1842,"template":"","meta":{"_joinchat":[]},"product_brand":[],"product_cat":[22],"product_tag":[],"class_list":{"0":"post-1840","1":"product","2":"type-product","3":"status-publish","4":"has-post-thumbnail","6":"product_cat-marble-inlay-wall-decor","8":"first","9":"instock","10":"shipping-taxable","11":"product-type-simple"},"_links":{"self":[{"href":"https:\/\/www.smmarbleinlay.com\/es\/wp-json\/wp\/v2\/product\/1840","targetHints":{"allow":["GET"]}}],"collection":[{"href":"https:\/\/www.smmarbleinlay.com\/es\/wp-json\/wp\/v2\/product"}],"about":[{"href":"https:\/\/www.smmarbleinlay.com\/es\/wp-json\/wp\/v2\/types\/product"}],"wp:featuredmedia":[{"embeddable":true,"href":"https:\/\/www.smmarbleinlay.com\/es\/wp-json\/wp\/v2\/media\/1842"}],"wp:attachment":[{"href":"https:\/\/www.smmarbleinlay.com\/es\/wp-json\/wp\/v2\/media?parent=1840"}],"wp:term":[{"taxonomy":"product_brand","embeddable":true,"href":"https:\/\/www.smmarbleinlay.com\/es\/wp-json\/wp\/v2\/product_brand?post=1840"},{"taxonomy":"product_cat","embeddable":true,"href":"https:\/\/www.smmarbleinlay.com\/es\/wp-json\/wp\/v2\/product_cat?post=1840"},{"taxonomy":"product_tag","embeddable":true,"href":"https:\/\/www.smmarbleinlay.com\/es\/wp-json\/wp\/v2\/product_tag?post=1840"}],"curies":[{"name":"wp","href":"https:\/\/api.w.org\/{rel}","templated":true}]}}