{"id":1851,"date":"2025-04-05T14:34:19","date_gmt":"2025-04-05T06:34:19","guid":{"rendered":"https:\/\/www.smmarbleinlay.com\/?post_type=product&#038;p=1851"},"modified":"2025-04-09T16:58:35","modified_gmt":"2025-04-09T08:58:35","slug":"modern-marble-inlay-floor-design-pietra-dure-pattern","status":"publish","type":"product","link":"https:\/\/www.smmarbleinlay.com\/es\/producto\/modern-marble-inlay-floor-design-pietra-dure-pattern\/","title":{"rendered":"Dise\u00f1o moderno de suelo con incrustaciones de m\u00e1rmol Patr\u00f3n Pietra Dure"},"content":{"rendered":"<h2>Dise\u00f1o moderno de suelo con incrustaciones de m\u00e1rmol - Patr\u00f3n Pietra Dure<\/h2>\n<p>Este moderno dise\u00f1o de suelo con incrustaciones de m\u00e1rmol Pietra Dure presenta un atrevido motivo geom\u00e9trico realizado con incrustaciones de m\u00e1rmol.<\/p>\n<p>El moderno dise\u00f1o del suelo con incrustaciones de m\u00e1rmol de formas romboidales afiladas y l\u00edneas blancas crea un aspecto llamativo y elegante, que a\u00f1ade sofisticaci\u00f3n a cualquier espacio.<\/p>\n<h2>Incrustaciones de m\u00e1rmol y coordinaci\u00f3n de colores: una combinaci\u00f3n perfecta<\/h2>\n<p>Con tonos gris claro y blanco roto, este dise\u00f1o de m\u00e1rmol proporciona un fondo suave y neutro que complementa los interiores modernos.<\/p>\n<p>La mezcla de m\u00e1rmol natural y geometr\u00eda precisa crea un estilo refinado y equilibrado.<\/p>\n<h2>Aplicaci\u00f3n: vers\u00e1til y elegante<\/h2>\n<p>Este dise\u00f1o de medall\u00f3n de baldosas con incrustaciones de m\u00e1rmol es ideal para espacios de alta gama como salones de lujo, vest\u00edbulos de hoteles u oficinas de alto nivel.<\/p>\n<p>Su elegancia atemporal realza cualquier estancia, convirti\u00e9ndola en la mezcla perfecta de estilo y artesan\u00eda.<\/p>","protected":false},"excerpt":{"rendered":"<p><strong>Dise\u00f1o de suelos con incrustaciones de m\u00e1rmol de estilo moderno<\/strong><\/p>\n<p><strong>N\u00famero de art\u00edculo: <\/strong>FLM4G008<\/p>\n<p><strong>Material:<\/strong>\u00a0M\u00e1rmol, piedra preciosa. (incrustaciones de m\u00e1rmol piso dise\u00f1o materiales pueden ser personalizados)<\/p>\n<p><strong>Tama\u00f1o:<\/strong>\u00a0Tama\u00f1o a medida (tama\u00f1o personalizado del dise\u00f1o del suelo con incrustaciones de m\u00e1rmol)<\/p>\n<p><strong>Dise\u00f1o:<\/strong>\u00a0Dise\u00f1o de suelo con incrustaciones de m\u00e1rmol est\u00e1ndar o personalizado<\/p>\n<p><strong>Aplicaci\u00f3n:<\/strong>\u00a0Villas y casas de lujo, hoteles y complejos tur\u00edsticos, espacios comerciales,<\/p>\n<p>Espacios p\u00fablicos, Escaleras y pasillos, Entrada y vest\u00edbulo, Pietra Dura Art Floor,<\/p>\n<p>Clubes de alto nivel y clubes privados, salas de exposiciones y espacios de exhibici\u00f3n,<\/p>\n<p>Boutiques, Museo, Iglesia, Mezquita, etc.<\/p>","protected":false},"featured_media":1852,"template":"","meta":{"_joinchat":[]},"product_brand":[],"product_cat":[21],"product_tag":[],"class_list":{"0":"post-1851","1":"product","2":"type-product","3":"status-publish","4":"has-post-thumbnail","6":"product_cat-contemporary-marble-inlay-flooring","8":"first","9":"instock","10":"shipping-taxable","11":"product-type-simple"},"_links":{"self":[{"href":"https:\/\/www.smmarbleinlay.com\/es\/wp-json\/wp\/v2\/product\/1851","targetHints":{"allow":["GET"]}}],"collection":[{"href":"https:\/\/www.smmarbleinlay.com\/es\/wp-json\/wp\/v2\/product"}],"about":[{"href":"https:\/\/www.smmarbleinlay.com\/es\/wp-json\/wp\/v2\/types\/product"}],"wp:featuredmedia":[{"embeddable":true,"href":"https:\/\/www.smmarbleinlay.com\/es\/wp-json\/wp\/v2\/media\/1852"}],"wp:attachment":[{"href":"https:\/\/www.smmarbleinlay.com\/es\/wp-json\/wp\/v2\/media?parent=1851"}],"wp:term":[{"taxonomy":"product_brand","embeddable":true,"href":"https:\/\/www.smmarbleinlay.com\/es\/wp-json\/wp\/v2\/product_brand?post=1851"},{"taxonomy":"product_cat","embeddable":true,"href":"https:\/\/www.smmarbleinlay.com\/es\/wp-json\/wp\/v2\/product_cat?post=1851"},{"taxonomy":"product_tag","embeddable":true,"href":"https:\/\/www.smmarbleinlay.com\/es\/wp-json\/wp\/v2\/product_tag?post=1851"}],"curies":[{"name":"wp","href":"https:\/\/api.w.org\/{rel}","templated":true}]}}