{"id":1854,"date":"2025-04-05T14:42:08","date_gmt":"2025-04-05T06:42:08","guid":{"rendered":"https:\/\/www.smmarbleinlay.com\/?post_type=product&#038;p=1854"},"modified":"2025-04-09T16:59:40","modified_gmt":"2025-04-09T08:59:40","slug":"marble-inlay-floor-modern-design-with-bold-geometric-patterns","status":"publish","type":"product","link":"https:\/\/www.smmarbleinlay.com\/es\/producto\/marble-inlay-floor-modern-design-with-bold-geometric-patterns\/","title":{"rendered":"Suelo con incrustaciones de m\u00e1rmol Dise\u00f1o moderno con atrevidos motivos geom\u00e9tricos"},"content":{"rendered":"<h2>Dise\u00f1o moderno de suelo con incrustaciones de m\u00e1rmol - Patr\u00f3n Pietra Dure<\/h2>\n<p>Suelo con incrustaciones de m\u00e1rmol de dise\u00f1o moderno con atrevido dibujo geom\u00e9trico presenta un llamativo y moderno dibujo geom\u00e9trico que combina l\u00edneas limpias con \u00e1ngulos agudos.<\/p>\n<p>El suelo de taracea de m\u00e1rmol de dise\u00f1o moderno utiliza la taracea de m\u00e1rmol para crear una serie de cuadrados superpuestos, lo que da como resultado un efecto visual atrevido y din\u00e1mico.<\/p>\n<p>Este suelo con incrustaciones de m\u00e1rmol de dise\u00f1o moderno y atrevido patr\u00f3n geom\u00e9trico ofrece un aspecto elegante y sofisticado que eleva el dise\u00f1o de cualquier espacio.<\/p>\n<h2>Incrustaciones de m\u00e1rmol y coordinaci\u00f3n de colores: atrevidos y elegantes<\/h2>\n<p>El moderno dise\u00f1o del suelo con incrustaciones de m\u00e1rmol utiliza una paleta de colores de alto contraste en blanco y negro, que a\u00f1ade dramatismo al suelo.<\/p>\n<p>El uso de l\u00edneas alternas s\u00f3lidas y rayadas realza el atractivo contempor\u00e1neo, mientras que la textura natural del m\u00e1rmol a\u00f1ade profundidad y elegancia al dise\u00f1o.<\/p>\n<p>Esta combinaci\u00f3n de colores con atrevidos motivos geom\u00e9tricos hace que el dise\u00f1o sea vers\u00e1til y perfecto para interiores modernos.<\/p>\n<h2>Aplicaci\u00f3n - Perfecto para interiores con estilo<\/h2>\n<p>Este suelo de m\u00e1rmol con incrustaciones de dise\u00f1o moderno medall\u00f3n de azulejos es ideal para una variedad de espacios de gama alta, incluyendo salas de estar contempor\u00e1neas, vest\u00edbulos de lujo, y entornos de oficina con estilo.<\/p>\n<p>El atrevido contraste y el llamativo estampado lo convierten en una pieza \u00fanica, que a\u00f1ade un ambiente sofisticado y elegante a cualquier entorno.<\/p>","protected":false},"excerpt":{"rendered":"<p>Dise\u00f1o moderno de suelos con incrustaciones de m\u00e1rmol<\/p>\n<p><strong>N\u00famero de art\u00edculo: <\/strong>FLM4G009<\/p>\n<p><strong>Material:<\/strong>\u00a0Mable, Piedra preciosa. (material puede ser personalizado)<\/p>\n<p><strong>Tama\u00f1o:<\/strong>\u00a0Tama\u00f1o a medida<\/p>\n<p><strong>Dise\u00f1o:<\/strong>\u00a0Dise\u00f1os est\u00e1ndar o personalizados<\/p>\n<p><strong>Aplicaci\u00f3n:<\/strong>\u00a0Villas y casas de lujo, hoteles y complejos tur\u00edsticos, espacios comerciales,<\/p>\n<p>Espacios p\u00fablicos, Escaleras y pasillos, Entrada y vest\u00edbulo, Pietra Dura Art Floor,<\/p>\n<p>Clubes de alto nivel y clubes privados, salas de exposiciones y espacios de exhibici\u00f3n,<\/p>\n<p>Boutiques, Museo, Iglesia, Mezquita, etc.<\/p>","protected":false},"featured_media":1855,"template":"","meta":{"_joinchat":[]},"product_brand":[],"product_cat":[21],"product_tag":[],"class_list":{"0":"post-1854","1":"product","2":"type-product","3":"status-publish","4":"has-post-thumbnail","6":"product_cat-contemporary-marble-inlay-flooring","8":"first","9":"instock","10":"shipping-taxable","11":"product-type-simple"},"_links":{"self":[{"href":"https:\/\/www.smmarbleinlay.com\/es\/wp-json\/wp\/v2\/product\/1854","targetHints":{"allow":["GET"]}}],"collection":[{"href":"https:\/\/www.smmarbleinlay.com\/es\/wp-json\/wp\/v2\/product"}],"about":[{"href":"https:\/\/www.smmarbleinlay.com\/es\/wp-json\/wp\/v2\/types\/product"}],"wp:featuredmedia":[{"embeddable":true,"href":"https:\/\/www.smmarbleinlay.com\/es\/wp-json\/wp\/v2\/media\/1855"}],"wp:attachment":[{"href":"https:\/\/www.smmarbleinlay.com\/es\/wp-json\/wp\/v2\/media?parent=1854"}],"wp:term":[{"taxonomy":"product_brand","embeddable":true,"href":"https:\/\/www.smmarbleinlay.com\/es\/wp-json\/wp\/v2\/product_brand?post=1854"},{"taxonomy":"product_cat","embeddable":true,"href":"https:\/\/www.smmarbleinlay.com\/es\/wp-json\/wp\/v2\/product_cat?post=1854"},{"taxonomy":"product_tag","embeddable":true,"href":"https:\/\/www.smmarbleinlay.com\/es\/wp-json\/wp\/v2\/product_tag?post=1854"}],"curies":[{"name":"wp","href":"https:\/\/api.w.org\/{rel}","templated":true}]}}