{"id":1857,"date":"2025-04-05T14:51:04","date_gmt":"2025-04-05T06:51:04","guid":{"rendered":"https:\/\/www.smmarbleinlay.com\/?post_type=product&#038;p=1857"},"modified":"2025-04-09T16:55:27","modified_gmt":"2025-04-09T08:55:27","slug":"marble-flooring-contemporary-inlaid-marble-floor-design","status":"publish","type":"product","link":"https:\/\/www.smmarbleinlay.com\/es\/producto\/marble-flooring-contemporary-inlaid-marble-floor-design\/","title":{"rendered":"Suelos de m\u00e1rmol Dise\u00f1o contempor\u00e1neo de suelos de m\u00e1rmol con incrustaciones"},"content":{"rendered":"<h2>Dise\u00f1o contempor\u00e1neo de suelos de m\u00e1rmol con incrustaciones - Medallones de m\u00e1rmol a medida<\/h2>\n<p>Este suelo de m\u00e1rmol de dise\u00f1o contempor\u00e1neo con incrustaciones de m\u00e1rmol combina el lujo y el arte con su intrincado patr\u00f3n geom\u00e9trico, aportando un aspecto opulento y moderno a cualquier suelo.<\/p>\n<p>El dise\u00f1o utiliza una combinaci\u00f3n de piezas de m\u00e1rmol verde, rosa y gris, enmarcadas por delicadas incrustaciones doradas.<\/p>\n<p>Cada segmento del dise\u00f1o del suelo de m\u00e1rmol con incrustaciones forma un arco fluido, dando como resultado un efecto visualmente armonioso y elegante que puede transformar cualquier espacio en una zona lujosa.<\/p>\n<h2>Dise\u00f1o de incrustaciones de m\u00e1rmol - Armon\u00eda de colores y artesan\u00eda<\/h2>\n<p>El dise\u00f1o del suelo de m\u00e1rmol utiliza una paleta de colores suave pero vibrante, que combina verdes terrosos, rosas intensos y grises sutiles.<\/p>\n<p>Los colores contrastados del dise\u00f1o del suelo de m\u00e1rmol con incrustaciones se combinan para crear un patr\u00f3n equilibrado y sofisticado.<\/p>\n<p>Las incrustaciones doradas resaltan las curvas y los arcos, a\u00f1adiendo una capa extra de elegancia y refinamiento al dise\u00f1o del medall\u00f3n de m\u00e1rmol del suelo.<\/p>\n<p>La cuidadosa selecci\u00f3n de los materiales y la precisi\u00f3n en el trabajo artesanal muestran la verdadera belleza de este suelo de m\u00e1rmol a medida.<\/p>\n<h2>Aplicaci\u00f3n contempor\u00e1nea de suelos de m\u00e1rmol: perfecta para espacios de alta gama<\/h2>\n<p>Este dise\u00f1o contempor\u00e1neo de medall\u00f3n para suelos de m\u00e1rmol es perfecto para interiores de lujo como salones, vest\u00edbulos de hoteles y oficinas ejecutivas.<\/p>\n<p>Sus exquisitos detalles y su aspecto elegante lo convierten en una opci\u00f3n ideal para espacios que requieren un toque sofisticado.<\/p>\n<p>Los dise\u00f1os de m\u00e1rmol personalizados aportan profundidad y personalidad a grandes \u00e1reas, sirviendo como punto focal que realza el ambiente general del entorno.<\/p>","protected":false},"excerpt":{"rendered":"<p>Suelos de m\u00e1rmol Dise\u00f1o contempor\u00e1neo<\/p>\n<p><strong>N\u00famero de art\u00edculo: <\/strong>FLM4G010<\/p>\n<p><strong>Material:<\/strong>\u00a0M\u00e1rmol, piedra preciosa. (incrustaciones de m\u00e1rmol piso dise\u00f1o materiales pueden ser personalizados)<\/p>\n<p><strong>Tama\u00f1o:<\/strong>\u00a0Tama\u00f1o a medida (tama\u00f1o personalizado del dise\u00f1o del suelo con incrustaciones de m\u00e1rmol)<\/p>\n<p><strong>Dise\u00f1o:<\/strong>\u00a0Dise\u00f1o de suelo con incrustaciones de m\u00e1rmol est\u00e1ndar o personalizado<\/p>\n<p><strong>Aplicaci\u00f3n:<\/strong>\u00a0Villas y casas de lujo, hoteles y complejos tur\u00edsticos, espacios comerciales,<\/p>\n<p>Espacios p\u00fablicos, Escaleras y pasillos, Entrada y vest\u00edbulo, Pietra Dura Art Floor,<\/p>\n<p>Clubes de alto nivel y clubes privados, salas de exposiciones y espacios de exhibici\u00f3n,<\/p>\n<p>Boutiques, Museo, Iglesia, Mezquita, etc.<\/p>","protected":false},"featured_media":1858,"template":"","meta":{"_joinchat":[]},"product_brand":[],"product_cat":[21],"product_tag":[],"class_list":{"0":"post-1857","1":"product","2":"type-product","3":"status-publish","4":"has-post-thumbnail","6":"product_cat-contemporary-marble-inlay-flooring","8":"first","9":"instock","10":"shipping-taxable","11":"product-type-simple"},"_links":{"self":[{"href":"https:\/\/www.smmarbleinlay.com\/es\/wp-json\/wp\/v2\/product\/1857","targetHints":{"allow":["GET"]}}],"collection":[{"href":"https:\/\/www.smmarbleinlay.com\/es\/wp-json\/wp\/v2\/product"}],"about":[{"href":"https:\/\/www.smmarbleinlay.com\/es\/wp-json\/wp\/v2\/types\/product"}],"wp:featuredmedia":[{"embeddable":true,"href":"https:\/\/www.smmarbleinlay.com\/es\/wp-json\/wp\/v2\/media\/1858"}],"wp:attachment":[{"href":"https:\/\/www.smmarbleinlay.com\/es\/wp-json\/wp\/v2\/media?parent=1857"}],"wp:term":[{"taxonomy":"product_brand","embeddable":true,"href":"https:\/\/www.smmarbleinlay.com\/es\/wp-json\/wp\/v2\/product_brand?post=1857"},{"taxonomy":"product_cat","embeddable":true,"href":"https:\/\/www.smmarbleinlay.com\/es\/wp-json\/wp\/v2\/product_cat?post=1857"},{"taxonomy":"product_tag","embeddable":true,"href":"https:\/\/www.smmarbleinlay.com\/es\/wp-json\/wp\/v2\/product_tag?post=1857"}],"curies":[{"name":"wp","href":"https:\/\/api.w.org\/{rel}","templated":true}]}}