{"id":2189,"date":"2025-05-21T16:00:43","date_gmt":"2025-05-21T08:00:43","guid":{"rendered":"https:\/\/www.smmarbleinlay.com\/?post_type=product&#038;p=2189"},"modified":"2025-05-20T15:16:33","modified_gmt":"2025-05-20T07:16:33","slug":"marble-inlay-floor-design-the-art-of-pietra-dure-in-minimalist-elegance","status":"publish","type":"product","link":"https:\/\/www.smmarbleinlay.com\/es\/producto\/marble-inlay-floor-design-the-art-of-pietra-dure-in-minimalist-elegance\/","title":{"rendered":"Dise\u00f1o de suelos con incrustaciones de m\u00e1rmol: El arte de la piedra dorada en la elegancia minimalista"},"content":{"rendered":"<h2>Dise\u00f1o de suelos con incrustaciones de m\u00e1rmol: materiales de primera calidad y artesan\u00eda de precisi\u00f3n<\/h2>\n<h2>-Una lujosa experiencia en suelos de m\u00e1rmol con incrustaciones<\/h2>\n<p>En el mundo de los interiores residenciales y de villas de alta gama, el dise\u00f1o de los suelos es algo m\u00e1s que funcionalidad: refleja un estilo de vida refinado.<\/p>\n<p>Este dise\u00f1o de suelo con incrustaciones de m\u00e1rmol de Stone Master encarna el arte cl\u00e1sico de la Pietra dure, armonizando las texturas del m\u00e1rmol natural con la simetr\u00eda geom\u00e9trica para crear una superficie de incrustaci\u00f3n de m\u00e1rmol minimalista pero lujosa.<\/p>\n<p>Elaborado a partir de m\u00e1rmol blanco importado de Italia, el suelo se acent\u00faa con suaves vetas grises y patrones meticulosamente tallados.<\/p>\n<p>La precisi\u00f3n de este proceso de incrustaci\u00f3n de m\u00e1rmol realza tanto la belleza est\u00e9tica como la durabilidad a largo plazo, posicionando este producto como una soluci\u00f3n de primer nivel en la industria del dise\u00f1o en m\u00e1rmol.<\/p>\n<h2>Dise\u00f1o de suelos con incrustaciones de m\u00e1rmol Paletas de colores armonizadas: Una filosof\u00eda gris-blanco en el dise\u00f1o del m\u00e1rmol<\/h2>\n<p>En la est\u00e9tica de los suelos con incrustaciones de m\u00e1rmol, la coordinaci\u00f3n de colores es vital.<\/p>\n<p>Este dise\u00f1o de suelo enfatiza una paleta limpia de grises y blancos, utilizando variaciones tonales para crear un ambiente interior sereno y contempor\u00e1neo.<\/p>\n<p>La base blanca representa la pureza y la luz, mientras que el sutil veteado gris a\u00f1ade profundidad y estructura.<\/p>\n<p>Los medallones de azulejos repetidos, dise\u00f1ados con una simetr\u00eda geom\u00e9trica perfecta, expresan en silencio la intensidad art\u00edstica.<\/p>\n<p>Responde a las expectativas minimalistas modernas de sobriedad y equilibrio, al tiempo que presta una exquisita atenci\u00f3n a los detalles y a la artesan\u00eda.<\/p>\n<h2>Dise\u00f1o de suelos con incrustaciones de m\u00e1rmol Detalle y evoluci\u00f3n de los patrones: De la Pietra Dure a los medallones modernos<\/h2>\n<p>El dibujo de este suelo de m\u00e1rmol se inspira en la t\u00e9cnica tradicional de la Pietra dure, modernizada con motivos florales y geom\u00e9tricos simplificados.<\/p>\n<p>Cada unidad de dise\u00f1o encarna el concepto de \"c\u00edrculos dentro de cuadrados y flores dentro de la geometr\u00eda\", creando una experiencia visual por capas.<\/p>\n<p>Tras varias rondas de pulido y abrillantado, el suelo medall\u00f3n ofrece un fuerte contraste visual y profundidad, adapt\u00e1ndose perfectamente tanto a la luz natural como a la artificial.<\/p>\n<p>M\u00e1s all\u00e1 de la decoraci\u00f3n, estos motivos tienen un significado simb\u00f3lico: representan la armon\u00eda, el orden y el equilibrio, que son la esencia misma del dise\u00f1o refinado de suelos de interior.<\/p>\n<h2>Minimalistas pero ricos: los medallones de m\u00e1rmol ideales para interiores contempor\u00e1neos<\/h2>\n<p>Con el auge de la est\u00e9tica moderna, el minimalismo se ha convertido en la corriente dominante.<\/p>\n<p>Esta incrustaci\u00f3n de m\u00e1rmol para suelos responde a esa tendencia eliminando los colores superfluos y los motivos complejos, y centr\u00e1ndose en cambio en las texturas superficiales y la geometr\u00eda.<\/p>\n<p>Tanto si se utiliza en salones, comedores, vest\u00edbulos o pasillos, el suelo se integra de forma natural en el espacio, llamando la atenci\u00f3n sin sobrecargar el dise\u00f1o.<\/p>\n<p>Los suelos de m\u00e1rmol con incrustaciones priorizan la armon\u00eda espacial y la belleza funcional.<\/p>\n<p>Este producto ejemplifica la filosof\u00eda de \"quietud en el movimiento y estructura en el silencio\", ofreciendo un lenguaje de dise\u00f1o fuerte pero sutil.<\/p>\n<h2>Dise\u00f1o de suelos con incrustaciones de m\u00e1rmol Aplicaci\u00f3n vers\u00e1til: La primera elecci\u00f3n para villas, clubes e interiores de lujo<\/h2>\n<p>Gracias a sus materiales de m\u00e1rmol de alta calidad y a su dise\u00f1o flexible, este medall\u00f3n de azulejos se adapta perfectamente a una amplia gama de ambientes de lujo:<\/p>\n<ul data-spread=\"false\">\n<li><strong>Entradas de villas y grandes vest\u00edbulos<\/strong>: El uso de intrincados medallones de azulejos mejora la primera impresi\u00f3n.<\/li>\n<li><strong>Hoteles y clubes privados<\/strong>: Crea un tono espacial sereno y elegante.<\/li>\n<li><strong>Pasillos y vest\u00edbulos de ascensores de lujo<\/strong>: A\u00f1ade valor est\u00e9tico a los espacios de transici\u00f3n.<\/li>\n<li><strong>Showrooms de lujo y tiendas insignia<\/strong>: Funciona como un lujoso tel\u00f3n de fondo para una marca de primera calidad.<\/li>\n<\/ul>\n<p>El equipo de dise\u00f1o de Stone Master ofrece una personalizaci\u00f3n total en cuanto a dimensiones, colores y dise\u00f1os para garantizar que cada proyecto sea \u00fanico y se adapte al espacio.<\/p>\n<h2>Directrices para la instalaci\u00f3n y construcci\u00f3n de suelos con incrustaciones de m\u00e1rmol: Conseguir el efecto ideal en el dise\u00f1o de suelos<\/h2>\n<p>Para garantizar un rendimiento y un resultado est\u00e9tico \u00f3ptimos de los suelos de taracea de m\u00e1rmol, recomendamos lo siguiente:<\/p>\n<ul data-spread=\"false\">\n<li><strong>Preparaci\u00f3n de superficies planas<\/strong>: Los subsuelos deben estar nivelados y libres de huecos.<\/li>\n<li><strong>Instalaci\u00f3n profesional<\/strong>: Realizado por marmolistas experimentados.<\/li>\n<li><strong>Alineaci\u00f3n de patrones<\/strong>: Cada secci\u00f3n debe numerarse y colocarse seg\u00fan el plano para garantizar una simetr\u00eda perfecta.<\/li>\n<li><strong>Acabado de cantos<\/strong>: Se recomienda utilizar bordes de m\u00e1rmol a juego para una integraci\u00f3n cohesiva.<\/li>\n<li><strong>Mantenimiento diario sencillo<\/strong>: Limpie con productos de pH neutro y evite los productos qu\u00edmicos \u00e1cidos.<\/li>\n<\/ul>\n<h2>Marble Inlay Floor Design Conclusi\u00f3n: Despertar el espacio con arte, definir el gusto a trav\u00e9s del detalle<\/h2>\n<p>Este suelo con incrustaciones de m\u00e1rmol es m\u00e1s que una superficie: es una declaraci\u00f3n de elegancia y arte de vivir. Transforma cada paso en una experiencia visual, combinando artesan\u00eda con visi\u00f3n art\u00edstica. Los suelos de m\u00e1rmol con incrustaciones de Stone Master redefinen los l\u00edmites del dise\u00f1o de suelos y el arte del m\u00e1rmol, estableciendo un nuevo est\u00e1ndar para los espacios interiores de lujo.<\/p>\n<p>&nbsp;<\/p>","protected":false},"excerpt":{"rendered":"<p>Pavimento de m\u00e1rmol con incrustaciones N\u00famero de art\u00edculo: FLM4G014<\/p>\n<p>M\u00e1rmol Material: Mable, Piedra preciosa. (material puede ser personalizado)<\/p>\n<p>Tama\u00f1o de la incrustaci\u00f3n de m\u00e1rmol a medida: A medida<\/p>\n<p>Dise\u00f1o de m\u00e1rmol: Dise\u00f1os est\u00e1ndar o personalizados<\/p>\n<p>Aplicaci\u00f3n de espacios de lujo: Villas y casas de lujo, hoteles y complejos tur\u00edsticos, espacios comerciales,<\/p>\n<p>Espacios p\u00fablicos, escaleras y pasillos, entradas y vest\u00edbulos,<\/p>\n<p>Clubes de alto nivel y clubes privados, salas de exposiciones y espacios de exhibici\u00f3n,<\/p>\n<p>Boutiques, Museo, Iglesia, Mezquita, etc.<\/p>","protected":false},"featured_media":2190,"template":"","meta":{"_joinchat":[]},"product_brand":[],"product_cat":[21],"product_tag":[],"class_list":{"0":"post-2189","1":"product","2":"type-product","3":"status-publish","4":"has-post-thumbnail","6":"product_cat-contemporary-marble-inlay-flooring","8":"first","9":"instock","10":"shipping-taxable","11":"product-type-simple"},"_links":{"self":[{"href":"https:\/\/www.smmarbleinlay.com\/es\/wp-json\/wp\/v2\/product\/2189","targetHints":{"allow":["GET"]}}],"collection":[{"href":"https:\/\/www.smmarbleinlay.com\/es\/wp-json\/wp\/v2\/product"}],"about":[{"href":"https:\/\/www.smmarbleinlay.com\/es\/wp-json\/wp\/v2\/types\/product"}],"wp:featuredmedia":[{"embeddable":true,"href":"https:\/\/www.smmarbleinlay.com\/es\/wp-json\/wp\/v2\/media\/2190"}],"wp:attachment":[{"href":"https:\/\/www.smmarbleinlay.com\/es\/wp-json\/wp\/v2\/media?parent=2189"}],"wp:term":[{"taxonomy":"product_brand","embeddable":true,"href":"https:\/\/www.smmarbleinlay.com\/es\/wp-json\/wp\/v2\/product_brand?post=2189"},{"taxonomy":"product_cat","embeddable":true,"href":"https:\/\/www.smmarbleinlay.com\/es\/wp-json\/wp\/v2\/product_cat?post=2189"},{"taxonomy":"product_tag","embeddable":true,"href":"https:\/\/www.smmarbleinlay.com\/es\/wp-json\/wp\/v2\/product_tag?post=2189"}],"curies":[{"name":"wp","href":"https:\/\/api.w.org\/{rel}","templated":true}]}}