{"id":2201,"date":"2025-05-27T15:29:36","date_gmt":"2025-05-27T07:29:36","guid":{"rendered":"https:\/\/www.smmarbleinlay.com\/?post_type=product&#038;p=2201"},"modified":"2025-05-27T15:29:36","modified_gmt":"2025-05-27T07:29:36","slug":"marble-mosaic-custom-marble-floor-design-by-stone-master","status":"publish","type":"product","link":"https:\/\/www.smmarbleinlay.com\/es\/producto\/marble-mosaic-custom-marble-floor-design-by-stone-master\/","title":{"rendered":"Mosaico de m\u00e1rmol Dise\u00f1o personalizado de suelos de m\u00e1rmol de Stone Master"},"content":{"rendered":"<h2 data-pm-slice=\"1 1 []\">Mosaico de m\u00e1rmol Ideas de dise\u00f1o de suelos de m\u00e1rmol a medida<\/h2>\n<p data-pm-slice=\"1 1 []\">Descubra la elegancia atemporal del mosaico de m\u00e1rmol artesanal y los suelos de m\u00e1rmol personalizados de Stone Master.<\/p>\n<p>Cada panel de m\u00e1rmol incrustado es una obra maestra, que combina la artesan\u00eda tradicional con materiales de lujo.<\/p>\n<p>Nuestros productos de dise\u00f1o de suelos de m\u00e1rmol se encuentran en la intersecci\u00f3n del patrimonio, el arte y la funcionalidad.<\/p>\n<div>\n<hr \/>\n<\/div>\n<h2 data-pm-slice=\"1 1 []\">Mosaico de m\u00e1rmol Suelo de m\u00e1rmol personalizado: Materiales naturales para incrustaciones de m\u00e1rmol de primera calidad<\/h2>\n<p>En el n\u00facleo de cada creaci\u00f3n de Stone Master se encuentra una extraordinaria selecci\u00f3n de materiales de alta gama.<\/p>\n<p>S\u00f3lo utilizamos m\u00e1rmol natural, piedras semipreciosas ex\u00f3ticas y gemas raras para elaborar cada mosaico de m\u00e1rmol.<\/p>\n<p>Desde Calacatta y Statuario hasta \u00e1gata azul, malaquita y jaspe, todas las piedras se seleccionan a mano por su calidad y car\u00e1cter.<\/p>\n<p>Estos materiales no s\u00f3lo son lujosos, sino tambi\u00e9n duraderos, lo que garantiza una belleza duradera.<\/p>\n<p>El veteado natural de cada losa de m\u00e1rmol a\u00f1ade profundidad e individualidad a cada incrustaci\u00f3n.<\/p>\n<p>A diferencia de los suelos sint\u00e9ticos, la piedra natural emana un aura atemporal que no puede reproducirse.<\/p>\n<p>Cada suelo de m\u00e1rmol a medida comienza como una visi\u00f3n, y luego se transforma en una superficie tangible y elegante bajo las manos de nuestros artesanos.<\/p>\n<p>Nuestros clientes se sienten atra\u00eddos por las texturas org\u00e1nicas y los ricos colores que s\u00f3lo la piedra aut\u00e9ntica puede ofrecer.<\/p>\n<div>\n<hr \/>\n<\/div>\n<h2 data-pm-slice=\"1 1 []\">Mosaico de M\u00e1rmol Suelo de M\u00e1rmol hecho a mano con incrustaciones de M\u00e1rmol Arte de Suelo<\/h2>\n<p>Stone Master contin\u00faa con orgullo la tradici\u00f3n de la taracea artesanal.<\/p>\n<p>Nuestros medallones de suelo de m\u00e1rmol con incrustaciones se fabrican utilizando t\u00e9cnicas cl\u00e1sicas de pietra dura.<\/p>\n<p>Cada pieza de piedra se corta con precisi\u00f3n y se coloca en intrincados patrones para formar un impresionante mosaico de m\u00e1rmol.<\/p>\n<p>Este proceso exige paciencia, precisi\u00f3n y un profundo conocimiento tanto de la geometr\u00eda como del ritmo visual.<\/p>\n<p>Cada incrustaci\u00f3n de azulejos es el resultado de horas de trabajo manual de expertos artesanos.<\/p>\n<p>Utilizando herramientas tradicionales y corte por chorro de agua avanzado cuando es necesario, combinamos lo antiguo y lo nuevo.<\/p>\n<p>El proceso comienza con planos de taller detallados, aprobados por el cliente.<\/p>\n<p>A continuaci\u00f3n, los artesanos cortan el m\u00e1rmol y las piedras preciosas, alineando sus colores y granos.<\/p>\n<p>A continuaci\u00f3n, el medall\u00f3n de m\u00e1rmol del suelo se monta sobre un soporte de malla, listo para su instalaci\u00f3n.<\/p>\n<p>Cada curva y cada l\u00ednea se trazan a mano, garantizando los m\u00e1s altos est\u00e1ndares art\u00edsticos.<\/p>\n<p>Esto hace que nuestro dise\u00f1o de incrustaciones de m\u00e1rmol no sea s\u00f3lo decorativo, sino una forma de arte a ras de suelo.<\/p>\n<div>\n<hr \/>\n<\/div>\n<h2>Patrones art\u00edsticos y armoniosa combinaci\u00f3n de colores<\/h2>\n<p>Nuestras colecciones de incrustaciones de m\u00e1rmol se inspiran en motivos cl\u00e1sicos europeos, motivos florales mogoles y la geometr\u00eda moderna.<\/p>\n<p>El dise\u00f1o de esta pieza presenta un refinado motivo de cenefas con florituras en las esquinas.<\/p>\n<p>La suave base de m\u00e1rmol beige permite que las coloridas incrustaciones destaquen con elegancia.<\/p>\n<p>Los acentos rojos, verdes, azules y dorados est\u00e1n equilibrados para evitar el desorden visual a la vez que realzan el espacio.<\/p>\n<p>La psicolog\u00eda del color y la simetr\u00eda gu\u00edan nuestro proceso creativo.<\/p>\n<p>Cada medall\u00f3n de m\u00e1rmol del suelo debe armonizar con la arquitectura circundante.<\/p>\n<p>Tambi\u00e9n tenemos en cuenta la iluminaci\u00f3n natural, la funcionalidad de la habitaci\u00f3n y la colocaci\u00f3n de los muebles en cada dise\u00f1o.<\/p>\n<p>La personalizaci\u00f3n de la paleta de colores forma parte del servicio, lo que permite a los clientes reflejar su estilo personal.<\/p>\n<p>Tanto si prefiere el encanto antiguo como el minimalismo moderno, adaptamos la incrustaci\u00f3n de azulejos a su gusto.<\/p>\n<div>\n<hr \/>\n<\/div>\n<h2>Escenarios de aplicaci\u00f3n del medall\u00f3n de suelo de m\u00e1rmol<\/h2>\n<p>Nuestros paneles de suelo de m\u00e1rmol a medida son adecuados para una amplia gama de aplicaciones de lujo.<\/p>\n<p>En los grandes vest\u00edbulos, un medall\u00f3n de m\u00e1rmol incrustado se convierte en una declaraci\u00f3n de gusto y prestigio.<\/p>\n<p>En comedores y salones, las cenefas de mosaico de m\u00e1rmol ayudan a definir el espacio con elegancia.<\/p>\n<p>Los pasillos largos o las galer\u00edas cobran vida con incrustaciones de azulejos continuas o repetitivas.<\/p>\n<p>En los hoteles de lujo, estas piezas realzan los vest\u00edbulos de recepci\u00f3n, las salas de banquetes y las suites privadas.<\/p>\n<p>Las boutiques y las salas de exposiciones utilizan el dise\u00f1o del suelo de m\u00e1rmol para crear una atm\u00f3sfera de refinamiento.<\/p>\n<p>En instituciones religiosas o culturales, nuestro trabajo aporta una santidad y una artesan\u00eda intemporales.<\/p>\n<p>Incluso los interiores de yates y jets privados pueden adornarse con paneles de incrustaci\u00f3n de m\u00e1rmol ligeros y en miniatura.<\/p>\n<p>La compatibilidad con la calefacci\u00f3n por suelo radiante y las opciones antideslizantes las hacen funcionales adem\u00e1s de bonitas.<\/p>\n<div>\n<hr \/>\n<\/div>\n<h2>M\u00e1rmol a medida y opciones de incrustaci\u00f3n personalizadas<\/h2>\n<p>En Stone Master, cada proyecto de mosaico de m\u00e1rmol comienza con una conversaci\u00f3n.<\/p>\n<p>Ofrecemos un servicio completo de personalizaci\u00f3n, desde el dise\u00f1o conceptual hasta la entrega final.<\/p>\n<p>Los clientes pueden elegir tipos de piedra, colores, disposici\u00f3n, estilos de bordes e incluso motivos centrales.<\/p>\n<p>Tanto si desea una alfombra floral persa tradicional como una abstracci\u00f3n geom\u00e9trica Art D\u00e9co, nuestro equipo dise\u00f1ar\u00e1 a su medida.<\/p>\n<p>Proporcionamos planos de taller, vistas previas en 3D y muestras de materiales para su aprobaci\u00f3n.<\/p>\n<p>Se fomentan las revisiones m\u00faltiples para garantizar la satisfacci\u00f3n.<\/p>\n<p>Nuestras piezas de medall\u00f3n de m\u00e1rmol para suelos se cortan seg\u00fan las dimensiones exactas de la obra, lo que garantiza un ajuste perfecto.<\/p>\n<p>Podemos adaptar cada dise\u00f1o a diferentes tama\u00f1os: peque\u00f1os medallones de entrada, paneles para habitaciones completas o incluso incrustaciones en la pared.<\/p>\n<p>Tambi\u00e9n se pueden solicitar incrustaciones personalizadas con logotipos o escudos familiares.<\/p>\n<p>Nuestro compromiso con la precisi\u00f3n y la creatividad hace que cada dise\u00f1o con incrustaciones de m\u00e1rmol sea personal y significativo.<\/p>\n<div>\n<hr \/>\n<\/div>\n<h2>Asistencia para la instalaci\u00f3n y el mantenimiento<\/h2>\n<p>Stone Master apoya a sus clientes m\u00e1s all\u00e1 de las fases de dise\u00f1o y producci\u00f3n.<\/p>\n<p>Proporcionamos orientaci\u00f3n para la instalaci\u00f3n, recomendaciones sobre adhesivos y mapas de alineaci\u00f3n.<\/p>\n<p>Para proyectos en el extranjero, nuestros equipos pueden coordinarse con instaladores locales.<\/p>\n<p>Cada pieza viene en un kit etiquetado con diagramas para facilitar su colocaci\u00f3n.<\/p>\n<p>En cuanto a su cuidado, los suelos de mosaico de m\u00e1rmol s\u00f3lo requieren productos de limpieza suaves y con pH neutro.<\/p>\n<p>Le ofrecemos una gu\u00eda completa sobre el mantenimiento y la conservaci\u00f3n a largo plazo de las incrustaciones de m\u00e1rmol.<\/p>\n<p>Con los cuidados adecuados, nuestros suelos de m\u00e1rmol con incrustaciones conservan su elegancia durante d\u00e9cadas.<\/p>\n<div>\n<hr \/>\n<\/div>\n<h2>Por qu\u00e9 elegir Stone Master<\/h2>\n<p>Con m\u00e1s de 25 a\u00f1os de experiencia, Stone Master es l\u00edder mundial en suelos con incrustaciones de m\u00e1rmol.<\/p>\n<p>Miles de proyectos realizados con \u00e9xito en villas, palacios y espacios comerciales dan fe de nuestra experiencia.<\/p>\n<p>Fusionamos las t\u00e9cnicas tradicionales de la pietra dura con la innovaci\u00f3n del dise\u00f1o contempor\u00e1neo.<\/p>\n<p>Nuestras soluciones de m\u00e1rmol a medida est\u00e1n dise\u00f1adas para satisfacer las expectativas m\u00e1s exigentes.<\/p>\n<p>Cuando elige un medall\u00f3n de m\u00e1rmol para suelos Stone Master, no s\u00f3lo est\u00e1 comprando un producto, est\u00e1 invirtiendo en arte.<\/p>\n<p>Experimente lo extraordinario, baldosa a baldosa.<\/p>\n<p>P\u00f3ngase en contacto con Stone Master hoy mismo para comenzar su viaje por el mosaico de m\u00e1rmol.<\/p>","protected":false},"excerpt":{"rendered":"<p>Pavimento de m\u00e1rmol con incrustaciones N\u00famero de art\u00edculo: FL5H015<\/p>\n<p>M\u00e1rmol Material: Mable, Piedra preciosa. (material puede ser personalizado)<\/p>\n<p>Tama\u00f1o de la incrustaci\u00f3n de m\u00e1rmol a medida: A medida<\/p>\n<p>Dise\u00f1o de m\u00e1rmol: Dise\u00f1os est\u00e1ndar o personalizados<\/p>\n<p>Aplicaci\u00f3n de espacios de lujo: Villas y casas de lujo, hoteles y complejos tur\u00edsticos, espacios comerciales,<\/p>\n<p>Espacios p\u00fablicos, escaleras y pasillos, entradas y vest\u00edbulos,<\/p>\n<p>Clubes de alto nivel y clubes privados, salas de exposiciones y espacios de exhibici\u00f3n,<\/p>\n<p>Boutiques, Museo, Iglesia, Mezquita, etc.<\/p>","protected":false},"featured_media":2202,"template":"","meta":{"_joinchat":[]},"product_brand":[],"product_cat":[20],"product_tag":[],"class_list":{"0":"post-2201","1":"product","2":"type-product","3":"status-publish","4":"has-post-thumbnail","6":"product_cat-classic-marble-inlay-flooring","8":"first","9":"instock","10":"shipping-taxable","11":"product-type-simple"},"_links":{"self":[{"href":"https:\/\/www.smmarbleinlay.com\/es\/wp-json\/wp\/v2\/product\/2201","targetHints":{"allow":["GET"]}}],"collection":[{"href":"https:\/\/www.smmarbleinlay.com\/es\/wp-json\/wp\/v2\/product"}],"about":[{"href":"https:\/\/www.smmarbleinlay.com\/es\/wp-json\/wp\/v2\/types\/product"}],"wp:featuredmedia":[{"embeddable":true,"href":"https:\/\/www.smmarbleinlay.com\/es\/wp-json\/wp\/v2\/media\/2202"}],"wp:attachment":[{"href":"https:\/\/www.smmarbleinlay.com\/es\/wp-json\/wp\/v2\/media?parent=2201"}],"wp:term":[{"taxonomy":"product_brand","embeddable":true,"href":"https:\/\/www.smmarbleinlay.com\/es\/wp-json\/wp\/v2\/product_brand?post=2201"},{"taxonomy":"product_cat","embeddable":true,"href":"https:\/\/www.smmarbleinlay.com\/es\/wp-json\/wp\/v2\/product_cat?post=2201"},{"taxonomy":"product_tag","embeddable":true,"href":"https:\/\/www.smmarbleinlay.com\/es\/wp-json\/wp\/v2\/product_tag?post=2201"}],"curies":[{"name":"wp","href":"https:\/\/api.w.org\/{rel}","templated":true}]}}