{"id":2260,"date":"2025-06-27T15:00:29","date_gmt":"2025-06-27T07:00:29","guid":{"rendered":"https:\/\/www.smmarbleinlay.com\/?post_type=product&#038;p=2260"},"modified":"2025-06-20T17:13:08","modified_gmt":"2025-06-20T09:13:08","slug":"marble-inlay-background-wall-decor-lotus-design-for-luxury-villas","status":"publish","type":"product","link":"https:\/\/www.smmarbleinlay.com\/es\/producto\/marble-inlay-background-wall-decor-lotus-design-for-luxury-villas\/","title":{"rendered":"Decoraci\u00f3n de pared con incrustaciones de m\u00e1rmol - Dise\u00f1o Lotus para villas de lujo"},"content":{"rendered":"<h2 data-start=\"367\" data-end=\"448\">Fondo de M\u00e1rmol Decoraci\u00f3n de Pared Pintura Dise\u00f1o Loto<\/h2>\n<p data-start=\"450\" data-end=\"582\">Este exquisito <strong data-start=\"465\" data-end=\"497\">Pared de fondo con incrustaciones de m\u00e1rmol<\/strong> es una fusi\u00f3n atemporal de tradici\u00f3n art\u00edstica oriental y artesan\u00eda occidental de lujo.<\/p>\n<p data-start=\"584\" data-end=\"725\">Dise\u00f1ado inspir\u00e1ndose en las cl\u00e1sicas pinturas chinas a tinta, el motivo del loto est\u00e1 elegantemente representado con motivos naturales. <strong data-start=\"699\" data-end=\"715\">m\u00e1rmol de estilo<\/strong> texturas.<\/p>\n<p data-start=\"727\" data-end=\"858\">Cada pieza es una expresi\u00f3n magistral de <strong data-start=\"767\" data-end=\"788\">Piedra Pietra dura<\/strong> incrustaciones, capturando la belleza et\u00e9rea de las flores, el agua y el movimiento.<\/p>\n<p data-start=\"860\" data-end=\"989\">Es el complemento perfecto para villas de lujo, mansiones, apartamentos de alta gama u hoteles de dise\u00f1o que busquen un elemento mural \u00fanico.<\/p>\n<p><iframe loading=\"lazy\" title=\"Marble Inlay Background Wall Decor Lotus Design Pintura exquisita Marble Inlay background wall\" width=\"1290\" height=\"726\" src=\"https:\/\/www.youtube.com\/embed\/oqryln1VKMs?feature=oembed\" frameborder=\"0\" allow=\"accelerometer; autoplay; clipboard-write; encrypted-media; gyroscope; picture-in-picture; web-share\" referrerpolicy=\"strict-origin-when-cross-origin\" allowfullscreen><\/iframe><\/p>\n<hr data-start=\"991\" data-end=\"994\" \/>\n<h2 data-start=\"996\" data-end=\"1056\">Una obra maestra de la piedra Pietra Dura en la arquitectura moderna<\/h2>\n<p data-start=\"1058\" data-end=\"1164\">Este <strong data-start=\"1063\" data-end=\"1090\">incrustaci\u00f3n de m\u00e1rmol pared de piedra<\/strong> transforma la pintura floral tradicional en un sofisticado mosaico de piedra.<\/p>\n<p data-start=\"1166\" data-end=\"1293\">Utilizando un <strong data-start=\"1182\" data-end=\"1198\">dise\u00f1o de incrustaciones<\/strong>Reproduce las pinceladas de la tinta lavada a trav\u00e9s de la textura y el sombreado del m\u00e1rmol natural.<\/p>\n<p data-start=\"1295\" data-end=\"1442\">Refleja la profunda influencia de <strong data-start=\"1329\" data-end=\"1358\">arte y artesan\u00eda parchinkari<\/strong>donde hist\u00f3ricamente se incrustaban delicadas composiciones florales en las superficies de piedra.<\/p>\n<p data-start=\"1444\" data-end=\"1590\">Al combinar la elegancia espiritual de las flores de loto con la artesan\u00eda en piedra de vanguardia, este panel convierte el arte mural en lujo arquitect\u00f3nico.<\/p>\n<hr data-start=\"1592\" data-end=\"1595\" \/>\n<h3 data-start=\"1597\" data-end=\"1648\">Una sofisticada mezcla de materiales y t\u00e9cnicas<\/h3>\n<p data-start=\"1650\" data-end=\"1765\">Este <strong data-start=\"1655\" data-end=\"1682\">Panel mural con incrustaciones de m\u00e1rmol<\/strong> se crea mediante una meticulosa <strong data-start=\"1713\" data-end=\"1727\">trabajo de incrustaci\u00f3n<\/strong> utilizando piezas de m\u00e1rmol fino cortadas a mano.<\/p>\n<p data-start=\"1767\" data-end=\"1866\">Cada veta y p\u00e9talo est\u00e1 tallado en distintos tipos de piedra para reflejar sutiles gradaciones de tono y matiz.<\/p>\n<p data-start=\"1868\" data-end=\"1979\">El contraste de tonos gris oscuro, blanco, rosa rubor, beige y azul crea un efecto visual vivo pero tranquilo.<\/p>\n<p data-start=\"1981\" data-end=\"2128\">Todos los materiales se seleccionan a partir de <strong data-start=\"2026\" data-end=\"2042\">m\u00e1rmol de estilo<\/strong>Entre ellos, m\u00e1rmol negro de primera calidad, blanco de Carrara, jade claro y piedra caliza beige suave.<\/p>\n<p data-start=\"2130\" data-end=\"2233\">No se trata de una imagen impresa, sino de una aut\u00e9ntica pintura en piedra, elaborada con precisi\u00f3n e intenci\u00f3n art\u00edstica.<\/p>\n<hr data-start=\"2235\" data-end=\"2238\" \/>\n<h2 data-start=\"2240\" data-end=\"2292\">Ideal para paredes de TV, entradas y paneles de pasillo<\/h2>\n<p data-start=\"2294\" data-end=\"2392\">Este <strong data-start=\"2299\" data-end=\"2331\">pared de fondo con incrustaciones de m\u00e1rmol<\/strong> es ideal como elemento decorativo detr\u00e1s de los televisores de las villas de lujo.<\/p>\n<p data-start=\"2394\" data-end=\"2491\">En zonas de entrada o vest\u00edbulos, crea una impresi\u00f3n inmediata de refinamiento y profundidad cultural.<\/p>\n<p data-start=\"2493\" data-end=\"2606\">Cuando se utiliza como <strong data-start=\"2508\" data-end=\"2535\">incrustaci\u00f3n de m\u00e1rmol pared de piedra<\/strong> en pasillos, aporta ritmo art\u00edstico y fluidez a los espacios de transici\u00f3n.<\/p>\n<p data-start=\"2608\" data-end=\"2716\">Tambi\u00e9n realza la elegancia de los comedores, creando un ambiente tranquilo y sofisticado durante las reuniones.<\/p>\n<p data-start=\"2718\" data-end=\"2825\">La pieza habla con suavidad, pero con fuerza, de los valores del patrimonio, la belleza y la armon\u00eda en el dise\u00f1o de interiores.<\/p>\n<hr data-start=\"2827\" data-end=\"2830\" \/>\n<h3 data-start=\"2832\" data-end=\"2874\">Est\u00e9tica del lavado de tinta mediante incrustaciones<\/h3>\n<p data-start=\"2876\" data-end=\"2976\">Inspirado en las pinturas cl\u00e1sicas chinas con tinta, el dise\u00f1o del loto transmite quietud po\u00e9tica y vitalidad.<\/p>\n<p data-start=\"2978\" data-end=\"3068\">El uso de <strong data-start=\"2989\" data-end=\"3003\">trabajo de incrustaci\u00f3n<\/strong> alcanzar este nivel de detalle es una marca de verdadera artesan\u00eda.<\/p>\n<p data-start=\"3070\" data-end=\"3153\">Capta el esp\u00edritu del agua, el aire y la naturaleza sin utilizar pincel ni pintura.<\/p>\n<p data-start=\"3155\" data-end=\"3258\">Cada p\u00e9talo, hoja y tallo fluye con un movimiento que refleja la t\u00e9cnica tradicional de pincelada a mano alzada.<\/p>\n<p data-start=\"3260\" data-end=\"3352\">La belleza reside en la ilusi\u00f3n de espontaneidad, magistralmente planeada y ejecutada con piedra.<\/p>\n<hr data-start=\"3354\" data-end=\"3357\" \/>\n<h2 data-start=\"3359\" data-end=\"3400\">El lenguaje del loto en el arte y el espacio<\/h2>\n<p data-start=\"3402\" data-end=\"3490\">Las flores de loto tienen un profundo significado simb\u00f3lico en la cultura oriental: pureza, renacimiento y sabidur\u00eda.<\/p>\n<p data-start=\"3492\" data-end=\"3614\">Utilizando <strong data-start=\"3501\" data-end=\"3522\">Piedra Pietra dura<\/strong> para representar estos elementos simb\u00f3licos, el panel transforma las ideas espirituales en forma f\u00edsica.<\/p>\n<p data-start=\"3616\" data-end=\"3711\">Es m\u00e1s que decoraci\u00f3n: se convierte en un objeto contemplativo que enriquece la energ\u00eda de la habitaci\u00f3n.<\/p>\n<p data-start=\"3713\" data-end=\"3828\">Este simb\u00f3lico <strong data-start=\"3727\" data-end=\"3754\">Panel mural con incrustaciones de m\u00e1rmol<\/strong> es especialmente significativo para entradas, salas de meditaci\u00f3n o salones de t\u00e9.<\/p>\n<p data-start=\"3830\" data-end=\"3921\">El dise\u00f1o honra discretamente la tradici\u00f3n a la vez que la presenta a trav\u00e9s de un medio moderno y lujoso.<\/p>\n<hr data-start=\"3923\" data-end=\"3926\" \/>\n<h3 data-start=\"3928\" data-end=\"3979\">Combinaci\u00f3n de colores naturales y minimalismo moderno<\/h3>\n<p data-start=\"3981\" data-end=\"4079\">Esta pieza muestra c\u00f3mo <strong data-start=\"4006\" data-end=\"4022\">m\u00e1rmol de estilo<\/strong> puede introducir la naturaleza en el hogar de forma sutil y minimalista.<\/p>\n<p data-start=\"4081\" data-end=\"4182\">No se utilizan tintes ni pinturas artificiales: cada tono se crea a partir de piedra natural cuidadosamente extra\u00edda.<\/p>\n<p data-start=\"4184\" data-end=\"4279\">El m\u00e1rmol rosa claro forma delicadas flores, mientras que la piedra gris suave sugiere sombras y contornos.<\/p>\n<p data-start=\"4281\" data-end=\"4371\">El fondo suele ser de m\u00e1rmol p\u00e1lido de color marfil o arena para imitar el papel de arroz.<\/p>\n<p data-start=\"4373\" data-end=\"4465\">Esto crea la sensaci\u00f3n de una pintura mural en piedra: refinada, equilibrada y eternamente fresca.<\/p>\n<hr data-start=\"4467\" data-end=\"4470\" \/>\n<h2 data-start=\"4472\" data-end=\"4514\">El legado del arte y la artesan\u00eda Parchinkari<\/h2>\n<p data-start=\"4516\" data-end=\"4643\">Este <strong data-start=\"4521\" data-end=\"4537\">dise\u00f1o de incrustaciones<\/strong> tiene sus ra\u00edces en el antiguo arte de <strong data-start=\"4570\" data-end=\"4585\">parchinkari<\/strong>desarrollado en la India y perfeccionado en la arquitectura mogol.<\/p>\n<p data-start=\"4645\" data-end=\"4760\">Parchinkari es la tradici\u00f3n de utilizar piedras preciosas y semipreciosas para formar im\u00e1genes pict\u00f3ricas en superficies de piedra.<\/p>\n<p data-start=\"4762\" data-end=\"4882\">Aunque tradicionalmente se ha aplicado a encimeras, suelos y tumbas, Stone Master ha modernizado la forma para superficies verticales.<\/p>\n<p data-start=\"4884\" data-end=\"5003\">Este <strong data-start=\"4889\" data-end=\"4921\">pared de fondo con incrustaciones de m\u00e1rmol<\/strong> celebra ese legado con un tema floral chino reinterpretado en clave contempor\u00e1nea.<\/p>\n<p data-start=\"5005\" data-end=\"5110\">Es una conversaci\u00f3n entre culturas: artesan\u00eda india, arte chino y dise\u00f1o de interiores global.<\/p>\n<hr data-start=\"5112\" data-end=\"5115\" \/>\n<h3 data-start=\"5117\" data-end=\"5155\">Precisi\u00f3n en cada detalle<\/h3>\n<p data-start=\"5157\" data-end=\"5264\">Los artesanos utilizan el corte por chorro de agua y el recorte a mano para lograr una precisi\u00f3n de trazo fino en cada fragmento de m\u00e1rmol.<\/p>\n<p data-start=\"5266\" data-end=\"5392\">Los p\u00e9talos se curvan cuidadosamente, las hojas se sombrean con piedras degradadas y las venas se recrean con finas tiras de lat\u00f3n o piedra.<\/p>\n<p data-start=\"5394\" data-end=\"5500\">El resultado es un flujo continuo a trav\u00e9s de la superficie: ninguna pieza interrumpe el movimiento de la composici\u00f3n.<\/p>\n<p data-start=\"5502\" data-end=\"5612\">Todos los componentes del <strong data-start=\"5524\" data-end=\"5538\">trabajo de incrustaci\u00f3n<\/strong> se montan sobre un soporte r\u00edgido para un transporte seguro y una instalaci\u00f3n sencilla.<\/p>\n<p data-start=\"5614\" data-end=\"5726\">La superficie final se pule o bru\u00f1e, seg\u00fan el acabado deseado: mate para la elegancia, brillante para la vivacidad.<\/p>\n<hr data-start=\"5728\" data-end=\"5731\" \/>\n<h2 data-start=\"5733\" data-end=\"5774\">Aplicaciones flexibles y tama\u00f1os personalizados<\/h2>\n<p data-start=\"5776\" data-end=\"5889\">Este <strong data-start=\"5781\" data-end=\"5808\">Panel mural con incrustaciones de m\u00e1rmol<\/strong> es muy vers\u00e1til y puede instalarse como pieza \u00fanica o como parte de un mural m\u00e1s grande.<\/p>\n<p data-start=\"5891\" data-end=\"6003\">Es adecuado para interiores residenciales, vest\u00edbulos de hoteles, entradas de balnearios, museos privados y escaparates de boutiques.<\/p>\n<p data-start=\"6005\" data-end=\"6127\">El dise\u00f1o es escalable: podemos ajustar el patr\u00f3n para que se adapte a paneles de 600x1200 mm o murales murales de m\u00e1s de 3 metros de altura.<\/p>\n<p data-start=\"6129\" data-end=\"6238\">Stone Master ofrece servicios completos de personalizaci\u00f3n para ajustar los tipos de piedra, los colores, la disposici\u00f3n o el tema.<\/p>\n<p data-start=\"6240\" data-end=\"6345\">Tanto si desea un panel floral sencillo como uno completo <strong data-start=\"6289\" data-end=\"6316\">incrustaci\u00f3n de m\u00e1rmol pared de piedra<\/strong>Ofrecemos lujo a medida.<\/p>\n<hr data-start=\"6347\" data-end=\"6350\" \/>\n<h3 data-start=\"6352\" data-end=\"6402\">Duradero, sostenible y de f\u00e1cil mantenimiento<\/h3>\n<p data-start=\"6404\" data-end=\"6492\">El panel est\u00e1 fabricado \u00edntegramente con piedra natural: sostenible, reciclable y duradero.<\/p>\n<p data-start=\"6494\" data-end=\"6592\">Stone Master utiliza envases ecol\u00f3gicos y evita los adhesivos sint\u00e9ticos en la mayor\u00eda de las fases de producci\u00f3n.<\/p>\n<p data-start=\"6594\" data-end=\"6687\">El panel es f\u00e1cil de limpiar y mantener; pas\u00e1ndole peri\u00f3dicamente un pa\u00f1o h\u00famedo se mantiene impoluto.<\/p>\n<p data-start=\"6689\" data-end=\"6790\">A diferencia del papel pintado o la pintura, no se decolora, descascarilla ni estropea con la humedad o los cambios de temperatura.<\/p>\n<p data-start=\"6792\" data-end=\"6892\">Esto garantiza que su <strong data-start=\"6810\" data-end=\"6842\">pared de fondo con incrustaciones de m\u00e1rmol<\/strong> sigue siendo un elemento hereditario de su hogar.<\/p>\n<hr data-start=\"6894\" data-end=\"6897\" \/>\n<h2 data-start=\"6899\" data-end=\"6939\">\u00bfPor qu\u00e9 elegir un panel mural con incrustaciones de m\u00e1rmol?<\/h2>\n<p data-start=\"6941\" data-end=\"7027\">Es m\u00e1s que una pieza decorativa: es una obra de arte incrustada en la arquitectura.<\/p>\n<p data-start=\"7029\" data-end=\"7136\">En <strong data-start=\"7033\" data-end=\"7047\">trabajo de incrustaci\u00f3n<\/strong> transforma la piedra natural en pinceladas, creando un interior \u00fanico.<\/p>\n<p data-start=\"7138\" data-end=\"7236\">Le conecta con siglos de artesan\u00eda mundial, desde el Taj Mahal hasta las pinturas de la dinast\u00eda Song.<\/p>\n<p data-start=\"7238\" data-end=\"7317\">El uso de <strong data-start=\"7249\" data-end=\"7270\">Piedra Pietra dura<\/strong> aporta belleza natural a los espacios modernos de lujo.<\/p>\n<p data-start=\"7319\" data-end=\"7425\">Es una opci\u00f3n ideal para propietarios de viviendas, arquitectos y dise\u00f1adores de interiores que valoran el arte y la durabilidad.<\/p>\n<hr data-start=\"7427\" data-end=\"7430\" \/>\n<h3 data-start=\"7432\" data-end=\"7474\">Una declaraci\u00f3n de sofisticaci\u00f3n cultural<\/h3>\n<p data-start=\"7476\" data-end=\"7575\">Cuando los invitados entran en una casa con este <strong data-start=\"7511\" data-end=\"7538\">incrustaci\u00f3n de m\u00e1rmol pared de piedra<\/strong>No s\u00f3lo ven lujo, sino profundidad.<\/p>\n<p data-start=\"7577\" data-end=\"7660\">Refleja el aprecio por la artesan\u00eda, por el arte asi\u00e1tico y por el dise\u00f1o raro y significativo.<\/p>\n<p data-start=\"7662\" data-end=\"7763\">A diferencia de los paneles producidos en serie, cada pieza se fabrica a mano, se dise\u00f1a individualmente y su n\u00famero es limitado.<\/p>\n<p data-start=\"7765\" data-end=\"7872\">A\u00f1adir un <strong data-start=\"7774\" data-end=\"7806\">Pared de fondo con incrustaciones de m\u00e1rmol<\/strong> muestra un compromiso con la est\u00e9tica atemporal y la integridad art\u00edstica.<\/p>\n<p data-start=\"7874\" data-end=\"7953\">A\u00f1ade prestigio a su propiedad y eleva todos los detalles interiores que la rodean.<\/p>\n<hr data-start=\"7955\" data-end=\"7958\" \/>\n<h2 data-start=\"7960\" data-end=\"8014\">Conclusi\u00f3n: El encuentro de la tradici\u00f3n con el arte arquitect\u00f3nico<\/h2>\n<p data-start=\"8016\" data-end=\"8143\">Este <strong data-start=\"8021\" data-end=\"8048\">Panel mural con incrustaciones de m\u00e1rmol<\/strong> es la perfecta convergencia de la pintura antigua, el material natural y la moderna tecnolog\u00eda de incrustaci\u00f3n.<\/p>\n<p data-start=\"8145\" data-end=\"8242\">A trav\u00e9s de <strong data-start=\"8153\" data-end=\"8182\">arte y artesan\u00eda parchinkari<\/strong>El panel da forma f\u00edsica a la narraci\u00f3n y al simbolismo.<\/p>\n<p data-start=\"8244\" data-end=\"8334\">Invita a la armon\u00eda, el equilibrio y la paz en los espacios donde la gente vive, se re\u00fane y reflexiona.<\/p>\n<p data-start=\"8336\" data-end=\"8470\">El uso de <strong data-start=\"8347\" data-end=\"8363\">m\u00e1rmol de estilo<\/strong>creativo <strong data-start=\"8374\" data-end=\"8390\">dise\u00f1o de incrustaciones<\/strong>y experto <strong data-start=\"8403\" data-end=\"8417\">trabajo de incrustaci\u00f3n<\/strong> garantiza un producto a la vez po\u00e9tico y pr\u00e1ctico.<\/p>\n<p data-start=\"8472\" data-end=\"8580\">Stone Master se enorgullece de ofrecer esta pared con motivos de loto como celebraci\u00f3n del legado art\u00edstico y el lujo futuro.<\/p>","protected":false},"excerpt":{"rendered":"<p><strong>N\u00famero de art\u00edculo: <\/strong>WA4G012<\/p>\n<p><strong>Material:<\/strong>\u00a0M\u00e1rmol, piedra preciosa. (incrustaci\u00f3n de m\u00e1rmol panel de pared material puede ser personalizado)<\/p>\n<p><strong>Tama\u00f1o:<\/strong>\u00a0Tama\u00f1o a medida de cualquier decoraci\u00f3n de pared con incrustaciones de m\u00e1rmol<\/p>\n<p><strong>Dise\u00f1o:<\/strong>\u00a0Dise\u00f1os de incrustaciones de m\u00e1rmol est\u00e1ndar o personalizados<\/p>\n<p><strong>Aplicaci\u00f3n:<\/strong>\u00a0Villas y casas de lujo, hoteles y complejos tur\u00edsticos, espacios comerciales,<\/p>\n<p>Sala de estar, Panel de pared destacado, Decoraci\u00f3n de pared, Arte de pared con incrustaciones, Arte de pared en piedra,<\/p>\n<p>Espacios p\u00fablicos, entrada y vest\u00edbulo, clubes de alto nivel y clubes privados,<\/p>\n<p>Salas de exposiciones, boutiques, museos, iglesias, mezquitas, etc.<\/p>","protected":false},"featured_media":2261,"template":"","meta":{"_joinchat":[]},"product_brand":[],"product_cat":[22],"product_tag":[],"class_list":{"0":"post-2260","1":"product","2":"type-product","3":"status-publish","4":"has-post-thumbnail","6":"product_cat-marble-inlay-wall-decor","8":"first","9":"instock","10":"shipping-taxable","11":"product-type-simple"},"_links":{"self":[{"href":"https:\/\/www.smmarbleinlay.com\/es\/wp-json\/wp\/v2\/product\/2260","targetHints":{"allow":["GET"]}}],"collection":[{"href":"https:\/\/www.smmarbleinlay.com\/es\/wp-json\/wp\/v2\/product"}],"about":[{"href":"https:\/\/www.smmarbleinlay.com\/es\/wp-json\/wp\/v2\/types\/product"}],"wp:featuredmedia":[{"embeddable":true,"href":"https:\/\/www.smmarbleinlay.com\/es\/wp-json\/wp\/v2\/media\/2261"}],"wp:attachment":[{"href":"https:\/\/www.smmarbleinlay.com\/es\/wp-json\/wp\/v2\/media?parent=2260"}],"wp:term":[{"taxonomy":"product_brand","embeddable":true,"href":"https:\/\/www.smmarbleinlay.com\/es\/wp-json\/wp\/v2\/product_brand?post=2260"},{"taxonomy":"product_cat","embeddable":true,"href":"https:\/\/www.smmarbleinlay.com\/es\/wp-json\/wp\/v2\/product_cat?post=2260"},{"taxonomy":"product_tag","embeddable":true,"href":"https:\/\/www.smmarbleinlay.com\/es\/wp-json\/wp\/v2\/product_tag?post=2260"}],"curies":[{"name":"wp","href":"https:\/\/api.w.org\/{rel}","templated":true}]}}