{"id":766,"date":"2025-03-11T10:51:46","date_gmt":"2025-03-11T02:51:46","guid":{"rendered":"https:\/\/www.smmarbleinlay.com\/?post_type=product&#038;p=766"},"modified":"2025-04-09T15:26:44","modified_gmt":"2025-04-09T07:26:44","slug":"luxurious-marble-inlay-stone-wall-with-scenic-landscape-design","status":"publish","type":"product","link":"https:\/\/www.smmarbleinlay.com\/es\/producto\/luxurious-marble-inlay-stone-wall-with-scenic-landscape-design\/","title":{"rendered":"Lujoso muro de piedra con incrustaciones de m\u00e1rmol y dise\u00f1o paisaj\u00edstico"},"content":{"rendered":"<h2>Lujoso muro de piedra con incrustaciones de m\u00e1rmol y dise\u00f1o paisaj\u00edstico<\/h2>\n<p>Este muro de piedra con incrustaciones de m\u00e1rmol es una impresionante fusi\u00f3n de arte y artesan\u00eda, que muestra una majestuosa cascada y un paisaje de monta\u00f1a.<\/p>\n<p>Inspirado en las pinturas tradicionales chinas con tinta, su dise\u00f1o evoca armon\u00eda, tranquilidad y grandeza, lo que lo convierte en un complemento exquisito para interiores de alta gama.<\/p>\n<h2>Dise\u00f1o y composici\u00f3n de colores para la decoraci\u00f3n de paredes<\/h2>\n<ul>\n<li>Material: M\u00e1rmol natural de primera calidad<\/li>\n<li>Paleta de colores: Una armoniosa mezcla de marrones terrosos, beige suave, dorado c\u00e1lido, verde exuberante y blanco marfil, que crea una est\u00e9tica natural y org\u00e1nica.<\/li>\n<li>Dise\u00f1o: El paisaje de la cascada transmite una sensaci\u00f3n de movimiento y vitalidad, enriquecida con monta\u00f1as detalladas, agua que fluye, un sol naciente y p\u00e1jaros que se elevan.<\/li>\n<li>Artesan\u00eda: Trabajo de incrustaci\u00f3n de precisi\u00f3n mediante chorro de agua, que garantiza una composici\u00f3n perfecta e intrincada.<\/li>\n<\/ul>\n<h2>Aplicaciones ideales de las incrustaciones de m\u00e1rmol en la pared<\/h2>\n<ul>\n<li>Salones y salas de estar de lujo: Una pieza que realza la sofisticaci\u00f3n<\/li>\n<li>Vest\u00edbulos de hoteles y \u00e1reas de recepci\u00f3n: Eleva el ambiente con un toque art\u00edstico<\/li>\n<li>Villas y mansiones exclusivas: Perfectas para crear un interior opulento<\/li>\n<li>Espacios culturales y espirituales: A\u00f1ade una sensaci\u00f3n de serenidad y elegancia<\/li>\n<li>Boutiques y tiendas de lujo: Un refinado tel\u00f3n de fondo para la marca premium<\/li>\n<\/ul>\n<p>Este dise\u00f1o de incrustaciones muestra el arte y las t\u00e9cnicas artesanales parchinkari, garantizando un elemento de m\u00e1rmol de estilo atemporal y elegante.<\/p>\n<p>Es una elecci\u00f3n excepcional para quienes buscan un equilibrio perfecto entre arte, naturaleza y lujo en el dise\u00f1o de interiores.<\/p>\n<p>Palabras clave del producto<\/p>\n<p>dise\u00f1o de taracea | trabajo de taracea | estilo m\u00e1rmol | arte y artesan\u00eda parchinkari | taracea m\u00e1rmol pared de piedra<\/p>","protected":false},"excerpt":{"rendered":"<div class=\"wp-block-stackable-text stk-block-text stk-block stk-4a35510\" data-block-id=\"4a35510\">\n<p><strong>N\u00famero de art\u00edculo: <\/strong>WA4G001<\/p>\n<p><strong>Material:<\/strong>\u00a0M\u00e1rmol, piedra preciosa. (incrustaci\u00f3n de m\u00e1rmol panel de pared material puede ser personalizado)<\/p>\n<p><strong>Tama\u00f1o:<\/strong>\u00a0Tama\u00f1o a medida de cualquier decoraci\u00f3n de pared con incrustaciones de m\u00e1rmol<\/p>\n<p><strong>Dise\u00f1o:<\/strong>\u00a0Dise\u00f1os de incrustaciones de m\u00e1rmol est\u00e1ndar o personalizados<\/p>\n<p><strong>Aplicaci\u00f3n:<\/strong>\u00a0Villas y casas de lujo, hoteles y complejos tur\u00edsticos, espacios comerciales,<\/p>\n<p>Sala de estar, Panel de pared destacado, Decoraci\u00f3n de pared, Arte de pared con incrustaciones, Arte de pared en piedra,<\/p>\n<p>Espacios p\u00fablicos, entrada y vest\u00edbulo, clubes de alto nivel y clubes privados,<\/p>\n<p>Salas de exposiciones, boutiques, museos, iglesias, mezquitas, etc.<\/p>\n<\/div>","protected":false},"featured_media":1448,"template":"","meta":{"_joinchat":[]},"product_brand":[],"product_cat":[22],"product_tag":[],"class_list":{"0":"post-766","1":"product","2":"type-product","3":"status-publish","4":"has-post-thumbnail","6":"product_cat-marble-inlay-wall-decor","8":"first","9":"instock","10":"shipping-taxable","11":"product-type-simple"},"_links":{"self":[{"href":"https:\/\/www.smmarbleinlay.com\/es\/wp-json\/wp\/v2\/product\/766","targetHints":{"allow":["GET"]}}],"collection":[{"href":"https:\/\/www.smmarbleinlay.com\/es\/wp-json\/wp\/v2\/product"}],"about":[{"href":"https:\/\/www.smmarbleinlay.com\/es\/wp-json\/wp\/v2\/types\/product"}],"wp:featuredmedia":[{"embeddable":true,"href":"https:\/\/www.smmarbleinlay.com\/es\/wp-json\/wp\/v2\/media\/1448"}],"wp:attachment":[{"href":"https:\/\/www.smmarbleinlay.com\/es\/wp-json\/wp\/v2\/media?parent=766"}],"wp:term":[{"taxonomy":"product_brand","embeddable":true,"href":"https:\/\/www.smmarbleinlay.com\/es\/wp-json\/wp\/v2\/product_brand?post=766"},{"taxonomy":"product_cat","embeddable":true,"href":"https:\/\/www.smmarbleinlay.com\/es\/wp-json\/wp\/v2\/product_cat?post=766"},{"taxonomy":"product_tag","embeddable":true,"href":"https:\/\/www.smmarbleinlay.com\/es\/wp-json\/wp\/v2\/product_tag?post=766"}],"curies":[{"name":"wp","href":"https:\/\/api.w.org\/{rel}","templated":true}]}}