{"id":1130,"date":"2025-03-24T15:32:22","date_gmt":"2025-03-24T07:32:22","guid":{"rendered":"https:\/\/www.smmarbleinlay.com\/?post_type=product&#038;p=1130"},"modified":"2025-04-10T14:59:21","modified_gmt":"2025-04-10T06:59:21","slug":"exquisite-classic-marble-design-medallion-flooring","status":"publish","type":"product","link":"https:\/\/www.smmarbleinlay.com\/fr\/produit\/exquisite-classic-marble-design-medallion-flooring\/","title":{"rendered":"Exquisite Classic Marble Design Medallion Flooring (rev\u00eatement de sol en m\u00e9daillon)"},"content":{"rendered":"<h2>Rev\u00eatement de sol exquis en marbre classique avec incrustation de m\u00e9daillon - Un chef-d'\u0153uvre intemporel<\/h2>\n<p>Ce m\u00e9daillon de sol en marqueterie de marbre incarne l'essence du marbre europ\u00e9en classique de luxe, avec un motif Pietra dure complexe qui rehausse la grandeur de n'importe quel espace.<\/p>\n<p>Le m\u00e9lange harmonieux de motifs floraux, de volutes et de g\u00e9om\u00e9trie sym\u00e9trique refl\u00e8te une \u00e9poque d'opulence, ce qui fait de ce marbre un choix id\u00e9al pour les villas de luxe, les r\u00e9sidences haut de gamme et les int\u00e9rieurs palatiaux.<\/p>\n<h2>Mat\u00e9riaux en marbre et pierres pr\u00e9cieuses de premi\u00e8re qualit\u00e9<\/h2>\n<p>Fabriqu\u00e9e \u00e0 partir d'une combinaison de marbre, de pierres pr\u00e9cieuses et de laiton de haute qualit\u00e9, cette pi\u00e8ce d'incrustation au sol respire la durabilit\u00e9 et le raffinement.<\/p>\n<p>Les veines naturelles et la finition polie du marbre ajoutent de la profondeur et de l'\u00e9l\u00e9gance, tandis que les pierres pr\u00e9cieuses ench\u00e2ss\u00e9es rehaussent son \u00e9clat.<\/p>\n<p>L'utilisation d'incrustations en laiton rehausse encore la richesse du motif, garantissant sa long\u00e9vit\u00e9 et sa r\u00e9sistance \u00e0 l'usure.<\/p>\n<h2>Palette de couleurs pour un design de marbre \u00e9l\u00e9gant pour une beaut\u00e9 intemporelle<\/h2>\n<p>Le m\u00e9daillon du sol pr\u00e9sente une palette de couleurs douces mais royales, avec de l'or chaud, du blanc ivoire et des touches subtiles d'orange et de vert.<\/p>\n<p>Ces teintes cr\u00e9ent non seulement une ambiance accueillante, mais s'accordent \u00e9galement avec un large \u00e9ventail de styles d'int\u00e9rieur, du n\u00e9oclassique au luxe contemporain.<\/p>\n<p>La finition brillante de la surface en marbre refl\u00e8te la lumi\u00e8re naturelle, amplifiant la beaut\u00e9 de l'espace.<\/p>\n<h2>Grandes qualit\u00e9s esth\u00e9tiques et fonctionnelles<\/h2>\n<p>Au-del\u00e0 de son attrait artistique, ce design en marbre contribue \u00e0 la grandeur spatiale des entr\u00e9es, des foyers et des salons.<\/p>\n<p>Le m\u00e9daillon en carreaux est une pi\u00e8ce ma\u00eetresse qui attire l'attention sur l'\u00e9l\u00e9gance architecturale de l'int\u00e9rieur.<\/p>\n<p>Son motif sym\u00e9trique de m\u00e9daillon en mosa\u00efque cr\u00e9e un sentiment d'harmonie et d'\u00e9quilibre, ce qui en fait un compl\u00e9ment parfait pour les espaces qui exigent de la sophistication.<\/p>\n<h2>Une application polyvalente pour des espaces luxueux<\/h2>\n<p>Ce m\u00e9daillon de sol en mosa\u00efque de marbre est id\u00e9al pour les entr\u00e9es, les grands halls, les halls d'h\u00f4tel, les salles de bal et les r\u00e9sidences palatiales.<\/p>\n<p>Il s'int\u00e8gre parfaitement aux sols en marbre, aux m\u00e9daillons en pierre et aux agencements de sols personnalis\u00e9s, ce qui en fait un choix polyvalent pour ceux qui recherchent une d\u00e9claration de luxe sur mesure.<\/p>\n<h2>Services d'adaptation et de personnalisation<\/h2>\n<p>Stone Master offre des options de personnalisation compl\u00e8tes, permettant aux clients d'adapter la taille, les couleurs et les mat\u00e9riaux en fonction des exigences sp\u00e9cifiques de leur projet.<\/p>\n<p>Que vous souhaitiez une incrustation de sol unique pour votre foyer ou un m\u00e9daillon de marbre orn\u00e9 pour un espace commercial, nos artisans experts donnent vie \u00e0 votre vision gr\u00e2ce \u00e0 un travail de pr\u00e9cision et \u00e0 des mat\u00e9riaux de premi\u00e8re qualit\u00e9.<\/p>","protected":false},"excerpt":{"rendered":"<p><strong><b>Num\u00e9ro d'article : <\/b><\/strong>FL7J001<\/p>\n<p><strong><b>Mat\u00e9riau :<\/b><\/strong>\u00a0Mable, pierre pr\u00e9cieuse. (les mat\u00e9riaux peuvent \u00eatre personnalis\u00e9s)<\/p>\n<p><strong><b>Taille :<\/b><\/strong>\u00a0Taille sur mesure<\/p>\n<p><strong><b>Conception :<\/b><\/strong>\u00a0Mod\u00e8les standard ou personnalis\u00e9s<\/p>\n<p><strong>Application :<\/strong>\u00a0Villas et maisons de luxe, h\u00f4tels et centres de vill\u00e9giature, espaces commerciaux,<\/p>\n<p>Espaces publics, escaliers et couloirs, entr\u00e9es et foyers, sols en Pietra Dura Art,<\/p>\n<p>Clubs haut de gamme et clubs priv\u00e9s, salles d'exposition,<\/p>\n<p>Boutiques, mus\u00e9e, \u00e9glise, mosqu\u00e9e, etc.<\/p>","protected":false},"featured_media":1179,"template":"","meta":{"_joinchat":[]},"product_brand":[],"product_cat":[20],"product_tag":[],"class_list":{"0":"post-1130","1":"product","2":"type-product","3":"status-publish","4":"has-post-thumbnail","6":"product_cat-classic-marble-inlay-flooring","8":"first","9":"instock","10":"shipping-taxable","11":"product-type-simple"},"_links":{"self":[{"href":"https:\/\/www.smmarbleinlay.com\/fr\/wp-json\/wp\/v2\/product\/1130","targetHints":{"allow":["GET"]}}],"collection":[{"href":"https:\/\/www.smmarbleinlay.com\/fr\/wp-json\/wp\/v2\/product"}],"about":[{"href":"https:\/\/www.smmarbleinlay.com\/fr\/wp-json\/wp\/v2\/types\/product"}],"wp:featuredmedia":[{"embeddable":true,"href":"https:\/\/www.smmarbleinlay.com\/fr\/wp-json\/wp\/v2\/media\/1179"}],"wp:attachment":[{"href":"https:\/\/www.smmarbleinlay.com\/fr\/wp-json\/wp\/v2\/media?parent=1130"}],"wp:term":[{"taxonomy":"product_brand","embeddable":true,"href":"https:\/\/www.smmarbleinlay.com\/fr\/wp-json\/wp\/v2\/product_brand?post=1130"},{"taxonomy":"product_cat","embeddable":true,"href":"https:\/\/www.smmarbleinlay.com\/fr\/wp-json\/wp\/v2\/product_cat?post=1130"},{"taxonomy":"product_tag","embeddable":true,"href":"https:\/\/www.smmarbleinlay.com\/fr\/wp-json\/wp\/v2\/product_tag?post=1130"}],"curies":[{"name":"wp","href":"https:\/\/api.w.org\/{rel}","templated":true}]}}