{"id":1131,"date":"2025-03-24T15:33:28","date_gmt":"2025-03-24T07:33:28","guid":{"rendered":"https:\/\/www.smmarbleinlay.com\/?post_type=product&#038;p=1131"},"modified":"2025-04-10T14:54:01","modified_gmt":"2025-04-10T06:54:01","slug":"grand-pietra-dure-marble-inlay-flooring","status":"publish","type":"product","link":"https:\/\/www.smmarbleinlay.com\/fr\/produit\/grand-pietra-dure-marble-inlay-flooring\/","title":{"rendered":"Rev\u00eatement de sol en marqueterie de marbre Grand Pietra Dure"},"content":{"rendered":"<h2>L'\u00e9l\u00e9gance raffin\u00e9e des rev\u00eatements de sol en marqueterie de marbre Grand Pietra Dure<\/h2>\n<p>Ce rev\u00eatement de sol en marqueterie de marbre Pietra Dure exquise refl\u00e8te la sophistication de l'art classique europ\u00e9en, gr\u00e2ce \u00e0 l'artisanat complexe de la Pietra Dure.<\/p>\n<p>Les motifs orn\u00e9s de fleurs et de volutes des rev\u00eatements de sol en marbre Pietra Dure s'int\u00e8grent parfaitement \u00e0 l'ambiance luxueuse des villas, des grandes demeures et des espaces d'accueil haut de gamme, cr\u00e9ant un air de prestige intemporel.<\/p>\n<h2>Rev\u00eatement de sol en marqueterie de marbre Pietra Dure de premi\u00e8re qualit\u00e9 pour une beaut\u00e9 durable<\/h2>\n<p>Fabriqu\u00e9 de mani\u00e8re experte \u00e0 partir de marbre Pietra Dure de haute qualit\u00e9, ce rev\u00eatement de sol en marbre Pietra Dure met en valeur la beaut\u00e9 naturelle et la durabilit\u00e9 de la pierre.<\/p>\n<p>La surface polie ne met pas seulement en valeur les d\u00e9tails complexes des m\u00e9daillons en mosa\u00efque, mais garantit \u00e9galement une r\u00e9sistance \u00e0 l'usure et un entretien facile, ce qui en fait un choix id\u00e9al pour les int\u00e9rieurs de luxe \u00e0 forte circulation.<\/p>\n<h2>Une palette de couleurs riche et harmonieuse<\/h2>\n<p>Le sol en marqueterie de marbre Pietra Dure pr\u00e9sente une combinaison harmonieuse d'or chaud, d'ivoire doux, de rouges profonds et de bleus doux, cr\u00e9ant un contraste visuellement stup\u00e9fiant qui rehausse l'ambiance g\u00e9n\u00e9rale de l'espace.<\/p>\n<p>Cette s\u00e9lection de couleurs raffin\u00e9es s'harmonise avec les int\u00e9rieurs d'inspiration classique, n\u00e9oclassique et baroque, ce qui en fait un choix polyvalent pour les projets de design haut de gamme.<\/p>\n<h2>Disposition artistique et \u00e9tendue<\/h2>\n<p>Contrairement aux m\u00e9daillons de carreaux traditionnels, ce sol en mosa\u00efque de marbre s'\u00e9tend au-del\u00e0 d'un point central, cr\u00e9ant une bordure d\u00e9corative \u00e0 grande \u00e9chelle qui encadre magnifiquement la pi\u00e8ce.<\/p>\n<p>Les d\u00e9tails complexes et la disposition sym\u00e9trique cr\u00e9ent un sentiment d'\u00e9quilibre et de raffinement, id\u00e9al pour les grands salons, les foyers et les halls d'entr\u00e9e des h\u00f4tels de luxe.<\/p>\n<h2>Une application polyvalente pour les int\u00e9rieurs de prestige<\/h2>\n<p>Id\u00e9al pour les maisons palatiales, les r\u00e9sidences de luxe, les h\u00f4tels de charme et les salles de r\u00e9ception officielles, ce rev\u00eatement de sol en m\u00e9daillon de pierre rehausse la grandeur de tout espace.<\/p>\n<p>Qu'il s'agisse d'un foyer en marbre, d'un grand couloir ou d'un salon somptueux, son design de sol \u00e9labor\u00e9 constitue une d\u00e9claration inoubliable.<\/p>\n<h2>Luxe sur mesure et personnalisation<\/h2>\n<p>Stone Master propose des services de personnalisation, permettant aux clients d'adapter la taille, la palette de couleurs et le choix des mat\u00e9riaux \u00e0 leur vision de l'int\u00e9rieur.<\/p>\n<p>Nos artisans experts accordent une attention m\u00e9ticuleuse aux d\u00e9tails, transformant chaque pi\u00e8ce en une \u0153uvre d'art unique qui incarne \u00e0 la fois le luxe et l'individualit\u00e9.<\/p>\n<p>&nbsp;<\/p>","protected":false},"excerpt":{"rendered":"<p><strong><b>Num\u00e9ro d'article : <\/b><\/strong>FL7J002<\/p>\n<p><strong>Mat\u00e9riau :<\/strong>\u00a0Mable, pierre pr\u00e9cieuse. (Les mat\u00e9riaux utilis\u00e9s pour la conception du sol en marqueterie de marbre peuvent \u00eatre personnalis\u00e9s)<\/p>\n<p><strong>Taille :<\/strong>\u00a0Taille sur mesure (taille de marbre personnalis\u00e9e)<\/p>\n<p><strong>Conception :<\/strong>\u00a0Rev\u00eatement de sol en marbre \u00e0 incrustation standard ou rev\u00eatement de sol en marbre \u00e0 incrustation personnalis\u00e9<\/p>\n<p><strong>Application :<\/strong>\u00a0Villas et maisons de luxe, h\u00f4tels et centres de vill\u00e9giature, espaces commerciaux,<\/p>\n<p>Espaces publics, escaliers et couloirs, entr\u00e9es et foyers, sols en Pietra Dura Art,<\/p>\n<p>Clubs haut de gamme et clubs priv\u00e9s, salles d'exposition,<\/p>\n<p>Boutiques, mus\u00e9e, \u00e9glise, mosqu\u00e9e, etc.<\/p>","protected":false},"featured_media":1183,"template":"","meta":{"_joinchat":[]},"product_brand":[],"product_cat":[20],"product_tag":[],"class_list":{"0":"post-1131","1":"product","2":"type-product","3":"status-publish","4":"has-post-thumbnail","6":"product_cat-classic-marble-inlay-flooring","8":"first","9":"instock","10":"shipping-taxable","11":"product-type-simple"},"_links":{"self":[{"href":"https:\/\/www.smmarbleinlay.com\/fr\/wp-json\/wp\/v2\/product\/1131","targetHints":{"allow":["GET"]}}],"collection":[{"href":"https:\/\/www.smmarbleinlay.com\/fr\/wp-json\/wp\/v2\/product"}],"about":[{"href":"https:\/\/www.smmarbleinlay.com\/fr\/wp-json\/wp\/v2\/types\/product"}],"wp:featuredmedia":[{"embeddable":true,"href":"https:\/\/www.smmarbleinlay.com\/fr\/wp-json\/wp\/v2\/media\/1183"}],"wp:attachment":[{"href":"https:\/\/www.smmarbleinlay.com\/fr\/wp-json\/wp\/v2\/media?parent=1131"}],"wp:term":[{"taxonomy":"product_brand","embeddable":true,"href":"https:\/\/www.smmarbleinlay.com\/fr\/wp-json\/wp\/v2\/product_brand?post=1131"},{"taxonomy":"product_cat","embeddable":true,"href":"https:\/\/www.smmarbleinlay.com\/fr\/wp-json\/wp\/v2\/product_cat?post=1131"},{"taxonomy":"product_tag","embeddable":true,"href":"https:\/\/www.smmarbleinlay.com\/fr\/wp-json\/wp\/v2\/product_tag?post=1131"}],"curies":[{"name":"wp","href":"https:\/\/api.w.org\/{rel}","templated":true}]}}