{"id":1149,"date":"2025-03-24T15:49:47","date_gmt":"2025-03-24T07:49:47","guid":{"rendered":"https:\/\/www.smmarbleinlay.com\/?post_type=product&#038;p=1149"},"modified":"2025-04-09T16:56:21","modified_gmt":"2025-04-09T08:56:21","slug":"minimalist-marble-inlay-flooring-premium-marble-material-modern","status":"publish","type":"product","link":"https:\/\/www.smmarbleinlay.com\/fr\/produit\/minimalist-marble-inlay-flooring-premium-marble-material-modern\/","title":{"rendered":"Rev\u00eatement de sol minimaliste en marqueterie de marbre Mat\u00e9riau en marbre de qualit\u00e9 sup\u00e9rieure Moderne"},"content":{"rendered":"<h2><strong><b>Prime <\/b><\/strong><strong><b>Incrustation de marbre <\/b><\/strong><strong><b>Mat\u00e9riau : Rev\u00eatement de sol minimaliste en marqueterie de marbre<\/b><\/strong><\/h2>\n<p>Le rev\u00eatement de sol minimaliste en marbre est un mat\u00e9riau moderne de premi\u00e8re qualit\u00e9 qui convient aux int\u00e9rieurs luxueux.<\/p>\n<p>Fabriqu\u00e9 \u00e0 partir de marbre de haute qualit\u00e9, ce rev\u00eatement de sol garantit la durabilit\u00e9 et une touche luxueuse.<\/p>\n<p>La surface en pierre naturelle est non seulement \u00e9l\u00e9gante mais aussi r\u00e9sistante \u00e0 l'usure, ce qui la rend id\u00e9ale pour les zones tr\u00e8s fr\u00e9quent\u00e9es.<\/p>\n<h2><strong><b>Combinaison de couleurs sophistiqu\u00e9e<\/b><\/strong><\/h2>\n<p>Le rev\u00eatement de sol minimaliste en marqueterie de marbre pr\u00e9sente un sch\u00e9ma de couleurs noir et blanc intemporel, offrant un contraste audacieux qui met en valeur n'importe quel espace.<\/p>\n<p>Cette palette classique s'accorde avec diff\u00e9rents styles d'int\u00e9rieur, du contemporain au traditionnel.<\/p>\n<h2><strong><b>Motifs \u00e9l\u00e9gants<\/b><\/strong><\/h2>\n<p>Le motif circulaire g\u00e9om\u00e9trique ajoute un sens du rythme et du mouvement, cr\u00e9ant un sol visuellement attrayant.<\/p>\n<p>Les incrustations d\u00e9coup\u00e9es avec pr\u00e9cision soulignent la finesse de l'artisanat, faisant de chaque pi\u00e8ce une \u0153uvre d'art.<\/p>\n<h2><strong><b>Applications polyvalentes<\/b><\/strong><\/h2>\n<p>Id\u00e9al pour les r\u00e9sidences de luxe, les restaurants haut de gamme, les h\u00f4tels de charme et les caf\u00e9s \u00e9l\u00e9gants, ce rev\u00eatement de sol en marqueterie de marbre transforme les espaces avec sophistication.<\/p>\n<p>Il convient parfaitement aux entr\u00e9es, aux salons et aux espaces de bar ouverts, en ajoutant du caract\u00e8re et du charme.<\/p>","protected":false},"excerpt":{"rendered":"<p><strong>Rev\u00eatements de sol modernes en marbre incrust\u00e9<\/strong><\/p>\n<p><strong><b>Num\u00e9ro d'article : <\/b><\/strong>FLM4G001<\/p>\n<p><strong>Mat\u00e9riau :<\/strong>\u00a0Mable, pierre pr\u00e9cieuse. (Les mat\u00e9riaux utilis\u00e9s pour la conception du sol en marqueterie de marbre peuvent \u00eatre personnalis\u00e9s)<\/p>\n<p><strong>Taille :<\/strong>\u00a0Taille sur mesure (taille du dessin du sol en marqueterie de marbre)<\/p>\n<p><strong>Conception :<\/strong>\u00a0Plancher de marbre standard ou personnalis\u00e9<\/p>\n<p><strong>Application :<\/strong>\u00a0Villas et maisons de luxe, h\u00f4tels et centres de vill\u00e9giature, espaces commerciaux,<\/p>\n<p>Espaces publics, escaliers et couloirs, entr\u00e9es et foyers, sols en Pietra Dura Art,<\/p>\n<p>Clubs haut de gamme et clubs priv\u00e9s, salles d'exposition,<\/p>\n<p>Boutiques, mus\u00e9e, \u00e9glise, mosqu\u00e9e, etc.<\/p>","protected":false},"featured_media":1849,"template":"","meta":{"_joinchat":[]},"product_brand":[],"product_cat":[21],"product_tag":[],"class_list":{"0":"post-1149","1":"product","2":"type-product","3":"status-publish","4":"has-post-thumbnail","6":"product_cat-contemporary-marble-inlay-flooring","8":"first","9":"instock","10":"shipping-taxable","11":"product-type-simple"},"_links":{"self":[{"href":"https:\/\/www.smmarbleinlay.com\/fr\/wp-json\/wp\/v2\/product\/1149","targetHints":{"allow":["GET"]}}],"collection":[{"href":"https:\/\/www.smmarbleinlay.com\/fr\/wp-json\/wp\/v2\/product"}],"about":[{"href":"https:\/\/www.smmarbleinlay.com\/fr\/wp-json\/wp\/v2\/types\/product"}],"wp:featuredmedia":[{"embeddable":true,"href":"https:\/\/www.smmarbleinlay.com\/fr\/wp-json\/wp\/v2\/media\/1849"}],"wp:attachment":[{"href":"https:\/\/www.smmarbleinlay.com\/fr\/wp-json\/wp\/v2\/media?parent=1149"}],"wp:term":[{"taxonomy":"product_brand","embeddable":true,"href":"https:\/\/www.smmarbleinlay.com\/fr\/wp-json\/wp\/v2\/product_brand?post=1149"},{"taxonomy":"product_cat","embeddable":true,"href":"https:\/\/www.smmarbleinlay.com\/fr\/wp-json\/wp\/v2\/product_cat?post=1149"},{"taxonomy":"product_tag","embeddable":true,"href":"https:\/\/www.smmarbleinlay.com\/fr\/wp-json\/wp\/v2\/product_tag?post=1149"}],"curies":[{"name":"wp","href":"https:\/\/api.w.org\/{rel}","templated":true}]}}