{"id":1150,"date":"2025-03-24T15:51:23","date_gmt":"2025-03-24T07:51:23","guid":{"rendered":"https:\/\/www.smmarbleinlay.com\/?post_type=product&#038;p=1150"},"modified":"2025-04-09T16:57:30","modified_gmt":"2025-04-09T08:57:30","slug":"contemporary-marble-inlay-flooring-for-elegant-interiors","status":"publish","type":"product","link":"https:\/\/www.smmarbleinlay.com\/fr\/produit\/contemporary-marble-inlay-flooring-for-elegant-interiors\/","title":{"rendered":"Rev\u00eatements de sol contemporains en marqueterie de marbre pour des int\u00e9rieurs \u00e9l\u00e9gants"},"content":{"rendered":"<h2><strong><b>Rev\u00eatements de sol contemporains en marqueterie de marbre : Marbre de qualit\u00e9 sup\u00e9rieure <\/b><\/strong><strong><b>Incrustation <\/b><\/strong><strong><b>Mat\u00e9riau<\/b><\/strong><\/h2>\n<p>Rev\u00eatement de sol contemporain en marqueterie de marbre, Fabriqu\u00e9 \u00e0 partir de marbre de haute qualit\u00e9, ce rev\u00eatement de sol contemporain en marqueterie de marbre incarne la durabilit\u00e9 et l'\u00e9l\u00e9gance intemporelle.<\/p>\n<p>Le veinage naturel et la finition lisse ajoutent une touche luxueuse, ce qui en fait un choix id\u00e9al pour les int\u00e9rieurs sophistiqu\u00e9s.<\/p>\n<h2><strong><b>Combinaison harmonieuse de couleurs<\/b><\/strong><\/h2>\n<p>Le vert profond du marbre contraste magnifiquement avec les incrustations d'un blanc \u00e9clatant, cr\u00e9ant un aspect \u00e0 la fois raffin\u00e9 et audacieux du rev\u00eatement de sol contemporain en incrustation de marbre.<\/p>\n<p>La combinaison de ces teintes naturelles met en valeur la richesse de l'espace tout en conservant une esth\u00e9tique \u00e9quilibr\u00e9e.<\/p>\n<h2><strong><b>Motif g\u00e9om\u00e9trique exquis<\/b><\/strong><\/h2>\n<p>Inspir\u00e9 par l'artisanat de la Pietra Dure, le motif g\u00e9om\u00e9trique complexe ajoute de la profondeur et de la dimension au sol.<\/p>\n<p>La pr\u00e9cision des incrustations de marbre cr\u00e9e un effet visuel \u00e9poustouflant, faisant de ce rev\u00eatement de sol en m\u00e9daillon une v\u00e9ritable pi\u00e8ce ma\u00eetresse.<\/p>\n<h2><strong><b>Applications polyvalentes<\/b><\/strong><\/h2>\n<p>Parfait pour les salles de bains haut de gamme, les villas de luxe et les h\u00f4tels de charme, ce design en marbre rehausse tous les int\u00e9rieurs.<\/p>\n<p>Qu'il soit utilis\u00e9 dans les entr\u00e9es, les foyers, ou les retraites de type spa, il apporte un sentiment de grandeur et de sophistication.<\/p>","protected":false},"excerpt":{"rendered":"<p><strong><b>Marbre de qualit\u00e9 sup\u00e9rieure <\/b><\/strong><strong><b>Plancher d'incrustation <\/b><\/strong><strong><b>Motif g\u00e9om\u00e9trique exquis<\/b><\/strong><\/p>\n<p><strong><b>Num\u00e9ro d'article : <\/b><\/strong>FLM4G002<\/p>\n<p><strong><b>Mat\u00e9riau :<\/b><\/strong>\u00a0Mable, pierre pr\u00e9cieuse. (les mat\u00e9riaux peuvent \u00eatre personnalis\u00e9s)<\/p>\n<p><strong><b>Taille :<\/b><\/strong>\u00a0Taille sur mesure<\/p>\n<p><strong><b>Conception :<\/b><\/strong>\u00a0Mod\u00e8les standard ou personnalis\u00e9s<\/p>\n<p><strong>Mat\u00e9riau :<\/strong>\u00a0Mable, pierre pr\u00e9cieuse. (les mat\u00e9riaux d'incrustation du marbre peuvent \u00eatre personnalis\u00e9s)<\/p>\n<p><strong>Taille :<\/strong>\u00a0Taille sur mesure (taille de l'incrustation de marbre)<\/p>\n<p><strong>Conception :<\/strong>\u00a0Mod\u00e8les de marbre standard ou personnalis\u00e9s<\/p>\n<p><strong>Application :<\/strong>\u00a0Villas et maisons de luxe, h\u00f4tels et centres de vill\u00e9giature, espaces commerciaux,<\/p>\n<p>Espaces publics, escaliers et couloirs, entr\u00e9es et foyers, sols en Pietra Dura Art,<\/p>\n<p>Clubs haut de gamme et clubs priv\u00e9s, salles d'exposition,<\/p>\n<p>Boutiques, mus\u00e9e, \u00e9glise, mosqu\u00e9e, etc.<\/p>","protected":false},"featured_media":1846,"template":"","meta":{"_joinchat":[]},"product_brand":[],"product_cat":[21],"product_tag":[],"class_list":{"0":"post-1150","1":"product","2":"type-product","3":"status-publish","4":"has-post-thumbnail","6":"product_cat-contemporary-marble-inlay-flooring","8":"first","9":"instock","10":"shipping-taxable","11":"product-type-simple"},"_links":{"self":[{"href":"https:\/\/www.smmarbleinlay.com\/fr\/wp-json\/wp\/v2\/product\/1150","targetHints":{"allow":["GET"]}}],"collection":[{"href":"https:\/\/www.smmarbleinlay.com\/fr\/wp-json\/wp\/v2\/product"}],"about":[{"href":"https:\/\/www.smmarbleinlay.com\/fr\/wp-json\/wp\/v2\/types\/product"}],"wp:featuredmedia":[{"embeddable":true,"href":"https:\/\/www.smmarbleinlay.com\/fr\/wp-json\/wp\/v2\/media\/1846"}],"wp:attachment":[{"href":"https:\/\/www.smmarbleinlay.com\/fr\/wp-json\/wp\/v2\/media?parent=1150"}],"wp:term":[{"taxonomy":"product_brand","embeddable":true,"href":"https:\/\/www.smmarbleinlay.com\/fr\/wp-json\/wp\/v2\/product_brand?post=1150"},{"taxonomy":"product_cat","embeddable":true,"href":"https:\/\/www.smmarbleinlay.com\/fr\/wp-json\/wp\/v2\/product_cat?post=1150"},{"taxonomy":"product_tag","embeddable":true,"href":"https:\/\/www.smmarbleinlay.com\/fr\/wp-json\/wp\/v2\/product_tag?post=1150"}],"curies":[{"name":"wp","href":"https:\/\/api.w.org\/{rel}","templated":true}]}}