{"id":1189,"date":"2025-03-25T15:32:49","date_gmt":"2025-03-25T07:32:49","guid":{"rendered":"https:\/\/www.smmarbleinlay.com\/?post_type=product&#038;p=1189"},"modified":"2025-04-10T14:27:14","modified_gmt":"2025-04-10T06:27:14","slug":"rectangular-marble-inlay-flooring-medallion","status":"publish","type":"product","link":"https:\/\/www.smmarbleinlay.com\/fr\/produit\/rectangular-marble-inlay-flooring-medallion\/","title":{"rendered":"M\u00e9daillon de rev\u00eatement de sol en marqueterie de marbre rectangulaire"},"content":{"rendered":"<h2><strong>M\u00e9daillon de rev\u00eatement de sol en marqueterie de marbre rectangulaire <\/strong><strong>Aper\u00e7u du produit<\/strong><\/h2>\n<p>Ce m\u00e9daillon rectangulaire en marqueterie de marbre incarne le luxe, l'\u00e9l\u00e9gance et la beaut\u00e9 intemporelle.<\/p>\n<p>Son design classique de m\u00e9daillon de sol en incrustation de marbre t\u00e9moigne d'un savoir-faire sophistiqu\u00e9 et s'int\u00e8gre parfaitement dans les espaces int\u00e9rieurs haut de gamme.<\/p>\n<p>Id\u00e9al pour les grands couloirs, les entr\u00e9es spacieuses et les salles \u00e0 manger prestigieuses, ce m\u00e9daillon de rev\u00eatement de sol en incrustation de marbre exquis constitue un point de mire \u00e9poustouflant dans n'importe quelle pi\u00e8ce.<\/p>\n<p>Avec son m\u00e9lange de couleurs vibrantes et de d\u00e9tails complexes, ce m\u00e9daillon de rev\u00eatement de sol en incrustation de marbre est con\u00e7u pour rehausser la grandeur des maisons r\u00e9sidentielles luxueuses.<\/p>\n<h2><strong>Sch\u00e9ma de couleurs et mat\u00e9riaux<\/strong><\/h2>\n<p>La palette de couleurs de ce m\u00e9daillon rectangulaire en marbre est soigneusement s\u00e9lectionn\u00e9e pour \u00e9voquer un sentiment d'opulence et de raffinement.<\/p>\n<p>Les riches ors, les verts profonds et les tons ivoire doux sont harmonieusement combin\u00e9s avec des accents d\u00e9licats de rouge et de fleurs, cr\u00e9ant une atmosph\u00e8re sophistiqu\u00e9e et royale.<\/p>\n<p>Le marbre est de la plus haute qualit\u00e9, s\u00e9lectionn\u00e9 pour sa durabilit\u00e9 et sa finition polie.<\/p>\n<p>La surface lisse du m\u00e9daillon de sol en marqueterie de marbre met en valeur la beaut\u00e9 naturelle de la pierre, ce qui en fait une pi\u00e8ce ma\u00eetresse qui respire \u00e0 la fois l'\u00e9l\u00e9gance et la long\u00e9vit\u00e9.<\/p>\n<h2><strong>M\u00e9daillon rectangulaire en marqueterie de marbre <\/strong><strong>Design et style<\/strong><\/h2>\n<p>Le m\u00e9daillon rectangulaire pr\u00e9sente une incrustation de marbre classique, avec des motifs floraux et des volutes tiss\u00e9s de mani\u00e8re complexe qui rayonnent de sophistication.<\/p>\n<p>Les motifs sym\u00e9triques et les incrustations soigneusement plac\u00e9es sont la marque d'un luxe intemporel, offrant \u00e0 la fois une beaut\u00e9 esth\u00e9tique et une fonctionnalit\u00e9 artistique.<\/p>\n<p>Gr\u00e2ce \u00e0 son design classique, ce m\u00e9daillon en marbre s'adapte \u00e0 un large \u00e9ventail d'int\u00e9rieurs luxueux, traditionnels ou contemporains, et apporte une touche de noblesse et de raffinement \u00e0 chaque espace.<\/p>\n<h2><strong>M\u00e9daillon rectangulaire en marqueterie de marbre <\/strong><strong>Applications<\/strong><\/h2>\n<h3>Cet \u00e9l\u00e9gant m\u00e9daillon en marbre est con\u00e7u pour \u00eatre utilis\u00e9 dans plusieurs zones cl\u00e9s d'une maison luxueuse, notamment :<\/h3>\n<ul>\n<li><strong>Couloirs et entr\u00e9es<\/strong>: Servant d'entr\u00e9e impressionnante, ce m\u00e9daillon transforme n'importe quel couloir en un espace extraordinaire rempli de chaleur et de grandeur.<\/li>\n<li><strong>Salles de s\u00e9jour<\/strong>: Son design raffin\u00e9 met en valeur les espaces de vie, en cr\u00e9ant un point focal sur le sol qui relie l'ensemble de la d\u00e9coration de la pi\u00e8ce.<\/li>\n<li><strong>Salles \u00e0 manger<\/strong>: Ajoutez une touche de sophistication \u00e0 votre salle \u00e0 manger et faites de chaque repas une affaire royale gr\u00e2ce \u00e0 la beaut\u00e9 et \u00e0 l'\u00e9l\u00e9gance de ce m\u00e9daillon classique.<\/li>\n<\/ul>\n<p>Sa polyvalence et son design intemporel lui permettent de s'adapter \u00e0 diff\u00e9rents espaces dans les r\u00e9sidences haut de gamme, et de compl\u00e9ter un large \u00e9ventail de styles d'int\u00e9rieur.<\/p>\n<h2><strong>Design de marbre sur mesure<\/strong><\/h2>\n<p>Ce m\u00e9daillon rectangulaire en marbre offre des options de personnalisation pour r\u00e9pondre \u00e0 vos pr\u00e9f\u00e9rences sp\u00e9cifiques en mati\u00e8re de design.<\/p>\n<p>Que vous souhaitiez ajuster la taille, s\u00e9lectionner diff\u00e9rentes couleurs de pierre ou incorporer des \u00e9l\u00e9ments personnalis\u00e9s dans la conception, notre service de conception de marbre sur mesure garantit une approche adapt\u00e9e.<\/p>\n<p>La technologie avanc\u00e9e de d\u00e9coupe au jet d'eau permet des incrustations pr\u00e9cises et des motifs d\u00e9taill\u00e9s, garantissant que chaque m\u00e9daillon est une \u0153uvre d'art unique qui s'adapte parfaitement \u00e0 votre espace et \u00e0 votre vision esth\u00e9tique.<\/p>\n<h2><strong>M\u00e9daillon rectangulaire en marqueterie de marbre <\/strong><strong>Impact et effet<\/strong><\/h2>\n<p>Le m\u00e9daillon rectangulaire en incrustation de marbre a un impact visuel puissant, transformant n'importe quel espace en un lieu de grandeur et de sophistication.<\/p>\n<p>La palette de couleurs harmonieuses, le design complexe et les mat\u00e9riaux de qualit\u00e9 sup\u00e9rieure s'associent pour cr\u00e9er un espace luxueux et accueillant.<\/p>\n<p>Qu'il soit plac\u00e9 dans un salon, un couloir ou une salle \u00e0 manger, le m\u00e9daillon rehausse l'atmosph\u00e8re g\u00e9n\u00e9rale, attirant l'attention et l'admiration.<\/p>\n<p>Le m\u00e9daillon ajoute une touche distingu\u00e9e \u00e0 la pi\u00e8ce, ce qui en fait non seulement une pi\u00e8ce de sol fonctionnelle mais aussi une d\u00e9claration artistique qui ajoute de la valeur et de la beaut\u00e9 \u00e0 votre maison.<\/p>\n<p>Avec ses options de conception personnalis\u00e9es, sa qualit\u00e9 de fabrication sup\u00e9rieure et son attrait intemporel, ce m\u00e9daillon en marbre donne une impression durable d'\u00e9l\u00e9gance et de style.<\/p>","protected":false},"excerpt":{"rendered":"<p><strong>Num\u00e9ro d'article : <\/strong>FL4G001<\/p>\n<p><strong>Mat\u00e9riau :<\/strong>\u00a0Mable, pierre pr\u00e9cieuse. (les mat\u00e9riaux peuvent \u00eatre personnalis\u00e9s)<\/p>\n<p><strong>Taille :<\/strong>\u00a0Taille sur mesure<\/p>\n<p><strong>Conception :<\/strong>\u00a0Mod\u00e8les standard ou personnalis\u00e9s<\/p>\n<p><strong>Application :<\/strong>\u00a0Villas et maisons de luxe, h\u00f4tels et centres de vill\u00e9giature, espaces commerciaux,<\/p>\n<p>Espaces publics, escaliers et couloirs, entr\u00e9es et foyers,<\/p>\n<p>Clubs haut de gamme et clubs priv\u00e9s, salles d'exposition,<\/p>\n<p>Boutiques, mus\u00e9e, \u00e9glise, mosqu\u00e9e, etc.<\/p>","protected":false},"featured_media":1190,"template":"","meta":{"_joinchat":[]},"product_brand":[],"product_cat":[20],"product_tag":[],"class_list":{"0":"post-1189","1":"product","2":"type-product","3":"status-publish","4":"has-post-thumbnail","6":"product_cat-classic-marble-inlay-flooring","8":"first","9":"instock","10":"shipping-taxable","11":"product-type-simple"},"_links":{"self":[{"href":"https:\/\/www.smmarbleinlay.com\/fr\/wp-json\/wp\/v2\/product\/1189","targetHints":{"allow":["GET"]}}],"collection":[{"href":"https:\/\/www.smmarbleinlay.com\/fr\/wp-json\/wp\/v2\/product"}],"about":[{"href":"https:\/\/www.smmarbleinlay.com\/fr\/wp-json\/wp\/v2\/types\/product"}],"wp:featuredmedia":[{"embeddable":true,"href":"https:\/\/www.smmarbleinlay.com\/fr\/wp-json\/wp\/v2\/media\/1190"}],"wp:attachment":[{"href":"https:\/\/www.smmarbleinlay.com\/fr\/wp-json\/wp\/v2\/media?parent=1189"}],"wp:term":[{"taxonomy":"product_brand","embeddable":true,"href":"https:\/\/www.smmarbleinlay.com\/fr\/wp-json\/wp\/v2\/product_brand?post=1189"},{"taxonomy":"product_cat","embeddable":true,"href":"https:\/\/www.smmarbleinlay.com\/fr\/wp-json\/wp\/v2\/product_cat?post=1189"},{"taxonomy":"product_tag","embeddable":true,"href":"https:\/\/www.smmarbleinlay.com\/fr\/wp-json\/wp\/v2\/product_tag?post=1189"}],"curies":[{"name":"wp","href":"https:\/\/api.w.org\/{rel}","templated":true}]}}