{"id":1192,"date":"2025-03-25T15:38:48","date_gmt":"2025-03-25T07:38:48","guid":{"rendered":"https:\/\/www.smmarbleinlay.com\/?post_type=product&#038;p=1192"},"modified":"2025-04-10T14:21:52","modified_gmt":"2025-04-10T06:21:52","slug":"marble-inlay-medallion-flooring-for-luxury-villa","status":"publish","type":"product","link":"https:\/\/www.smmarbleinlay.com\/fr\/produit\/marble-inlay-medallion-flooring-for-luxury-villa\/","title":{"rendered":"M\u00e9daillon ovale en marqueterie de marbre pour villa de luxe"},"content":{"rendered":"<h2><strong>M\u00e9daillon ovale en marqueterie de marbre pour villa de luxe<\/strong> <strong>Aper\u00e7u du produit<\/strong><\/h2>\n<p>Le sol en m\u00e9daillon ovale avec incrustation de marbre est un chef-d'\u0153uvre de design classique et de luxe, m\u00e9ticuleusement con\u00e7u pour ajouter une touche extraordinaire \u00e0 votre int\u00e9rieur.<\/p>\n<p>Ce rev\u00eatement de sol en m\u00e9daillon est id\u00e9al pour les espaces importants tels que les entr\u00e9es, les foyers et les escaliers, o\u00f9 la premi\u00e8re impression compte.<\/p>\n<p>L'\u00e9l\u00e9gant design du sol en m\u00e9daillon et la qualit\u00e9 de fabrication irr\u00e9prochable transforment n'importe quel espace en une zone sophistiqu\u00e9e, cr\u00e9ant un point focal frappant qui t\u00e9moigne du style et du prestige de votre maison.<\/p>\n<h2><strong>Sch\u00e9ma de couleurs et mat\u00e9riaux<\/strong><\/h2>\n<p>Ce superbe rev\u00eatement de sol ovale en m\u00e9daillon de marbre est con\u00e7u avec un m\u00e9lange de tons riches et chauds qui rehaussent son attrait luxueux.<\/p>\n<p>Avec ses nuances de cr\u00e8me et d'or et ses accents subtils de tons terreux, il s'int\u00e8gre parfaitement dans les d\u00e9cors traditionnels et contemporains.<\/p>\n<p>Le marbre utilis\u00e9 dans le m\u00e9daillon est de haute qualit\u00e9, ce qui garantit sa durabilit\u00e9 tout en conservant une finition polie exquise qui fait ressortir la beaut\u00e9 naturelle de la pierre.<\/p>\n<p>La texture lisse et les motifs complexes du dessin soulignent l'\u00e9l\u00e9gance du m\u00e9daillon.<\/p>\n<h2><strong>Rev\u00eatements de sol classiques en marqueterie de marbre Design &amp; Style<\/strong><\/h2>\n<p>Le m\u00e9daillon ovale pr\u00e9sente une incrustation de mosa\u00efque classique qui allie l'\u00e9l\u00e9gance intemporelle \u00e0 la modernit\u00e9.<\/p>\n<p>Les motifs floraux orn\u00e9s, les motifs en volutes et les lignes sym\u00e9triques conf\u00e8rent une certaine harmonie \u00e0 l'espace.<\/p>\n<p>Les bordures luxueuses et les d\u00e9tails d\u00e9licats renforcent l'aspect majestueux du m\u00e9daillon.<\/p>\n<p>Le design g\u00e9n\u00e9ral incarne la sophistication, ce qui en fait une pi\u00e8ce d'apparat qui s'adapte \u00e0 une grande vari\u00e9t\u00e9 d'int\u00e9rieurs.<\/p>\n<p>Il ajoute une touche royale \u00e0 toute pi\u00e8ce, d\u00e9gageant un air de noblesse et de go\u00fbt raffin\u00e9.<\/p>\n<h2><strong>Applications des m\u00e9daillons \u00e0 incrustation de marbre<\/strong><\/h2>\n<h3>Ce m\u00e9daillon ovale en incrustation de marbre convient parfaitement :<\/h3>\n<ul>\n<li><strong>Entr\u00e9es<\/strong>: Positionn\u00e9 comme une pi\u00e8ce ma\u00eetresse dans l'entr\u00e9e, ce m\u00e9daillon cr\u00e9e une impression imm\u00e9diate d'\u00e9l\u00e9gance et de sophistication d\u00e8s que l'on p\u00e9n\u00e8tre dans l'espace.<\/li>\n<li><strong>Foyers<\/strong>: Le foyer est souvent le premier endroit que les invit\u00e9s voient, et ce m\u00e9daillon ajoute une touche de luxe parfaite, accueillant les visiteurs avec son design complexe et raffin\u00e9.<\/li>\n<li><strong>Escaliers<\/strong>: Qu'il soit plac\u00e9 \u00e0 la base ou au sommet d'un escalier, ce superbe m\u00e9daillon cr\u00e9e un flux continu d'une zone \u00e0 l'autre, ajoutant de la grandeur \u00e0 l'ensemble de l'espace.<\/li>\n<\/ul>\n<p>Son design polyvalent convient \u00e9galement \u00e0 d'autres espaces haut de gamme tels que les salons de luxe, les salles \u00e0 manger formelles et les couloirs.<\/p>\n<h2><strong>Design de marbre sur mesure<\/strong><\/h2>\n<p>Nous proposons un service sur mesure pour ce m\u00e9daillon ovale en marbre, ce qui permet aux clients de personnaliser le design en fonction de leur style et de leurs besoins uniques.<\/p>\n<p>Que vous pr\u00e9f\u00e9riez une palette de couleurs diff\u00e9rente, des types de pierre sp\u00e9cifiques ou des motifs personnalis\u00e9s, notre service de conception de marbre sur mesure s'assure que votre vision prend vie.<\/p>\n<p>Gr\u00e2ce \u00e0 la technologie de pointe de la d\u00e9coupe au jet d'eau, nous garantissons la plus grande pr\u00e9cision pour chaque incrustation, afin que votre m\u00e9daillon en marbre soit un ajout \u00e0 la fois fonctionnel et artistique \u00e0 votre maison.<\/p>\n<h2><strong>M\u00e9daillon en marqueterie de marbre Impact et effet<\/strong><\/h2>\n<p>Le m\u00e9daillon ovale en incrustation de marbre cr\u00e9e un impact visuel saisissant, ce qui en fait non seulement un \u00e9l\u00e9ment de sol mais aussi un \u00e9l\u00e9ment cl\u00e9 de la pi\u00e8ce.<\/p>\n<p>La combinaison de mat\u00e9riaux nobles, d'un design luxueux et de l'attention port\u00e9e aux d\u00e9tails produit un effet stup\u00e9fiant qui rehausse l'atmosph\u00e8re de l'espace.<\/p>\n<p>Il attire le regard et cr\u00e9e un sentiment d'opulence et de charme, transformant des sols ordinaires en \u0153uvres d'art.<\/p>\n<p>Qu'il soit plac\u00e9 dans une entr\u00e9e, un foyer ou un escalier, ce m\u00e9daillon ajoute un niveau in\u00e9gal\u00e9 d'\u00e9l\u00e9gance et de grandeur \u00e0 votre maison.<\/p>\n<p>Qu'il s'agisse d'un m\u00e9daillon de carrelage d'entr\u00e9e ou d'un centre de foyer en marbre, ce m\u00e9daillon est un choix de conception sophistiqu\u00e9 qui transforme votre maison en un v\u00e9ritable chef-d'\u0153uvre.<\/p>","protected":false},"excerpt":{"rendered":"<p><strong>Num\u00e9ro d'article : <\/strong>FL5H003<\/p>\n<p><strong>Mat\u00e9riau :<\/strong>\u00a0Mable, pierre pr\u00e9cieuse. (les mat\u00e9riaux peuvent \u00eatre personnalis\u00e9s)<\/p>\n<p><strong>Taille :<\/strong>\u00a0Taille sur mesure<\/p>\n<p><strong>Conception :<\/strong>\u00a0Mod\u00e8les standard ou personnalis\u00e9s<\/p>\n<p><strong>Application :<\/strong>\u00a0Villas et maisons de luxe, h\u00f4tels et centres de vill\u00e9giature, espaces commerciaux,<\/p>\n<p>Espaces publics, escaliers et couloirs, entr\u00e9es et foyers,<\/p>\n<p>Clubs haut de gamme et clubs priv\u00e9s, salles d'exposition,<\/p>\n<p>Boutiques, mus\u00e9e, \u00e9glise, mosqu\u00e9e, etc.<\/p>","protected":false},"featured_media":1193,"template":"","meta":{"_joinchat":[]},"product_brand":[],"product_cat":[20],"product_tag":[],"class_list":{"0":"post-1192","1":"product","2":"type-product","3":"status-publish","4":"has-post-thumbnail","6":"product_cat-classic-marble-inlay-flooring","8":"first","9":"instock","10":"shipping-taxable","11":"product-type-simple"},"_links":{"self":[{"href":"https:\/\/www.smmarbleinlay.com\/fr\/wp-json\/wp\/v2\/product\/1192","targetHints":{"allow":["GET"]}}],"collection":[{"href":"https:\/\/www.smmarbleinlay.com\/fr\/wp-json\/wp\/v2\/product"}],"about":[{"href":"https:\/\/www.smmarbleinlay.com\/fr\/wp-json\/wp\/v2\/types\/product"}],"wp:featuredmedia":[{"embeddable":true,"href":"https:\/\/www.smmarbleinlay.com\/fr\/wp-json\/wp\/v2\/media\/1193"}],"wp:attachment":[{"href":"https:\/\/www.smmarbleinlay.com\/fr\/wp-json\/wp\/v2\/media?parent=1192"}],"wp:term":[{"taxonomy":"product_brand","embeddable":true,"href":"https:\/\/www.smmarbleinlay.com\/fr\/wp-json\/wp\/v2\/product_brand?post=1192"},{"taxonomy":"product_cat","embeddable":true,"href":"https:\/\/www.smmarbleinlay.com\/fr\/wp-json\/wp\/v2\/product_cat?post=1192"},{"taxonomy":"product_tag","embeddable":true,"href":"https:\/\/www.smmarbleinlay.com\/fr\/wp-json\/wp\/v2\/product_tag?post=1192"}],"curies":[{"name":"wp","href":"https:\/\/api.w.org\/{rel}","templated":true}]}}