{"id":1205,"date":"2025-03-25T16:06:39","date_gmt":"2025-03-25T08:06:39","guid":{"rendered":"https:\/\/www.smmarbleinlay.com\/?post_type=product&#038;p=1205"},"modified":"2025-04-10T11:03:39","modified_gmt":"2025-04-10T03:03:39","slug":"marble-foyer-marble-inlay-flooring-gourd-koi-fish-design","status":"publish","type":"product","link":"https:\/\/www.smmarbleinlay.com\/fr\/produit\/marble-foyer-marble-inlay-flooring-gourd-koi-fish-design\/","title":{"rendered":"Foyer en marbre Rev\u00eatement de sol en marqueterie de marbre - Gourd &amp; Koi Fish Design"},"content":{"rendered":"<h2><strong>Foyer en marbre Sols en marbre Palette de couleurs symbolique<\/strong><\/h2>\n<p>Ce rev\u00eatement de sol en marqueterie de marbre pour foyer pr\u00e9sente un design magnifiquement con\u00e7u autour d'un symbolisme de bon augure.<\/p>\n<p>Les couleurs primaires du foyer en marbre comprennent des nuances vibrantes de noir, d'or, de rouge et de vert, associ\u00e9es \u00e0 un ivoire apaisant et \u00e0 des bleus doux.<\/p>\n<p>Les riches teintes rouge et or repr\u00e9sentent la prosp\u00e9rit\u00e9, la richesse et le bonheur, tandis que les tons vert et ivoire \u00e9voquent la paix et la tranquillit\u00e9.<\/p>\n<p>Ensemble, ces couleurs cr\u00e9ent un foyer en marbre \u00e9l\u00e9gant et harmonieux, rendant le design \u00e0 la fois significatif et visuellement captivant.<\/p>\n<h2><strong>Foyer en marbre Rev\u00eatement de sol en marbre Motif symbolique<\/strong><\/h2>\n<p>Le design de ce m\u00e9daillon d'incrustation en marbre pour foyer s'inspire du symbolisme traditionnel et des motifs de bon augure.<\/p>\n<p>L'image centrale repr\u00e9sente une calebasse, qui symbolise la b\u00e9n\u00e9diction et la bonne fortune (\"\u798f\u7984\" ou \"b\u00e9n\u00e9diction et richesse\"), un symbole populaire dans la culture chinoise.<\/p>\n<p>Autour de la gourde, le dessin comprend des poissons ko\u00ef et des poissons rouges, symbolisant l'abondance, le succ\u00e8s et la phrase \"\u5e74\u5e74\u6709\u4f59\" (\"surplus ann\u00e9e apr\u00e8s ann\u00e9e\").<\/p>\n<p>Ces \u00e9l\u00e9ments s'associent pour transmettre un sentiment de prosp\u00e9rit\u00e9 et de richesse continue, ce qui fait de ce rev\u00eatement de sol un ajout significatif et chanceux \u00e0 toute maison.<\/p>\n<p>Les incrustations complexes du foyer en marbre t\u00e9moignent d'un savoir-faire artisanal. Les poissons ko\u00ef et les poissons rouges sont orn\u00e9s de d\u00e9tails \u00e9clatants qui donnent vie \u00e0 l'ensemble de la composition.<\/p>\n<p>Ce foyer en marbre sert non seulement de pi\u00e8ce d\u00e9corative, mais aussi de symbole de chance et de fortune, renfor\u00e7ant ainsi les qualit\u00e9s spirituelles et esth\u00e9tiques de l'espace.<\/p>\n<h2><strong>Applications des rev\u00eatements de sol en marbre pour les int\u00e9rieurs luxueux<\/strong><\/h2>\n<p>Ce rev\u00eatement de sol en marqueterie de marbre pour foyer est parfait pour une vari\u00e9t\u00e9 d'espaces, en particulier ceux o\u00f9 une aura de luxe et de signification est souhait\u00e9e :<\/p>\n<ul>\n<li><strong>Entr\u00e9es<\/strong>: Les symboles de bon augure en font un objet id\u00e9al pour les entr\u00e9es et les foyers, donnant un ton positif \u00e0 toute personne entrant dans la maison et accueillant les invit\u00e9s avec prosp\u00e9rit\u00e9 et bonne fortune.<\/li>\n<li><strong>Salles de s\u00e9jour<\/strong>: Dans le salon, le motif en m\u00e9daillon devient un point focal qui rehausse la grandeur de l'espace, ce qui en fait non seulement une d\u00e9claration artistique mais aussi une source d'\u00e9nergie positive.<\/li>\n<li><strong>Corridors et couloirs<\/strong>: Le design peut transformer de longs couloirs en all\u00e9es visuellement \u00e9tonnantes et significatives, favorisant un sentiment d'harmonie et de bien-\u00eatre dans toute la maison.<\/li>\n<\/ul>\n<h2><strong>Rev\u00eatements de sol en marbre Design personnalisable pour votre maison<\/strong><\/h2>\n<p>Ce m\u00e9daillon d'incrustation en marbre pour foyer offre la possibilit\u00e9 d'une personnalisation, vous permettant de modifier les couleurs, les motifs et les tailles pour les adapter \u00e0 votre espace et \u00e0 votre esth\u00e9tique sp\u00e9cifiques.<\/p>\n<p>Que vous souhaitiez int\u00e9grer d'autres \u00e9l\u00e9ments symboliques ou adapter le design \u00e0 vos go\u00fbts personnels, nos m\u00e9daillons et rev\u00eatements de sol en marbre sur mesure offrent la flexibilit\u00e9 n\u00e9cessaire pour cr\u00e9er une \u0153uvre d'art unique et personnalis\u00e9e.<\/p>\n<p>Gr\u00e2ce \u00e0 une technologie avanc\u00e9e de conception par jet d'eau, nous garantissons un travail d'incrustation pr\u00e9cis et de haute qualit\u00e9, donnant vie \u00e0 votre vision avec des d\u00e9tails impeccables.<\/p>\n<h2><strong>Rev\u00eatements de sol en marbre Durabilit\u00e9 et attrait intemporel<\/strong><\/h2>\n<p>Fabriqu\u00e9 \u00e0 partir de marbre de premi\u00e8re qualit\u00e9, ce rev\u00eatement est con\u00e7u pour durer, offrant \u00e0 la fois beaut\u00e9 et durabilit\u00e9 pour les ann\u00e9es \u00e0 venir.<\/p>\n<p>Son design intemporel lui permet de rester pertinent et de conserver son attrait luxueux, quelles que soient les tendances.<\/p>\n<p>La conception du sol en carreaux de marbre, combin\u00e9e \u00e0 la richesse du symbolisme, cr\u00e9e un \u00e9quilibre parfait entre le style et la fonction.<\/p>\n<p>Ce rev\u00eatement de sol \u00e0 incrustation de marbre est id\u00e9al pour ceux qui cherchent \u00e0 rehausser leurs espaces int\u00e9rieurs avec \u00e9l\u00e9gance, luxe et sens.<\/p>\n<p>Le th\u00e8me symbolique de la calebasse et du poisson koi n'ajoute pas seulement de la beaut\u00e9, mais apporte un sentiment de prosp\u00e9rit\u00e9 et de bonne fortune dans votre maison.<\/p>","protected":false},"excerpt":{"rendered":"<p><strong>Num\u00e9ro d'article : <\/strong>FL4G002<\/p>\n<p><strong>Mat\u00e9riau :<\/strong>\u00a0Mable, pierre pr\u00e9cieuse. (Les mat\u00e9riaux utilis\u00e9s pour la conception du sol en marqueterie de marbre peuvent \u00eatre personnalis\u00e9s)<\/p>\n<p><strong>Taille :<\/strong>\u00a0Taille sur mesure (taille de marbre personnalis\u00e9e)<\/p>\n<p><strong>Conception :<\/strong>\u00a0Rev\u00eatement de sol en marbre \u00e0 incrustation standard ou rev\u00eatement de sol en marbre \u00e0 incrustation personnalis\u00e9<\/p>\n<p><strong>Application :<\/strong>\u00a0Villas et maisons de luxe, h\u00f4tels et centres de vill\u00e9giature, espaces commerciaux,<\/p>\n<p>Espaces publics, escaliers et couloirs, entr\u00e9es et foyers, sols en Pietra Dura Art,<\/p>\n<p>Clubs haut de gamme et clubs priv\u00e9s, salles d'exposition,<\/p>\n<p>Boutiques, mus\u00e9e, \u00e9glise, mosqu\u00e9e, etc.<\/p>","protected":false},"featured_media":1206,"template":"","meta":{"_joinchat":[]},"product_brand":[],"product_cat":[20],"product_tag":[],"class_list":{"0":"post-1205","1":"product","2":"type-product","3":"status-publish","4":"has-post-thumbnail","6":"product_cat-classic-marble-inlay-flooring","8":"first","9":"instock","10":"shipping-taxable","11":"product-type-simple"},"_links":{"self":[{"href":"https:\/\/www.smmarbleinlay.com\/fr\/wp-json\/wp\/v2\/product\/1205","targetHints":{"allow":["GET"]}}],"collection":[{"href":"https:\/\/www.smmarbleinlay.com\/fr\/wp-json\/wp\/v2\/product"}],"about":[{"href":"https:\/\/www.smmarbleinlay.com\/fr\/wp-json\/wp\/v2\/types\/product"}],"wp:featuredmedia":[{"embeddable":true,"href":"https:\/\/www.smmarbleinlay.com\/fr\/wp-json\/wp\/v2\/media\/1206"}],"wp:attachment":[{"href":"https:\/\/www.smmarbleinlay.com\/fr\/wp-json\/wp\/v2\/media?parent=1205"}],"wp:term":[{"taxonomy":"product_brand","embeddable":true,"href":"https:\/\/www.smmarbleinlay.com\/fr\/wp-json\/wp\/v2\/product_brand?post=1205"},{"taxonomy":"product_cat","embeddable":true,"href":"https:\/\/www.smmarbleinlay.com\/fr\/wp-json\/wp\/v2\/product_cat?post=1205"},{"taxonomy":"product_tag","embeddable":true,"href":"https:\/\/www.smmarbleinlay.com\/fr\/wp-json\/wp\/v2\/product_tag?post=1205"}],"curies":[{"name":"wp","href":"https:\/\/api.w.org\/{rel}","templated":true}]}}