{"id":1211,"date":"2025-03-25T16:37:40","date_gmt":"2025-03-25T08:37:40","guid":{"rendered":"https:\/\/www.smmarbleinlay.com\/?post_type=product&#038;p=1211"},"modified":"2025-04-10T10:26:12","modified_gmt":"2025-04-10T02:26:12","slug":"luxurious-inlaid-marble-flooring-square-medallion","status":"publish","type":"product","link":"https:\/\/www.smmarbleinlay.com\/fr\/produit\/luxurious-inlaid-marble-flooring-square-medallion\/","title":{"rendered":"Luxueux sol en marbre incrust\u00e9 M\u00e9daillon carr\u00e9"},"content":{"rendered":"<h2>Marbre incrust\u00e9 au sol M\u00e9daillon carr\u00e9 pour les espaces luxueux<\/h2>\n<p>Ce motif de m\u00e9daillon en marbre incrust\u00e9 est une v\u00e9ritable d\u00e9claration de luxe et de sophistication, m\u00e9ticuleusement con\u00e7ue pour rehausser la grandeur des espaces de vie haut de gamme.<\/p>\n<p>Avec son design exquis de m\u00e9daillon en marbre incrust\u00e9, cette pi\u00e8ce de marbre personnalis\u00e9e incarne l'art du marbre incrust\u00e9, ce qui en fait un choix parfait pour les r\u00e9sidences opulentes, les halls d'entr\u00e9e des grands h\u00f4tels et les salons luxueux.<\/p>\n<h2>Luxueux rev\u00eatements de sol en marbre incrust\u00e9 Mat\u00e9riau et savoir-faire<\/h2>\n<p>Fabriqu\u00e9 \u00e0 partir du marbre naturel le plus fin, ce motif d'incrustation en marbre est produit \u00e0 l'aide d'une technologie de pointe de d\u00e9coupe au jet d'eau, ce qui garantit la pr\u00e9cision de chaque d\u00e9tail.<\/p>\n<p>Le travail d'incrustation sans couture met en valeur le savoir-faire d'artisans qualifi\u00e9s, alliant esth\u00e9tique et durabilit\u00e9.<\/p>\n<h2>Luxueux rev\u00eatements de sol en marbre incrust\u00e9 Palette de couleurs et esth\u00e9tique du design<\/h2>\n<p>Le sol est constitu\u00e9 d'une base en marbre blanc cr\u00e8me, qui illumine l'espace et cr\u00e9e une ambiance luxueuse.<\/p>\n<p>Le dessin est encore accentu\u00e9 par d'\u00e9l\u00e9gantes teintes dor\u00e9es, bordeaux et vertes, formant des motifs floraux et des volutes complexes.<\/p>\n<p>Une riche bordure de marbre aux tons contrast\u00e9s encadre le motif, renfor\u00e7ant son attrait royal.<\/p>\n<p>Le m\u00e9daillon sym\u00e9trique en marbre au centre sert de point focal, ajoutant de la profondeur et de la grandeur \u00e0 l'espace.<\/p>\n<h2>Luxueux sol en marbre incrust\u00e9 Motifs artistiques<\/h2>\n<h3>Ce rev\u00eatement de sol en marqueterie de marbre s'inspire de motifs europ\u00e9ens classiques, combinant des volutes florales de style baroque et une sym\u00e9trie g\u00e9om\u00e9trique.<\/h3>\n<p>La disposition des quatre miroirs assure un flux harmonieux, donnant au sol l'aspect d'un tapis complexe tiss\u00e9 \u00e0 partir de marbre.<\/p>\n<p>Les courbes fines et les fioritures refl\u00e8tent l'art d\u00e9licat de la Pietra dure, cr\u00e9ant un rythme visuel \u00e9l\u00e9gant qui rehausse la grandeur de tout int\u00e9rieur.<\/p>\n<p>Le m\u00e9daillon central est subtilement d\u00e9fini et s'int\u00e8gre parfaitement aux motifs environnants pour maintenir une esth\u00e9tique \u00e9quilibr\u00e9e et luxueuse.<\/p>\n<p>La bordure orn\u00e9e sert \u00e0 la fois de cadre et de transition, ce qui permet au design de se d\u00e9marquer tout en compl\u00e9tant les \u00e9l\u00e9ments architecturaux g\u00e9n\u00e9raux de l'espace.<\/p>\n<h2>Luxueux rev\u00eatements de sol en marbre incrust\u00e9 Applications et espaces id\u00e9aux<\/h2>\n<h3>Ce rev\u00eatement de sol sophistiqu\u00e9 \u00e0 incrustation de marbre est id\u00e9al pour :<\/h3>\n<ul>\n<li>Villas et h\u00f4tels particuliers de luxe - \u00c9lever les salons, les grands foyers et les couloirs.<\/li>\n<li>H\u00f4tels et palaces prestigieux - Ajouter une touche d'\u00e9l\u00e9gance intemporelle aux halls d'entr\u00e9e et aux suites.<\/li>\n<li>Boutiques et salles d'exposition de cr\u00e9ateurs - Cr\u00e9er une atmosph\u00e8re d'exclusivit\u00e9 et de sophistication.<\/li>\n<li>Salles de banquet et bureaux haut de gamme - Une base majestueuse pour des int\u00e9rieurs \u00e9l\u00e9gants.<\/li>\n<\/ul>\n<h2>Luxueux sols en marbre incrust\u00e9 Personnalisation et adaptation<\/h2>\n<p>Stone Master propose des options enti\u00e8rement personnalisables, permettant aux clients de choisir parmi une vari\u00e9t\u00e9 de types de marbre, de couleurs, de motifs et de tailles pour r\u00e9pondre \u00e0 leur vision du design.<\/p>\n<p>Notre \u00e9quipe d'experts en design propose des solutions personnalis\u00e9es en mati\u00e8re d'incrustation de marbre, en veillant \u00e0 ce que chaque projet refl\u00e8te le style et les pr\u00e9f\u00e9rences uniques du client.<\/p>\n<p>Avec son savoir-faire in\u00e9gal\u00e9 et ses d\u00e9tails luxueux, ce m\u00e9daillon en marbre de sol transforme tout espace en un chef-d'\u0153uvre d'\u00e9l\u00e9gance raffin\u00e9e.<\/p>","protected":false},"excerpt":{"rendered":"<p><strong>Num\u00e9ro d'article : <\/strong>FL5H005<\/p>\n<p><strong>Mat\u00e9riau :<\/strong>\u00a0Mable, pierre pr\u00e9cieuse. (Les mat\u00e9riaux utilis\u00e9s pour la conception du sol en marqueterie de marbre peuvent \u00eatre personnalis\u00e9s)<\/p>\n<p><strong>Taille :<\/strong>\u00a0Taille sur mesure (taille de marbre personnalis\u00e9e)<\/p>\n<p><strong>Conception :<\/strong>\u00a0Rev\u00eatement de sol en marbre \u00e0 incrustation standard ou rev\u00eatement de sol en marbre \u00e0 incrustation personnalis\u00e9<\/p>\n<p><strong>Application :<\/strong>\u00a0Villas et maisons de luxe, h\u00f4tels et centres de vill\u00e9giature, espaces commerciaux,<\/p>\n<p>Espaces publics, escaliers et couloirs, entr\u00e9es et foyers, sols en Pietra Dura Art,<\/p>\n<p>Clubs haut de gamme et clubs priv\u00e9s, salles d'exposition,<\/p>\n<p>Boutiques, mus\u00e9e, \u00e9glise, mosqu\u00e9e, etc.<\/p>","protected":false},"featured_media":1212,"template":"","meta":{"_joinchat":[]},"product_brand":[],"product_cat":[20],"product_tag":[],"class_list":{"0":"post-1211","1":"product","2":"type-product","3":"status-publish","4":"has-post-thumbnail","6":"product_cat-classic-marble-inlay-flooring","8":"first","9":"instock","10":"shipping-taxable","11":"product-type-simple"},"_links":{"self":[{"href":"https:\/\/www.smmarbleinlay.com\/fr\/wp-json\/wp\/v2\/product\/1211","targetHints":{"allow":["GET"]}}],"collection":[{"href":"https:\/\/www.smmarbleinlay.com\/fr\/wp-json\/wp\/v2\/product"}],"about":[{"href":"https:\/\/www.smmarbleinlay.com\/fr\/wp-json\/wp\/v2\/types\/product"}],"wp:featuredmedia":[{"embeddable":true,"href":"https:\/\/www.smmarbleinlay.com\/fr\/wp-json\/wp\/v2\/media\/1212"}],"wp:attachment":[{"href":"https:\/\/www.smmarbleinlay.com\/fr\/wp-json\/wp\/v2\/media?parent=1211"}],"wp:term":[{"taxonomy":"product_brand","embeddable":true,"href":"https:\/\/www.smmarbleinlay.com\/fr\/wp-json\/wp\/v2\/product_brand?post=1211"},{"taxonomy":"product_cat","embeddable":true,"href":"https:\/\/www.smmarbleinlay.com\/fr\/wp-json\/wp\/v2\/product_cat?post=1211"},{"taxonomy":"product_tag","embeddable":true,"href":"https:\/\/www.smmarbleinlay.com\/fr\/wp-json\/wp\/v2\/product_tag?post=1211"}],"curies":[{"name":"wp","href":"https:\/\/api.w.org\/{rel}","templated":true}]}}