{"id":1217,"date":"2025-03-25T16:44:53","date_gmt":"2025-03-25T08:44:53","guid":{"rendered":"https:\/\/www.smmarbleinlay.com\/?post_type=product&#038;p=1217"},"modified":"2025-04-10T10:18:20","modified_gmt":"2025-04-10T02:18:20","slug":"mosaic-carpet-medallion-marble-inlay-flooring","status":"publish","type":"product","link":"https:\/\/www.smmarbleinlay.com\/fr\/produit\/mosaic-carpet-medallion-marble-inlay-flooring\/","title":{"rendered":"Moquette mosa\u00efque de luxe Moquette m\u00e9daillon Marbre incrustation Rev\u00eatement de sol"},"content":{"rendered":"<h2>Tapis mosa\u00efque de luxe M\u00e9daillon Marbre Incrustation Rev\u00eatement de sol Mat\u00e9riau et artisanat<\/h2>\n<p>Ce superbe rev\u00eatement de sol en mosa\u00efque de marbre est fabriqu\u00e9 \u00e0 partir de marbre de haute qualit\u00e9, ce qui lui conf\u00e8re une durabilit\u00e9 et un attrait intemporel.<\/p>\n<p>Les motifs de rev\u00eatement de sol en mosa\u00efque de tapis et m\u00e9daillon de marbre mettent en valeur l'art de l'incrustation dans le marbre, une technique qui associe la pierre naturelle \u00e0 la pr\u00e9cision de l'artisanat.<\/p>\n<p>La surface polie des rev\u00eatements de sol en mosa\u00efque de marbre met en valeur la beaut\u00e9 naturelle du marbre, ce qui les rend \u00e0 la fois \u00e9l\u00e9gants et durables.<\/p>\n<h2>Palette de couleurs et design d'un sol en marbre classique<\/h2>\n<p>Le sol mosa\u00efque classique en marbre pr\u00e9sente un m\u00e9lange harmonieux de tons chauds dor\u00e9s, rouges profonds et beiges doux, cr\u00e9ant une esth\u00e9tique opulente.<\/p>\n<p>Les motifs floraux et ornementaux d\u00e9taill\u00e9s ajoutent un sentiment de grandeur, ce qui rend cette mosa\u00efque de marbre personnalis\u00e9e id\u00e9ale pour les espaces luxueux.<\/p>\n<p>Les motifs des sols en mosa\u00efque de marbre int\u00e8grent des motifs traditionnels qui exsudent la sophistication et l'h\u00e9ritage.<\/p>\n<h2>Applications id\u00e9ales pour les int\u00e9rieurs haut de gamme<\/h2>\n<h3>Ce m\u00e9daillon en marbre est un choix id\u00e9al pour une vari\u00e9t\u00e9 d'environnements haut de gamme, y compris.. :<\/h3>\n<ul>\n<li>Lobbies d'h\u00f4tels et grandes entr\u00e9es - Am\u00e9liorer la premi\u00e8re impression avec un point focal frappant.<\/li>\n<li>Villas et manoirs de luxe - Ajouter une touche aristocratique aux grands couloirs et aux salles de bal.<\/li>\n<li>Salles de banquet et espaces de r\u00e9ception - Cr\u00e9er une atmosph\u00e8re royale pour des \u00e9v\u00e9nements prestigieux.<\/li>\n<li>Palaces et clubs haut de gamme - \u00c9lever l'int\u00e9rieur avec une \u00e9l\u00e9gance et un luxe intemporels.<\/li>\n<\/ul>\n<h2>Services de personnalisation des sols en marbre et de conception sur mesure<\/h2>\n<p>Chez Stone Master, nous proposons des services de conception de marbre sur mesure afin d'adapter les motifs, les couleurs et les mat\u00e9riaux des incrustations \u00e0 votre vision esth\u00e9tique unique.<\/p>\n<p>Gr\u00e2ce \u00e0 une technologie avanc\u00e9e de d\u00e9coupe au jet d'eau combin\u00e9e \u00e0 des techniques traditionnelles de finition \u00e0 la main, nous veillons \u00e0 ce que chaque pi\u00e8ce soit fabriqu\u00e9e avec pr\u00e9cision et excellence artistique.<\/p>\n<p>Que vous souhaitiez un sol en marbre sur mesure pour une r\u00e9sidence priv\u00e9e ou un projet de grande envergure, notre \u00e9quipe peut donner vie \u00e0 votre vision gr\u00e2ce \u00e0 un savoir-faire in\u00e9gal\u00e9.<\/p>\n<p>Rehaussez votre espace avec le luxe de l'incrustation de marbre - une combinaison parfaite de design classique, d'artisanat exquis et de beaut\u00e9 intemporelle.<\/p>","protected":false},"excerpt":{"rendered":"<p><strong>Num\u00e9ro d'article : <\/strong>FL6I002<\/p>\n<p><strong>Mat\u00e9riau :<\/strong>\u00a0Mable, pierre pr\u00e9cieuse. (les mat\u00e9riaux peuvent \u00eatre personnalis\u00e9s)<\/p>\n<p><strong>Taille :<\/strong>\u00a0Taille sur mesure<\/p>\n<p><strong>Conception :<\/strong>\u00a0Mod\u00e8les standard ou personnalis\u00e9s<\/p>\n<p><strong>Application :<\/strong>\u00a0Villas et maisons de luxe, h\u00f4tels et centres de vill\u00e9giature, espaces commerciaux,<\/p>\n<p>Espaces publics, escaliers et couloirs, entr\u00e9es et foyers,<\/p>\n<p>Clubs haut de gamme et clubs priv\u00e9s, salles d'exposition,<\/p>\n<p>Boutiques, mus\u00e9e, \u00e9glise, mosqu\u00e9e, etc.<\/p>","protected":false},"featured_media":1218,"template":"","meta":{"_joinchat":[]},"product_brand":[],"product_cat":[20],"product_tag":[],"class_list":{"0":"post-1217","1":"product","2":"type-product","3":"status-publish","4":"has-post-thumbnail","6":"product_cat-classic-marble-inlay-flooring","8":"first","9":"instock","10":"shipping-taxable","11":"product-type-simple"},"_links":{"self":[{"href":"https:\/\/www.smmarbleinlay.com\/fr\/wp-json\/wp\/v2\/product\/1217","targetHints":{"allow":["GET"]}}],"collection":[{"href":"https:\/\/www.smmarbleinlay.com\/fr\/wp-json\/wp\/v2\/product"}],"about":[{"href":"https:\/\/www.smmarbleinlay.com\/fr\/wp-json\/wp\/v2\/types\/product"}],"wp:featuredmedia":[{"embeddable":true,"href":"https:\/\/www.smmarbleinlay.com\/fr\/wp-json\/wp\/v2\/media\/1218"}],"wp:attachment":[{"href":"https:\/\/www.smmarbleinlay.com\/fr\/wp-json\/wp\/v2\/media?parent=1217"}],"wp:term":[{"taxonomy":"product_brand","embeddable":true,"href":"https:\/\/www.smmarbleinlay.com\/fr\/wp-json\/wp\/v2\/product_brand?post=1217"},{"taxonomy":"product_cat","embeddable":true,"href":"https:\/\/www.smmarbleinlay.com\/fr\/wp-json\/wp\/v2\/product_cat?post=1217"},{"taxonomy":"product_tag","embeddable":true,"href":"https:\/\/www.smmarbleinlay.com\/fr\/wp-json\/wp\/v2\/product_tag?post=1217"}],"curies":[{"name":"wp","href":"https:\/\/api.w.org\/{rel}","templated":true}]}}