{"id":1220,"date":"2025-03-25T16:48:01","date_gmt":"2025-03-25T08:48:01","guid":{"rendered":"https:\/\/www.smmarbleinlay.com\/?post_type=product&#038;p=1220"},"modified":"2025-04-10T10:08:09","modified_gmt":"2025-04-10T02:08:09","slug":"elegant-square-marble-aesthetic-floor-for-luxury-interiors","status":"publish","type":"product","link":"https:\/\/www.smmarbleinlay.com\/fr\/produit\/elegant-square-marble-aesthetic-floor-for-luxury-interiors\/","title":{"rendered":"Elegant Square Marble Aesthetic Floor For Luxury Interiors (sol esth\u00e9tique en marbre carr\u00e9 pour les int\u00e9rieurs de luxe)"},"content":{"rendered":"<h2>Marbre carr\u00e9 Marbre de sol esth\u00e9tique M\u00e9daillon de marbre pour int\u00e9rieurs luxueux<\/h2>\n<p>Fabriqu\u00e9 \u00e0 partir de marbre naturel de haute qualit\u00e9, ce sol esth\u00e9tique en marbre ou ce sol carr\u00e9 en marqueterie de marbre est d'une grande sophistication et d'une grande durabilit\u00e9.<\/p>\n<p>L'utilisation d'une technologie avanc\u00e9e de d\u00e9coupe au jet d'eau garantit la pr\u00e9cision des d\u00e9tails esth\u00e9tiques du sol en marbre, tandis que la finition polie rehausse l'\u00e9clat naturel de la pierre.<\/p>\n<p>Le m\u00e9daillon en pierre de ce sol esth\u00e9tique en marbre est un v\u00e9ritable chef-d'\u0153uvre, alliant savoir-faire artisanal et luxe intemporel.<\/p>\n<h2>Palette de couleurs raffin\u00e9e et design en marbre<\/h2>\n<p>Ce sol en mosa\u00efque de marbre ou sol esth\u00e9tique en marbre pr\u00e9sente une \u00e9l\u00e9gante combinaison de tons blanc cr\u00e8me, or riche, rouge profond et vert subtil, formant une harmonieuse couronne florale.<\/p>\n<p>Les motifs d\u00e9licats et les fioritures artistiques cr\u00e9ent un effet visuellement stup\u00e9fiant, ce qui en fait un rev\u00eatement de sol id\u00e9al pour les int\u00e9rieurs haut de gamme.<\/p>\n<p>La bordure ext\u00e9rieure, rehauss\u00e9e de teintes brunes et dor\u00e9es, encadre magnifiquement le dessin, renfor\u00e7ant ainsi son attrait royal.<\/p>\n<h2>Parfait pour les int\u00e9rieurs luxueux<\/h2>\n<h3>Cette incrustation de foyer en marbre est con\u00e7ue pour rehausser les espaces prestigieux, ce qui en fait une pi\u00e8ce de choix pour :<\/h3>\n<ul>\n<li>Grandes entr\u00e9es et foyers - Am\u00e9liorer la premi\u00e8re impression avec un accueil opulent.<\/li>\n<li>R\u00e9sidences et villas de luxe - Ajouter une sophistication artistique aux couloirs et aux zones de r\u00e9ception.<\/li>\n<li>Lobbies d'h\u00f4tels et salles de banquet - Cr\u00e9er une ambiance raffin\u00e9e et majestueuse.<\/li>\n<li>Palaces et clubs haut de gamme - L'\u00e9l\u00e9gance et l'esth\u00e9tique classique sont mises en valeur dans des espaces exclusifs.<\/li>\n<\/ul>\n<h2>Services de personnalisation et de conception de marbre sur mesure<\/h2>\n<p>Avec les services de rev\u00eatement de sol en m\u00e9daillon sur mesure, nous offrons des conceptions personnalis\u00e9es adapt\u00e9es \u00e0 vos pr\u00e9f\u00e9rences.<\/p>\n<p>Que vous souhaitiez des combinaisons de couleurs sp\u00e9cifiques, des motifs floraux complexes ou un m\u00e9daillon d'entr\u00e9e tout \u00e0 fait unique, nos artisans qualifi\u00e9s donneront vie \u00e0 votre vision.<\/p>\n<p>En utilisant du marbre taill\u00e9 avec pr\u00e9cision et des d\u00e9tails artisanaux, nous nous assurons que chaque m\u00e9daillon en marqueterie de marbre est un chef-d'\u0153uvre unique en son genre.<\/p>\n<p>Transformez votre espace avec la beaut\u00e9 de l'incrustation de marbre, o\u00f9 l'\u00e9l\u00e9gance rencontre l'art, cr\u00e9ant une d\u00e9claration de luxe intemporelle.<\/p>","protected":false},"excerpt":{"rendered":"<p><strong>Num\u00e9ro d'article : <\/strong>FL6I003<\/p>\n<p><strong>Mat\u00e9riau :<\/strong>\u00a0Mable, pierre pr\u00e9cieuse. (Les mat\u00e9riaux utilis\u00e9s pour la conception du sol en marqueterie de marbre peuvent \u00eatre personnalis\u00e9s)<\/p>\n<p><strong>Taille :<\/strong>\u00a0Taille sur mesure (taille de marbre personnalis\u00e9e)<\/p>\n<p><strong>Conception :<\/strong>\u00a0Rev\u00eatement de sol en marbre \u00e0 incrustation standard ou rev\u00eatement de sol en marbre \u00e0 incrustation personnalis\u00e9<\/p>\n<p><strong>Application :<\/strong>\u00a0Villas et maisons de luxe, h\u00f4tels et centres de vill\u00e9giature, espaces commerciaux,<\/p>\n<p>Espaces publics, escaliers et couloirs, entr\u00e9es et foyers, sols en Pietra Dura Art,<\/p>\n<p>Clubs haut de gamme et clubs priv\u00e9s, salles d'exposition,<\/p>\n<p>Boutiques, mus\u00e9e, \u00e9glise, mosqu\u00e9e, etc.<\/p>","protected":false},"featured_media":1221,"template":"","meta":{"_joinchat":[]},"product_brand":[],"product_cat":[20],"product_tag":[],"class_list":{"0":"post-1220","1":"product","2":"type-product","3":"status-publish","4":"has-post-thumbnail","6":"product_cat-classic-marble-inlay-flooring","8":"first","9":"instock","10":"shipping-taxable","11":"product-type-simple"},"_links":{"self":[{"href":"https:\/\/www.smmarbleinlay.com\/fr\/wp-json\/wp\/v2\/product\/1220","targetHints":{"allow":["GET"]}}],"collection":[{"href":"https:\/\/www.smmarbleinlay.com\/fr\/wp-json\/wp\/v2\/product"}],"about":[{"href":"https:\/\/www.smmarbleinlay.com\/fr\/wp-json\/wp\/v2\/types\/product"}],"wp:featuredmedia":[{"embeddable":true,"href":"https:\/\/www.smmarbleinlay.com\/fr\/wp-json\/wp\/v2\/media\/1221"}],"wp:attachment":[{"href":"https:\/\/www.smmarbleinlay.com\/fr\/wp-json\/wp\/v2\/media?parent=1220"}],"wp:term":[{"taxonomy":"product_brand","embeddable":true,"href":"https:\/\/www.smmarbleinlay.com\/fr\/wp-json\/wp\/v2\/product_brand?post=1220"},{"taxonomy":"product_cat","embeddable":true,"href":"https:\/\/www.smmarbleinlay.com\/fr\/wp-json\/wp\/v2\/product_cat?post=1220"},{"taxonomy":"product_tag","embeddable":true,"href":"https:\/\/www.smmarbleinlay.com\/fr\/wp-json\/wp\/v2\/product_tag?post=1220"}],"curies":[{"name":"wp","href":"https:\/\/api.w.org\/{rel}","templated":true}]}}