{"id":1223,"date":"2025-03-25T16:51:13","date_gmt":"2025-03-25T08:51:13","guid":{"rendered":"https:\/\/www.smmarbleinlay.com\/?post_type=product&#038;p=1223"},"modified":"2025-04-10T10:13:32","modified_gmt":"2025-04-10T02:13:32","slug":"luxury-round-marble-inlay-medallion-circle","status":"publish","type":"product","link":"https:\/\/www.smmarbleinlay.com\/fr\/produit\/luxury-round-marble-inlay-medallion-circle\/","title":{"rendered":"M\u00e9daillon de luxe rond en marbre incrust\u00e9 Cercle"},"content":{"rendered":"<h2>M\u00e9daillon circulaire Premium M\u00e9daillon rond \u00e0 incrustation de marbre Cercle<\/h2>\n<p>Ce rev\u00eatement de sol rond en m\u00e9daillon de marbre est fabriqu\u00e9 de mani\u00e8re experte \u00e0 partir de marbre naturel de haute qualit\u00e9, ce qui garantit sa durabilit\u00e9 et son \u00e9l\u00e9gance intemporelle.<\/p>\n<p>Gr\u00e2ce \u00e0 une technologie avanc\u00e9e de d\u00e9coupe au jet d'eau, chaque motif rond et complexe de m\u00e9daillon en marbre est incrust\u00e9 avec pr\u00e9cision pour cr\u00e9er un m\u00e9daillon en pierre impeccable qui rehausse la grandeur de tout espace.<\/p>\n<p>La surface ronde polie du m\u00e9daillon en incrustation de marbre refl\u00e8te non seulement magnifiquement la lumi\u00e8re, mais offre \u00e9galement une finition luxueuse qui dure des g\u00e9n\u00e9rations.<\/p>\n<h2>Palette de couleurs \u00e9l\u00e9gante et design artistique<\/h2>\n<p>Le rev\u00eatement de sol rond en m\u00e9daillon incrust\u00e9 de marbre pr\u00e9sente une combinaison raffin\u00e9e de teintes beige, or, rouge et vert, formant un motif sophistiqu\u00e9 d'inspiration florale.<\/p>\n<p>Le dessin radial comprend des fioritures ornementales et des d\u00e9tails classiques, ce qui donne de la profondeur et du mouvement \u00e0 la composition.<\/p>\n<p>Ench\u00e2ss\u00e9 dans une bordure circulaire d\u00e9corative, ce sol en mosa\u00efque de marbre s'int\u00e8gre parfaitement aux int\u00e9rieurs opulents, ce qui en fait un rev\u00eatement de sol id\u00e9al pour les environnements haut de gamme.<\/p>\n<h2>Id\u00e9al pour les espaces luxueux<\/h2>\n<p>Ce m\u00e9daillon de carrelage d'entr\u00e9e est con\u00e7u pour cr\u00e9er une premi\u00e8re impression saisissante et rehausser les int\u00e9rieurs haut de gamme, ce qui le rend id\u00e9al pour :<\/p>\n<ul>\n<li>Foyers et entr\u00e9es en marbre - Ajouter de l'\u00e9l\u00e9gance et de l'exclusivit\u00e9 aux grandes entr\u00e9es.<\/li>\n<li>Villas et r\u00e9sidences de luxe - Des espaces de vie qui t\u00e9moignent d'un go\u00fbt raffin\u00e9 et d'un savoir-faire artisanal.<\/li>\n<li>Lobbies d'h\u00f4tels et zones de r\u00e9ception - Am\u00e9liorer l'ambiance des lieux d'accueil haut de gamme.<\/li>\n<li>Palaces et clubs exclusifs - Cr\u00e9er une esth\u00e9tique royale et intemporelle dans des espaces distingu\u00e9s.<\/li>\n<\/ul>\n<h2>Design et personnalisation du marbre<\/h2>\n<p>Nous proposons des solutions de rev\u00eatement de sol en m\u00e9daillon sur mesure, permettant aux clients de personnaliser les designs en fonction de leur vision architecturale.<\/p>\n<p>Qu'il s'agisse de changer les couleurs, de modifier les motifs ou de cr\u00e9er un centre de table unique en marbre, nos artisans qualifi\u00e9s proposent des solutions d'incrustation de marbre sur mesure.<\/p>\n<p>Chaque motif est m\u00e9ticuleusement fabriqu\u00e9 \u00e0 la main pour transformer votre sol en une \u0153uvre d'art.<\/p>\n<p>Apportez l'\u00e9l\u00e9gance classique et l'art complexe \u00e0 votre espace avec ce rev\u00eatement de sol en marqueterie de marbre rond - un m\u00e9lange parfait de luxe et d'artisanat.<\/p>","protected":false},"excerpt":{"rendered":"<p><strong>Num\u00e9ro d'article : <\/strong>FL5H006<\/p>\n<p><strong>Mat\u00e9riau :<\/strong>\u00a0Mable, pierre pr\u00e9cieuse. (les mat\u00e9riaux peuvent \u00eatre personnalis\u00e9s)<\/p>\n<p><strong>Taille :<\/strong>\u00a0Taille sur mesure<\/p>\n<p><strong>Conception :<\/strong>\u00a0Mod\u00e8les standard ou personnalis\u00e9s<\/p>\n<p><strong>Application :<\/strong>\u00a0Villas et maisons de luxe, h\u00f4tels et centres de vill\u00e9giature, espaces commerciaux,<\/p>\n<p>Espaces publics, escaliers et couloirs, entr\u00e9es et foyers,<\/p>\n<p>Clubs haut de gamme et clubs priv\u00e9s, salles d'exposition,<\/p>\n<p>Boutiques, mus\u00e9e, \u00e9glise, mosqu\u00e9e, etc.<\/p>","protected":false},"featured_media":1224,"template":"","meta":{"_joinchat":[]},"product_brand":[],"product_cat":[20],"product_tag":[],"class_list":{"0":"post-1223","1":"product","2":"type-product","3":"status-publish","4":"has-post-thumbnail","6":"product_cat-classic-marble-inlay-flooring","8":"first","9":"instock","10":"shipping-taxable","11":"product-type-simple"},"_links":{"self":[{"href":"https:\/\/www.smmarbleinlay.com\/fr\/wp-json\/wp\/v2\/product\/1223","targetHints":{"allow":["GET"]}}],"collection":[{"href":"https:\/\/www.smmarbleinlay.com\/fr\/wp-json\/wp\/v2\/product"}],"about":[{"href":"https:\/\/www.smmarbleinlay.com\/fr\/wp-json\/wp\/v2\/types\/product"}],"wp:featuredmedia":[{"embeddable":true,"href":"https:\/\/www.smmarbleinlay.com\/fr\/wp-json\/wp\/v2\/media\/1224"}],"wp:attachment":[{"href":"https:\/\/www.smmarbleinlay.com\/fr\/wp-json\/wp\/v2\/media?parent=1223"}],"wp:term":[{"taxonomy":"product_brand","embeddable":true,"href":"https:\/\/www.smmarbleinlay.com\/fr\/wp-json\/wp\/v2\/product_brand?post=1223"},{"taxonomy":"product_cat","embeddable":true,"href":"https:\/\/www.smmarbleinlay.com\/fr\/wp-json\/wp\/v2\/product_cat?post=1223"},{"taxonomy":"product_tag","embeddable":true,"href":"https:\/\/www.smmarbleinlay.com\/fr\/wp-json\/wp\/v2\/product_tag?post=1223"}],"curies":[{"name":"wp","href":"https:\/\/api.w.org\/{rel}","templated":true}]}}