{"id":1229,"date":"2025-03-25T17:02:39","date_gmt":"2025-03-25T09:02:39","guid":{"rendered":"https:\/\/www.smmarbleinlay.com\/?post_type=product&#038;p=1229"},"modified":"2025-04-10T10:01:07","modified_gmt":"2025-04-10T02:01:07","slug":"luxurious-rectangular-marble-inlay-flooring-design","status":"publish","type":"product","link":"https:\/\/www.smmarbleinlay.com\/fr\/produit\/luxurious-rectangular-marble-inlay-flooring-design\/","title":{"rendered":"Luxueux rev\u00eatement de sol rectangulaire en marqueterie de marbre"},"content":{"rendered":"<h2>Rev\u00eatement de sol en marqueterie de marbre rectangulaire exquis<\/h2>\n<p>Cet exquis rev\u00eatement de sol rectangulaire en marbre est un v\u00e9ritable chef-d'\u0153uvre, m\u00ealant des motifs complexes, des couleurs riches et des pierres naturelles de haute qualit\u00e9.<\/p>\n<p>Con\u00e7u pour les int\u00e9rieurs grandioses, ce rev\u00eatement de sol rectangulaire en marbre rehausse le luxe des salons, des halls d'entr\u00e9e d'h\u00f4tels, des couloirs et d'autres espaces haut de gamme.<\/p>\n<h2>Mat\u00e9riaux et savoir-faire en marbre de premi\u00e8re qualit\u00e9<\/h2>\n<p>Fabriqu\u00e9 \u00e0 partir du marbre le plus fin, ce m\u00e9daillon rectangulaire \u00e0 incrustation de marbre pour le sol pr\u00e9sente un m\u00e9lange harmonieux de marbre beige clair comme base, contrast\u00e9 par des incrustations de marron fonc\u00e9, d'or et de fleurs vibrantes.<\/p>\n<p>La technique de d\u00e9coupe au jet d'eau garantit la pr\u00e9cision et l'int\u00e9gration parfaite des d\u00e9tails complexes, faisant ressortir la richesse de la pierre naturelle tout en garantissant la durabilit\u00e9 et la long\u00e9vit\u00e9.<\/p>\n<h2>Palette de couleurs sophistiqu\u00e9e et design ornemental<\/h2>\n<p>Le dessin en marbre personnalis\u00e9 pr\u00e9sente une composition royale avec un \u00e9l\u00e9gant motif floral en son centre, encadr\u00e9 par des volutes ornementales et des d\u00e9tails complexes dans des tons d'or, de vert et de terre.<\/p>\n<p>La bordure est orn\u00e9e d'un opulent cadre en marbre brun fonc\u00e9, qui ajoute de la profondeur et du contraste au motif.<\/p>\n<p>La coordination raffin\u00e9e des couleurs renforce l'impression de luxe et de sophistication, ce qui en fait un produit id\u00e9al pour les int\u00e9rieurs classiques et modernes.<\/p>\n<h2>Applications et espaces id\u00e9aux Inlay Marble Flooring Design<\/h2>\n<h3>Ce m\u00e9daillon en marbre est id\u00e9al pour :<\/h3>\n<ul>\n<li>Grands salons et salles de s\u00e9jour - Pour rehausser l'opulence des int\u00e9rieurs haut de gamme.<\/li>\n<li>Halls et couloirs d'h\u00f4tels - \u00c9lever l'atmosph\u00e8re gr\u00e2ce \u00e0 l'\u00e9l\u00e9gance artistique.<\/li>\n<li>R\u00e9sidences et villas de luxe - Cr\u00e9ation d'un chef-d'\u0153uvre de rev\u00eatement de sol.<\/li>\n<li>Couloirs et foyers de prestige - Une premi\u00e8re impression saisissante.<\/li>\n<\/ul>\n<h2>Customisation et personnalisation Inlay Marble Flooring Design<\/h2>\n<p>Stone Master propose des m\u00e9daillons de sol et des m\u00e9daillons d'incrustation en marbre enti\u00e8rement personnalisables, ce qui permet aux clients de personnaliser la taille, les combinaisons de couleurs et les d\u00e9tails complexes pour r\u00e9pondre \u00e0 leur esth\u00e9tique sp\u00e9cifique et \u00e0 leur vision architecturale.<\/p>\n<p>Qu'il s'agisse d'un style europ\u00e9en classique, d'un luxe moderne ou de th\u00e8mes artistiques sur mesure, nos concepteurs experts veillent \u00e0 ce que chaque projet soit une expression unique de l'\u00e9l\u00e9gance.<\/p>","protected":false},"excerpt":{"rendered":"<p><strong>Num\u00e9ro d'article : <\/strong>FL5H007<\/p>\n<p><strong>Mat\u00e9riau :<\/strong>\u00a0Mable, pierre pr\u00e9cieuse. (les mat\u00e9riaux peuvent \u00eatre personnalis\u00e9s)<\/p>\n<p><strong>Taille :<\/strong>\u00a0Taille sur mesure<\/p>\n<p><strong>Conception :<\/strong>\u00a0Mod\u00e8les standard ou personnalis\u00e9s<\/p>\n<p><strong>Application :<\/strong>\u00a0Villas et maisons de luxe, h\u00f4tels et centres de vill\u00e9giature, espaces commerciaux,<\/p>\n<p>Espaces publics, escaliers et couloirs, entr\u00e9es et foyers,<\/p>\n<p>Clubs haut de gamme et clubs priv\u00e9s, salles d'exposition,<\/p>\n<p>Boutiques, mus\u00e9e, \u00e9glise, mosqu\u00e9e, etc.<\/p>","protected":false},"featured_media":1230,"template":"","meta":{"_joinchat":[]},"product_brand":[],"product_cat":[20],"product_tag":[],"class_list":{"0":"post-1229","1":"product","2":"type-product","3":"status-publish","4":"has-post-thumbnail","6":"product_cat-classic-marble-inlay-flooring","8":"first","9":"instock","10":"shipping-taxable","11":"product-type-simple"},"_links":{"self":[{"href":"https:\/\/www.smmarbleinlay.com\/fr\/wp-json\/wp\/v2\/product\/1229","targetHints":{"allow":["GET"]}}],"collection":[{"href":"https:\/\/www.smmarbleinlay.com\/fr\/wp-json\/wp\/v2\/product"}],"about":[{"href":"https:\/\/www.smmarbleinlay.com\/fr\/wp-json\/wp\/v2\/types\/product"}],"wp:featuredmedia":[{"embeddable":true,"href":"https:\/\/www.smmarbleinlay.com\/fr\/wp-json\/wp\/v2\/media\/1230"}],"wp:attachment":[{"href":"https:\/\/www.smmarbleinlay.com\/fr\/wp-json\/wp\/v2\/media?parent=1229"}],"wp:term":[{"taxonomy":"product_brand","embeddable":true,"href":"https:\/\/www.smmarbleinlay.com\/fr\/wp-json\/wp\/v2\/product_brand?post=1229"},{"taxonomy":"product_cat","embeddable":true,"href":"https:\/\/www.smmarbleinlay.com\/fr\/wp-json\/wp\/v2\/product_cat?post=1229"},{"taxonomy":"product_tag","embeddable":true,"href":"https:\/\/www.smmarbleinlay.com\/fr\/wp-json\/wp\/v2\/product_tag?post=1229"}],"curies":[{"name":"wp","href":"https:\/\/api.w.org\/{rel}","templated":true}]}}