{"id":1232,"date":"2025-03-25T18:00:07","date_gmt":"2025-03-25T10:00:07","guid":{"rendered":"https:\/\/www.smmarbleinlay.com\/?post_type=product&#038;p=1232"},"modified":"2025-04-10T09:56:58","modified_gmt":"2025-04-10T01:56:58","slug":"classic-marble-floor-design-royal-flooring","status":"publish","type":"product","link":"https:\/\/www.smmarbleinlay.com\/fr\/produit\/classic-marble-floor-design-royal-flooring\/","title":{"rendered":"Design classique du sol en marbre Royal Flooring"},"content":{"rendered":"<h2>Design classique des sols en marbre Sols de luxe<\/h2>\n<p>Ce sol en marbre classique, ou sol en marbre incrust\u00e9, est une repr\u00e9sentation \u00e9tonnante de l'\u00e9l\u00e9gance et de la sophistication, con\u00e7ue pour rehausser la grandeur des int\u00e9rieurs luxueux.<\/p>\n<p>Le design complexe du sol royal, la riche palette de couleurs et les mat\u00e9riaux de qualit\u00e9 sup\u00e9rieure en font un choix id\u00e9al pour les manoirs, les r\u00e9sidences royales et les espaces d'accueil haut de gamme.<\/p>\n<h2>Mat\u00e9riaux et savoir-faire en marbre exquis<\/h2>\n<p>Con\u00e7u avec des incrustations naturelles de marbre de haute qualit\u00e9, ce m\u00e9daillon de sol royal pr\u00e9sente une base beige immacul\u00e9e, associ\u00e9e \u00e0 des accents dor\u00e9s, bruns et noirs profonds.<\/p>\n<p>Les volutes \u00e9labor\u00e9es sont fabriqu\u00e9es avec pr\u00e9cision gr\u00e2ce \u00e0 la technologie de d\u00e9coupe au jet d'eau, ce qui garantit une int\u00e9gration parfaite de chaque pi\u00e8ce de marbre.<\/p>\n<p>La surface polie met en valeur la beaut\u00e9 naturelle de la pierre, ajoutant de la profondeur et de la brillance au dessin.<\/p>\n<h2>Combinaison royale de couleurs et design ornemental<\/h2>\n<p>Ce motif en marbre personnalis\u00e9 pr\u00e9sente un majestueux m\u00e9daillon circulaire au centre, entour\u00e9 d'un \u00e9l\u00e9gant m\u00e9daillon rectangulaire.<\/p>\n<p>Les motifs floraux tourbillonnants, accentu\u00e9s par des incrustations de marbre noir et dor\u00e9, cr\u00e9ent une esth\u00e9tique intemporelle.<\/p>\n<p>Les ornements d'angle et les d\u00e9tails complexes \u00e9voquent le luxe europ\u00e9en classique, ce qui fait de ce mod\u00e8le une marque de fabrique de l'artisanat raffin\u00e9.<\/p>\n<h2>Ideal Applications &amp; Grand Interiors<\/h2>\n<h3>Ce m\u00e9daillon en marbre est id\u00e9al pour :<\/h3>\n<ul>\n<li>Manoirs et palais de luxe - Cr\u00e9er une ambiance opulente et intemporelle.<\/li>\n<li>Lobbies d'h\u00f4tels haut de gamme et salons VIP - \u00c9lever l'attrait esth\u00e9tique avec un charme royal.<\/li>\n<li>Salles de s\u00e9jour officielles et grands foyers - Pour une d\u00e9claration audacieuse et sophistiqu\u00e9e.<\/li>\n<li>Salles de banquet et de bal prestigieuses - Une \u00e9l\u00e9gance in\u00e9gal\u00e9e pour rehausser l'atmosph\u00e8re.<\/li>\n<\/ul>\n<h2>Services d'adaptation et de personnalisation<\/h2>\n<p>Chez Stone Master, nous sommes sp\u00e9cialis\u00e9s dans la conception de marbres sur mesure, offrant une vari\u00e9t\u00e9 d'options en termes de tailles, de couleurs et de motifs complexes pour compl\u00e9ter divers styles architecturaux.<\/p>\n<p>Que vous soyez \u00e0 la recherche d'un sol royal sur mesure ou d'un sol d'h\u00f4tel particulier sur mesure, nos concepteurs experts peuvent cr\u00e9er un chef-d'\u0153uvre unique correspondant \u00e0 votre vision.<\/p>\n<p>Ce luxueux rev\u00eatement de sol en marbre n'est pas seulement un \u00e9l\u00e9ment d\u00e9coratif, mais un symbole de prestige et d'excellence artistique, transformant tout espace en une d\u00e9claration de grandeur et de sophistication.<\/p>","protected":false},"excerpt":{"rendered":"<p><strong>Num\u00e9ro d'article : <\/strong>FL5H008<\/p>\n<p><strong>Mat\u00e9riau :<\/strong>\u00a0Mable, pierre pr\u00e9cieuse. (les mat\u00e9riaux peuvent \u00eatre personnalis\u00e9s)<\/p>\n<p><strong>Taille :<\/strong>\u00a0Taille sur mesure<\/p>\n<p><strong>Conception :<\/strong>\u00a0Mod\u00e8les standard ou personnalis\u00e9s<\/p>\n<p><strong>Application :<\/strong>\u00a0Villas et maisons de luxe, h\u00f4tels et centres de vill\u00e9giature, espaces commerciaux,<\/p>\n<p>Espaces publics, escaliers et couloirs, entr\u00e9es et foyers,<\/p>\n<p>Clubs haut de gamme et clubs priv\u00e9s, salles d'exposition,<\/p>\n<p>Boutiques, mus\u00e9e, \u00e9glise, mosqu\u00e9e, etc.<\/p>","protected":false},"featured_media":1233,"template":"","meta":{"_joinchat":[]},"product_brand":[],"product_cat":[20],"product_tag":[],"class_list":{"0":"post-1232","1":"product","2":"type-product","3":"status-publish","4":"has-post-thumbnail","6":"product_cat-classic-marble-inlay-flooring","8":"first","9":"instock","10":"shipping-taxable","11":"product-type-simple"},"_links":{"self":[{"href":"https:\/\/www.smmarbleinlay.com\/fr\/wp-json\/wp\/v2\/product\/1232","targetHints":{"allow":["GET"]}}],"collection":[{"href":"https:\/\/www.smmarbleinlay.com\/fr\/wp-json\/wp\/v2\/product"}],"about":[{"href":"https:\/\/www.smmarbleinlay.com\/fr\/wp-json\/wp\/v2\/types\/product"}],"wp:featuredmedia":[{"embeddable":true,"href":"https:\/\/www.smmarbleinlay.com\/fr\/wp-json\/wp\/v2\/media\/1233"}],"wp:attachment":[{"href":"https:\/\/www.smmarbleinlay.com\/fr\/wp-json\/wp\/v2\/media?parent=1232"}],"wp:term":[{"taxonomy":"product_brand","embeddable":true,"href":"https:\/\/www.smmarbleinlay.com\/fr\/wp-json\/wp\/v2\/product_brand?post=1232"},{"taxonomy":"product_cat","embeddable":true,"href":"https:\/\/www.smmarbleinlay.com\/fr\/wp-json\/wp\/v2\/product_cat?post=1232"},{"taxonomy":"product_tag","embeddable":true,"href":"https:\/\/www.smmarbleinlay.com\/fr\/wp-json\/wp\/v2\/product_tag?post=1232"}],"curies":[{"name":"wp","href":"https:\/\/api.w.org\/{rel}","templated":true}]}}