{"id":1239,"date":"2025-03-25T20:46:21","date_gmt":"2025-03-25T12:46:21","guid":{"rendered":"https:\/\/www.smmarbleinlay.com\/?post_type=product&#038;p=1239"},"modified":"2025-04-09T17:23:49","modified_gmt":"2025-04-09T09:23:49","slug":"luxury-inlaid-marble-medallion-floor-design-for-elegant-interiors","status":"publish","type":"product","link":"https:\/\/www.smmarbleinlay.com\/fr\/produit\/luxury-inlaid-marble-medallion-floor-design-for-elegant-interiors\/","title":{"rendered":"Plancher de luxe \u00e0 m\u00e9daillons de marbre incrust\u00e9s pour int\u00e9rieurs \u00e9l\u00e9gants"},"content":{"rendered":"<h2>Plancher de luxe \u00e0 m\u00e9daillons de marbre incrust\u00e9s pour int\u00e9rieurs \u00e9l\u00e9gants<\/h2>\n<p>\u00c9levez votre espace avec cet exquis sol en m\u00e9daillon de marbre incrust\u00e9, un chef-d'\u0153uvre de luxe en m\u00e9daillon de marbre incrust\u00e9 qui allie harmonieusement l'\u00e9l\u00e9gance et la durabilit\u00e9.<\/p>\n<p>Pr\u00e9sentant une combinaison harmonieuse de marbre beige, dor\u00e9, noir et brun, ce luxueux sol en m\u00e9daillon de marbre incrust\u00e9 apporte une touche sophistiqu\u00e9e \u00e0 tout int\u00e9rieur haut de gamme.<\/p>\n<h2>Plancher de marbre incrust\u00e9 Design et palette de couleurs :<\/h2>\n<ul>\n<li>Mat\u00e9riau : Marbre naturel de haute qualit\u00e9<\/li>\n<li>Couleurs primaires : Base beige cr\u00e9meuse avec des veines complexes dor\u00e9es, brunes et vertes.<\/li>\n<li>Accents de bordure : Encadrement noir et or pour un contraste saisissant<\/li>\n<li>Motif : Motifs floraux europ\u00e9ens classiques avec des tourbillons orn\u00e9s et des d\u00e9tails sym\u00e9triques, ajoutant une touche royale et luxueuse.<\/li>\n<\/ul>\n<h2>Marbre incrust\u00e9 Application et espaces id\u00e9aux :<\/h2>\n<p>Ce m\u00e9daillon en marbre est parfait pour :<br \/>\n\u2714 Salles \u00e0 manger de luxe - Rehausse la grandeur des espaces formels<br \/>\n\u2714 Hall d'entr\u00e9e d'h\u00f4tel - Cr\u00e9e une premi\u00e8re impression somptueuse<br \/>\n\u2714 Halls d'entr\u00e9e et foyers - Ajoute une touche d'opulence<br \/>\n\u2714 Salles de bal et de banquet - Id\u00e9ales pour les rassemblements \u00e9l\u00e9gants<br \/>\n\u2714 Espaces de vente au d\u00e9tail et boutiques de luxe - Am\u00e9liore l'exp\u00e9rience d'achat<\/p>\n<p>Fabriqu\u00e9 avec pr\u00e9cision et un art intemporel, ce design en incrustation de marbre offre \u00e0 la fois durabilit\u00e9 et excellence esth\u00e9tique.<\/p>\n<p>Il ne s'agit pas seulement d'un sol en marbre, mais d'une d\u00e9claration de go\u00fbt raffin\u00e9 et de luxe.<\/p>\n<p>Souhaitez-vous un design personnalis\u00e9 qui s'harmonise avec votre style d'int\u00e9rieur ? Laissez-nous donner vie \u00e0 votre vision gr\u00e2ce \u00e0 nos solutions de rev\u00eatement de sol en marbre incrust\u00e9 sur mesure !<\/p>","protected":false},"excerpt":{"rendered":"<p><strong>Num\u00e9ro d'article : <\/strong>FL4G007<\/p>\n<p><strong>Mat\u00e9riau :<\/strong>\u00a0Mable, pierre pr\u00e9cieuse. (Les mat\u00e9riaux utilis\u00e9s pour la conception du sol en marqueterie de marbre peuvent \u00eatre personnalis\u00e9s)<\/p>\n<p><strong>Taille :<\/strong>\u00a0Taille sur mesure (taille de marbre personnalis\u00e9e)<\/p>\n<p><strong>Conception :<\/strong>\u00a0Rev\u00eatement de sol en marbre \u00e0 incrustation standard ou rev\u00eatement de sol en marbre \u00e0 incrustation personnalis\u00e9<\/p>\n<p><strong>Application :<\/strong>\u00a0Villas et maisons de luxe, h\u00f4tels et centres de vill\u00e9giature, espaces commerciaux,<\/p>\n<p>Espaces publics, escaliers et couloirs, entr\u00e9es et foyers, sols en Pietra Dura Art,<\/p>\n<p>Clubs haut de gamme et clubs priv\u00e9s, salles d'exposition,<\/p>\n<p>Boutiques, mus\u00e9e, \u00e9glise, mosqu\u00e9e, etc.<\/p>","protected":false},"featured_media":1240,"template":"","meta":{"_joinchat":[]},"product_brand":[],"product_cat":[20],"product_tag":[],"class_list":{"0":"post-1239","1":"product","2":"type-product","3":"status-publish","4":"has-post-thumbnail","6":"product_cat-classic-marble-inlay-flooring","8":"first","9":"instock","10":"shipping-taxable","11":"product-type-simple"},"_links":{"self":[{"href":"https:\/\/www.smmarbleinlay.com\/fr\/wp-json\/wp\/v2\/product\/1239","targetHints":{"allow":["GET"]}}],"collection":[{"href":"https:\/\/www.smmarbleinlay.com\/fr\/wp-json\/wp\/v2\/product"}],"about":[{"href":"https:\/\/www.smmarbleinlay.com\/fr\/wp-json\/wp\/v2\/types\/product"}],"wp:featuredmedia":[{"embeddable":true,"href":"https:\/\/www.smmarbleinlay.com\/fr\/wp-json\/wp\/v2\/media\/1240"}],"wp:attachment":[{"href":"https:\/\/www.smmarbleinlay.com\/fr\/wp-json\/wp\/v2\/media?parent=1239"}],"wp:term":[{"taxonomy":"product_brand","embeddable":true,"href":"https:\/\/www.smmarbleinlay.com\/fr\/wp-json\/wp\/v2\/product_brand?post=1239"},{"taxonomy":"product_cat","embeddable":true,"href":"https:\/\/www.smmarbleinlay.com\/fr\/wp-json\/wp\/v2\/product_cat?post=1239"},{"taxonomy":"product_tag","embeddable":true,"href":"https:\/\/www.smmarbleinlay.com\/fr\/wp-json\/wp\/v2\/product_tag?post=1239"}],"curies":[{"name":"wp","href":"https:\/\/api.w.org\/{rel}","templated":true}]}}