{"id":1242,"date":"2025-03-25T20:51:04","date_gmt":"2025-03-25T12:51:04","guid":{"rendered":"https:\/\/www.smmarbleinlay.com\/?post_type=product&#038;p=1242"},"modified":"2025-04-09T17:19:36","modified_gmt":"2025-04-09T09:19:36","slug":"elegant-rectangular-marble-inlay-medallion-floor-design-for-luxury-interiors","status":"publish","type":"product","link":"https:\/\/www.smmarbleinlay.com\/fr\/produit\/elegant-rectangular-marble-inlay-medallion-floor-design-for-luxury-interiors\/","title":{"rendered":"\u00c9l\u00e9gant m\u00e9daillon rectangulaire \u00e0 incrustation de marbre pour les int\u00e9rieurs de luxe"},"content":{"rendered":"<h2>\u00c9l\u00e9gant m\u00e9daillon rectangulaire \u00e0 incrustation de marbre pour les int\u00e9rieurs de luxe<\/h2>\n<p>Rehaussez votre int\u00e9rieur avec ce superbe sol en marbre \u00e0 incrustation de m\u00e9daillons, une fusion de l'art classique et de l'artisanat moderne.<\/p>\n<p>Ce sol \u00e0 m\u00e9daillon rectangulaire est m\u00e9ticuleusement con\u00e7u pour ajouter de la grandeur aux couloirs, foyers et espaces de luxe.<\/p>\n<hr \/>\n<h2>Marbre incrust\u00e9 Design et palette de couleurs :<\/h2>\n<ul>\n<li>Mat\u00e9riau : Marbre naturel de premi\u00e8re qualit\u00e9<\/li>\n<li>Couleurs primaires : Base beige et ivoire douce avec des accents complexes en or, marron et vert.<\/li>\n<li>Accents de bordure : Une bordure sophistiqu\u00e9e \u00e0 plusieurs niveaux, en or et en marron, rehausse la profondeur visuelle.<\/li>\n<li>Motif : D\u00e9tails floraux et ornementaux sym\u00e9triques avec un m\u00e9daillon circulaire central, apportant un sentiment d'\u00e9quilibre et d'\u00e9l\u00e9gance.<\/li>\n<\/ul>\n<hr \/>\n<h2>Rev\u00eatement de sol en marqueterie de marbre Applications id\u00e9ales :<\/h2>\n<p>\u2714 Grands couloirs et corridors - Ajoute un flux majestueux aux passages<br \/>\n\u2714 Entr\u00e9es et foyers de luxe - Cr\u00e9e une premi\u00e8re impression royale<br \/>\n\u2714 halls d'entr\u00e9e d'h\u00f4tels et salles de banquet - Rehausse les espaces d'accueil<br \/>\n\u2714 Salles \u00e0 manger et pi\u00e8ces formelles - Am\u00e9liore l'ambiance avec une sophistication classique<br \/>\n\u2714 R\u00e9sidences et villas palatiales - Parfaites pour une d\u00e9coration d'int\u00e9rieur haut de gamme<\/p>\n<p>Ce m\u00e9daillon en incrustation de marbre allie durabilit\u00e9 et beaut\u00e9 intemporelle, ce qui en fait un choix exceptionnel pour les conceptions de marbre personnalis\u00e9es haut de gamme.<\/p>\n<p>Que ce soit pour une maison luxueuse ou un espace commercial opulent, ce m\u00e9daillon de sol est l'incarnation de la sophistication et du go\u00fbt raffin\u00e9.<\/p>\n<p>Vous souhaitez un design personnalis\u00e9 pour votre projet ? Contactez-nous pour des solutions exclusives de rev\u00eatements de sol en marbre sur mesure !<\/p>","protected":false},"excerpt":{"rendered":"<p><strong>Num\u00e9ro d'article : <\/strong>FL6I004<\/p>\n<p><strong>Mat\u00e9riau :<\/strong>\u00a0Mable, pierre pr\u00e9cieuse. (Les mat\u00e9riaux utilis\u00e9s pour la conception du sol en marqueterie de marbre peuvent \u00eatre personnalis\u00e9s)<\/p>\n<p><strong>Taille :<\/strong>\u00a0Taille sur mesure (taille de marbre personnalis\u00e9e)<\/p>\n<p><strong>Conception :<\/strong>\u00a0Rev\u00eatement de sol en marbre \u00e0 incrustation standard ou rev\u00eatement de sol en marbre \u00e0 incrustation personnalis\u00e9<\/p>\n<p><strong>Application :<\/strong>\u00a0Villas et maisons de luxe, h\u00f4tels et centres de vill\u00e9giature, espaces commerciaux,<\/p>\n<p>Espaces publics, escaliers et couloirs, entr\u00e9es et foyers, sols en Pietra Dura Art,<\/p>\n<p>Clubs haut de gamme et clubs priv\u00e9s, salles d'exposition,<\/p>\n<p>Boutiques, mus\u00e9e, \u00e9glise, mosqu\u00e9e, etc.<\/p>","protected":false},"featured_media":1243,"template":"","meta":{"_joinchat":[]},"product_brand":[],"product_cat":[20],"product_tag":[],"class_list":{"0":"post-1242","1":"product","2":"type-product","3":"status-publish","4":"has-post-thumbnail","6":"product_cat-classic-marble-inlay-flooring","8":"first","9":"instock","10":"shipping-taxable","11":"product-type-simple"},"_links":{"self":[{"href":"https:\/\/www.smmarbleinlay.com\/fr\/wp-json\/wp\/v2\/product\/1242","targetHints":{"allow":["GET"]}}],"collection":[{"href":"https:\/\/www.smmarbleinlay.com\/fr\/wp-json\/wp\/v2\/product"}],"about":[{"href":"https:\/\/www.smmarbleinlay.com\/fr\/wp-json\/wp\/v2\/types\/product"}],"wp:featuredmedia":[{"embeddable":true,"href":"https:\/\/www.smmarbleinlay.com\/fr\/wp-json\/wp\/v2\/media\/1243"}],"wp:attachment":[{"href":"https:\/\/www.smmarbleinlay.com\/fr\/wp-json\/wp\/v2\/media?parent=1242"}],"wp:term":[{"taxonomy":"product_brand","embeddable":true,"href":"https:\/\/www.smmarbleinlay.com\/fr\/wp-json\/wp\/v2\/product_brand?post=1242"},{"taxonomy":"product_cat","embeddable":true,"href":"https:\/\/www.smmarbleinlay.com\/fr\/wp-json\/wp\/v2\/product_cat?post=1242"},{"taxonomy":"product_tag","embeddable":true,"href":"https:\/\/www.smmarbleinlay.com\/fr\/wp-json\/wp\/v2\/product_tag?post=1242"}],"curies":[{"name":"wp","href":"https:\/\/api.w.org\/{rel}","templated":true}]}}