{"id":1245,"date":"2025-03-25T20:54:21","date_gmt":"2025-03-25T12:54:21","guid":{"rendered":"https:\/\/www.smmarbleinlay.com\/?post_type=product&#038;p=1245"},"modified":"2025-04-09T17:16:02","modified_gmt":"2025-04-09T09:16:02","slug":"classic-marble-inlay-flooring-with-greek-border-design","status":"publish","type":"product","link":"https:\/\/www.smmarbleinlay.com\/fr\/produit\/classic-marble-inlay-flooring-with-greek-border-design\/","title":{"rendered":"Rev\u00eatement de sol classique en marqueterie de marbre avec bordure grecque"},"content":{"rendered":"<h2>Rev\u00eatement de sol classique en marqueterie de marbre avec bordure grecque<\/h2>\n<p>Apportez une \u00e9l\u00e9gance intemporelle \u00e0 votre espace avec cette incrustation de sol en marbre classique, qui pr\u00e9sente un m\u00e9lange raffin\u00e9 de motifs traditionnels et de luxe moderne.<\/p>\n<p>Ce m\u00e9daillon en marbre est con\u00e7u pour rehausser les int\u00e9rieurs gr\u00e2ce \u00e0 sa bordure grecque et \u00e0 ses m\u00e9daillons circulaires complexes, ce qui en fait un choix id\u00e9al pour les r\u00e9sidences et les espaces commerciaux haut de gamme.<\/p>\n<h2>Design et palette de couleurs d'un rev\u00eatement de sol classique en marqueterie de marbre :<\/h2>\n<ul>\n<li>\n<h3>Mat\u00e9riau : Marbre naturel de haute qualit\u00e9<\/h3>\n<\/li>\n<li>\n<h3>Couleurs primaires : ivoire doux et gris clair, avec des touches d'or et de beige<\/h3>\n<\/li>\n<li>\n<h3>Motif de la bordure : Motif de cl\u00e9 grecque en or, symbolisant l'infini et l'unit\u00e9<\/h3>\n<\/li>\n<li>\n<h3>M\u00e9daillon central : Motifs ronds d'inspiration florale dans des tons gris subtils, cr\u00e9ant une apparence harmonieuse et sophistiqu\u00e9e.<\/h3>\n<\/li>\n<\/ul>\n<h2>Applications id\u00e9ales des rev\u00eatements de sol en marqueterie de marbre classique :<\/h2>\n<h3>\u2714 Salons et espaces de vie de luxe - Am\u00e9liore les int\u00e9rieurs \u00e9l\u00e9gants<br \/>\n\u2714 H\u00f4tels-boutiques et centres de vill\u00e9giature haut de gamme - Ajoute une esth\u00e9tique classique<br \/>\n\u2714 Couloirs et corridors - Cr\u00e9e un flux continu avec des d\u00e9tails raffin\u00e9s<br \/>\n\u2714 Salles \u00e0 manger formelles - S'int\u00e8gre dans les environnements traditionnels et contemporains<br \/>\n\u2714 Bureaux et espaces de r\u00e9ception de luxe - Une sophistication artistique pour les int\u00e9rieurs d'entreprise<\/h3>\n<p>Cette incrustation de marbre pr\u00e9sente des sols en marbre qui allient patrimoine culturel et artisanat moderne.<\/p>\n<p>La bordure grecque ajoute une touche royale, tandis que le m\u00e9daillon de marbre au centre constitue un point de mire artistique.<\/p>\n<p>Id\u00e9al pour ceux qui recherchent une solution de rev\u00eatement de sol en marbre exquise, riche et \u00e9l\u00e9gante.<\/p>\n<p>Vous recherchez une incrustation de marbre personnalis\u00e9e pour votre projet ? Nous offrons des solutions sur mesure pour r\u00e9pondre \u00e0 votre vision !<\/p>","protected":false},"excerpt":{"rendered":"<p><strong>Num\u00e9ro d'article : <\/strong>FL4G008<\/p>\n<p><strong>Mat\u00e9riau :<\/strong>\u00a0Mable, pierre pr\u00e9cieuse. (les mat\u00e9riaux peuvent \u00eatre personnalis\u00e9s)<\/p>\n<p><strong>Taille :<\/strong>\u00a0Taille sur mesure<\/p>\n<p><strong>Conception :<\/strong>\u00a0Mod\u00e8les standard ou personnalis\u00e9s<\/p>\n<p><strong>Application :<\/strong>\u00a0Villas et maisons de luxe, h\u00f4tels et centres de vill\u00e9giature, espaces commerciaux,<\/p>\n<p>Espaces publics, escaliers et couloirs, entr\u00e9es et foyers,<\/p>\n<p>Clubs haut de gamme et clubs priv\u00e9s, salles d'exposition,<\/p>\n<p>Boutiques, mus\u00e9e, \u00e9glise, mosqu\u00e9e, etc.<\/p>","protected":false},"featured_media":1246,"template":"","meta":{"_joinchat":[]},"product_brand":[],"product_cat":[20],"product_tag":[],"class_list":{"0":"post-1245","1":"product","2":"type-product","3":"status-publish","4":"has-post-thumbnail","6":"product_cat-classic-marble-inlay-flooring","8":"first","9":"instock","10":"shipping-taxable","11":"product-type-simple"},"_links":{"self":[{"href":"https:\/\/www.smmarbleinlay.com\/fr\/wp-json\/wp\/v2\/product\/1245","targetHints":{"allow":["GET"]}}],"collection":[{"href":"https:\/\/www.smmarbleinlay.com\/fr\/wp-json\/wp\/v2\/product"}],"about":[{"href":"https:\/\/www.smmarbleinlay.com\/fr\/wp-json\/wp\/v2\/types\/product"}],"wp:featuredmedia":[{"embeddable":true,"href":"https:\/\/www.smmarbleinlay.com\/fr\/wp-json\/wp\/v2\/media\/1246"}],"wp:attachment":[{"href":"https:\/\/www.smmarbleinlay.com\/fr\/wp-json\/wp\/v2\/media?parent=1245"}],"wp:term":[{"taxonomy":"product_brand","embeddable":true,"href":"https:\/\/www.smmarbleinlay.com\/fr\/wp-json\/wp\/v2\/product_brand?post=1245"},{"taxonomy":"product_cat","embeddable":true,"href":"https:\/\/www.smmarbleinlay.com\/fr\/wp-json\/wp\/v2\/product_cat?post=1245"},{"taxonomy":"product_tag","embeddable":true,"href":"https:\/\/www.smmarbleinlay.com\/fr\/wp-json\/wp\/v2\/product_tag?post=1245"}],"curies":[{"name":"wp","href":"https:\/\/api.w.org\/{rel}","templated":true}]}}