{"id":1248,"date":"2025-03-25T21:00:01","date_gmt":"2025-03-25T13:00:01","guid":{"rendered":"https:\/\/www.smmarbleinlay.com\/?post_type=product&#038;p=1248"},"modified":"2025-04-09T17:14:13","modified_gmt":"2025-04-09T09:14:13","slug":"elegant-inlaid-marble-medallion-with-traditional-chinese-design","status":"publish","type":"product","link":"https:\/\/www.smmarbleinlay.com\/fr\/produit\/elegant-inlaid-marble-medallion-with-traditional-chinese-design\/","title":{"rendered":"\u00c9l\u00e9gant m\u00e9daillon en marbre incrust\u00e9 au motif traditionnel chinois"},"content":{"rendered":"<h2>\u00c9l\u00e9gant m\u00e9daillon en marbre incrust\u00e9 au motif traditionnel chinois<\/h2>\n<p>Cet exquis m\u00e9daillon en marbre incrust\u00e9 est un parfait m\u00e9lange d'artisanat classique et d'h\u00e9ritage culturel.<\/p>\n<p>Con\u00e7u \u00e0 partir d'un motif chinois traditionnel, l'embl\u00e8me central pr\u00e9sente un symbole de long\u00e9vit\u00e9 (\u5bff), un motif de bon augure qui symbolise la prosp\u00e9rit\u00e9 et la long\u00e9vit\u00e9.<\/p>\n<p>Autour de l'embl\u00e8me, des \u00e9l\u00e9ments floraux et des volutes ornementales cr\u00e9ent un design harmonieux et \u00e9quilibr\u00e9.<\/p>\n<h2>Palette de couleurs de marbre Marbre incrust\u00e9 Rev\u00eatement de sol en m\u00e9daillon<\/h2>\n<p>Le m\u00e9daillon utilise une palette de couleurs chaudes et sophistiqu\u00e9es :<\/p>\n<ul>\n<li>Le marbre beige en guise de fond constitue une base neutre et \u00e9l\u00e9gante.<\/li>\n<li>Des marbres aux tons dor\u00e9s et bruns pour les motifs complexes, ajoutant un sentiment de luxe et de profondeur.<\/li>\n<li>Des touches de marbre rouge fonc\u00e9 rehaussent le contraste et apportent une touche d'esth\u00e9tique chinoise traditionnelle.<\/li>\n<\/ul>\n<h2>Motifs et dessins des rev\u00eatements de sol en marqueterie de marbre de luxe<\/h2>\n<ul>\n<li>Motif en marbre personnalis\u00e9 incorporant un symbole calligraphique chinois de bon augure au centre.<\/li>\n<li>M\u00e9daillon de mosa\u00efque pr\u00e9sentant de gracieux motifs floraux et des formes tourbillonnantes semblables \u00e0 des nuages, que l'on retrouve souvent dans les palais imp\u00e9riaux et les demeures luxueuses.<\/li>\n<li>Le motif sym\u00e9trique transmet un sentiment d'\u00e9quilibre et d'\u00e9l\u00e9gance intemporelle.<\/li>\n<\/ul>\n<h2>Applications id\u00e9ales des incrustations en marbre de luxe<\/h2>\n<p>Ce m\u00e9daillon en pierre est un \u00e9l\u00e9ment d\u00e9coratif polyvalent, adapt\u00e9 \u00e0 divers int\u00e9rieurs de luxe, tels que.. :<\/p>\n<ul>\n<li>Les foyers en marbre sont con\u00e7us pour les grandes entr\u00e9es de villas, d'h\u00f4tels et de manoirs.<\/li>\n<li>Les m\u00e9daillons de carreaux d'entr\u00e9e cr\u00e9ent une premi\u00e8re impression impressionnante dans les espaces r\u00e9sidentiels ou commerciaux.<\/li>\n<li>Des paliers d'escalier et des accents de couloir luxueux, qui rehaussent l'ambiance avec une touche de tradition.<\/li>\n<li>Le sol du temple et du centre culturel renforce l'esth\u00e9tique riche en patrimoine.<\/li>\n<\/ul>\n<p>Ce m\u00e9daillon en marbre n'est pas seulement un \u00e9l\u00e9ment de rev\u00eatement de sol, c'est une pi\u00e8ce d'apparat qui incarne la tradition, l'\u00e9l\u00e9gance et l'art raffin\u00e9, ce qui en fait un choix intemporel pour ceux qui appr\u00e9cient le luxe classique d'inspiration asiatique.<\/p>","protected":false},"excerpt":{"rendered":"<p><strong>Num\u00e9ro d'article : <\/strong>FL2E001<\/p>\n<p><strong>Mat\u00e9riau :<\/strong>\u00a0Mable, pierre pr\u00e9cieuse. (Les mat\u00e9riaux utilis\u00e9s pour la conception du sol en marqueterie de marbre peuvent \u00eatre personnalis\u00e9s)<\/p>\n<p><strong>Taille :<\/strong>\u00a0Taille sur mesure (taille de marbre personnalis\u00e9e)<\/p>\n<p><strong>Conception :<\/strong>\u00a0Rev\u00eatement de sol en marbre \u00e0 incrustation standard ou rev\u00eatement de sol en marbre \u00e0 incrustation personnalis\u00e9<\/p>\n<p><strong>Application :<\/strong>\u00a0Villas et maisons de luxe, h\u00f4tels et centres de vill\u00e9giature, espaces commerciaux,<\/p>\n<p>Espaces publics, escaliers et couloirs, entr\u00e9es et foyers, sols en Pietra Dura Art,<\/p>\n<p>Clubs haut de gamme et clubs priv\u00e9s, salles d'exposition,<\/p>\n<p>Boutiques, mus\u00e9e, \u00e9glise, mosqu\u00e9e, etc.<\/p>","protected":false},"featured_media":1249,"template":"","meta":{"_joinchat":[]},"product_brand":[],"product_cat":[20],"product_tag":[],"class_list":{"0":"post-1248","1":"product","2":"type-product","3":"status-publish","4":"has-post-thumbnail","6":"product_cat-classic-marble-inlay-flooring","8":"first","9":"instock","10":"shipping-taxable","11":"product-type-simple"},"_links":{"self":[{"href":"https:\/\/www.smmarbleinlay.com\/fr\/wp-json\/wp\/v2\/product\/1248","targetHints":{"allow":["GET"]}}],"collection":[{"href":"https:\/\/www.smmarbleinlay.com\/fr\/wp-json\/wp\/v2\/product"}],"about":[{"href":"https:\/\/www.smmarbleinlay.com\/fr\/wp-json\/wp\/v2\/types\/product"}],"wp:featuredmedia":[{"embeddable":true,"href":"https:\/\/www.smmarbleinlay.com\/fr\/wp-json\/wp\/v2\/media\/1249"}],"wp:attachment":[{"href":"https:\/\/www.smmarbleinlay.com\/fr\/wp-json\/wp\/v2\/media?parent=1248"}],"wp:term":[{"taxonomy":"product_brand","embeddable":true,"href":"https:\/\/www.smmarbleinlay.com\/fr\/wp-json\/wp\/v2\/product_brand?post=1248"},{"taxonomy":"product_cat","embeddable":true,"href":"https:\/\/www.smmarbleinlay.com\/fr\/wp-json\/wp\/v2\/product_cat?post=1248"},{"taxonomy":"product_tag","embeddable":true,"href":"https:\/\/www.smmarbleinlay.com\/fr\/wp-json\/wp\/v2\/product_tag?post=1248"}],"curies":[{"name":"wp","href":"https:\/\/api.w.org\/{rel}","templated":true}]}}