{"id":1251,"date":"2025-03-25T21:02:41","date_gmt":"2025-03-25T13:02:41","guid":{"rendered":"https:\/\/www.smmarbleinlay.com\/?post_type=product&#038;p=1251"},"modified":"2025-04-09T17:07:29","modified_gmt":"2025-04-09T09:07:29","slug":"elegant-lotus-inspired-marble-medallion-flooring","status":"publish","type":"product","link":"https:\/\/www.smmarbleinlay.com\/fr\/produit\/elegant-lotus-inspired-marble-medallion-flooring\/","title":{"rendered":"\u00c9l\u00e9gant rev\u00eatement de sol en m\u00e9daillon de marbre inspir\u00e9 du lotus"},"content":{"rendered":"<h2>\u00c9l\u00e9gant rev\u00eatement de sol en m\u00e9daillon de marbre inspir\u00e9 du lotus<\/h2>\n<p>Ce luxueux sol en m\u00e9daillon de marbre est une combinaison magistrale de l'art et de l'artisanat du sol en marbre incrust\u00e9, avec un sol en m\u00e9daillon de marbre inspir\u00e9 du lotus.<\/p>\n<p>Le motif complexe Pietra dure symbolise la puret\u00e9, l'harmonie et l'\u00e9l\u00e9gance, ce qui en fait un choix parfait pour cr\u00e9er une ambiance sereine et opulente dans n'importe quel espace.<\/p>\n<h2>Composition du dessin et de la couleur Marbre incrust\u00e9<\/h2>\n<ul>\n<li>Mat\u00e9riau : Marbre naturel de haute qualit\u00e9<\/li>\n<li>Palette de couleurs : Un m\u00e9lange chaleureux de tons beige, or et ivoire, accentu\u00e9 par des nuances subtiles de vert et de brun terreux.<\/li>\n<li>Motif : Un motif de fleur de lotus rayonnante, entour\u00e9e d'une s\u00e9rie de courbes gracieuses et d'\u00e9l\u00e9ments d'inspiration florale.<\/li>\n<li>Artisanat : D\u00e9coupe au jet d'eau de pr\u00e9cision pour une ex\u00e9cution sans faille du design<\/li>\n<\/ul>\n<h2>Applications id\u00e9ales Rev\u00eatements de sol en marbre incrust\u00e9<\/h2>\n<ul>\n<li>Entr\u00e9es et foyers de luxe : Cr\u00e9e une impression grandiose et accueillante<\/li>\n<li>Lobbies d'h\u00f4tels et zones de r\u00e9ception : Am\u00e9liore l'espace avec sophistication<\/li>\n<li>Temple et espaces culturels : Symbolise l'harmonie spirituelle et la tranquillit\u00e9<\/li>\n<li>R\u00e9sidences haut de gamme : Ajoute une touche d'\u00e9l\u00e9gance classique aux maisons<\/li>\n<li>Boutiques et magasins de luxe : Rehausse l'ambiance gr\u00e2ce \u00e0 un rev\u00eatement de sol artistique<\/li>\n<\/ul>\n<p>Ce rev\u00eatement de sol en m\u00e9daillon s'int\u00e8gre parfaitement aux int\u00e9rieurs classiques, traditionnels et contemporains, ce qui en fait un investissement intemporel pour l'architecture haut de gamme.<\/p>\n<p>Mots-cl\u00e9s du produit<\/p>\n<p>incrustation de sol | sol en mosa\u00efque de marbre | sol en m\u00e9daillon | incrustation de sol | sol en incrustation de marbre<\/p>","protected":false},"excerpt":{"rendered":"<p><strong>Num\u00e9ro d'article : <\/strong>FL5H009<\/p>\n<p><strong>Mat\u00e9riau :<\/strong>\u00a0Mable, pierre pr\u00e9cieuse. (Les mat\u00e9riaux utilis\u00e9s pour la conception du sol en marqueterie de marbre peuvent \u00eatre personnalis\u00e9s)<\/p>\n<p><strong>Taille :<\/strong>\u00a0Taille sur mesure (taille de marbre personnalis\u00e9e)<\/p>\n<p><strong>Conception :<\/strong>\u00a0Rev\u00eatement de sol en marbre \u00e0 incrustation standard ou rev\u00eatement de sol en marbre \u00e0 incrustation personnalis\u00e9<\/p>\n<p><strong>Application :<\/strong>\u00a0Villas et maisons de luxe, h\u00f4tels et centres de vill\u00e9giature, espaces commerciaux,<\/p>\n<p>Espaces publics, escaliers et couloirs, entr\u00e9es et foyers, sols en Pietra Dura Art,<\/p>\n<p>Clubs haut de gamme et clubs priv\u00e9s, salles d'exposition,<\/p>\n<p>Boutiques, mus\u00e9e, \u00e9glise, mosqu\u00e9e, etc.<\/p>","protected":false},"featured_media":1252,"template":"","meta":{"_joinchat":[]},"product_brand":[],"product_cat":[20],"product_tag":[],"class_list":{"0":"post-1251","1":"product","2":"type-product","3":"status-publish","4":"has-post-thumbnail","6":"product_cat-classic-marble-inlay-flooring","8":"first","9":"instock","10":"shipping-taxable","11":"product-type-simple"},"_links":{"self":[{"href":"https:\/\/www.smmarbleinlay.com\/fr\/wp-json\/wp\/v2\/product\/1251","targetHints":{"allow":["GET"]}}],"collection":[{"href":"https:\/\/www.smmarbleinlay.com\/fr\/wp-json\/wp\/v2\/product"}],"about":[{"href":"https:\/\/www.smmarbleinlay.com\/fr\/wp-json\/wp\/v2\/types\/product"}],"wp:featuredmedia":[{"embeddable":true,"href":"https:\/\/www.smmarbleinlay.com\/fr\/wp-json\/wp\/v2\/media\/1252"}],"wp:attachment":[{"href":"https:\/\/www.smmarbleinlay.com\/fr\/wp-json\/wp\/v2\/media?parent=1251"}],"wp:term":[{"taxonomy":"product_brand","embeddable":true,"href":"https:\/\/www.smmarbleinlay.com\/fr\/wp-json\/wp\/v2\/product_brand?post=1251"},{"taxonomy":"product_cat","embeddable":true,"href":"https:\/\/www.smmarbleinlay.com\/fr\/wp-json\/wp\/v2\/product_cat?post=1251"},{"taxonomy":"product_tag","embeddable":true,"href":"https:\/\/www.smmarbleinlay.com\/fr\/wp-json\/wp\/v2\/product_tag?post=1251"}],"curies":[{"name":"wp","href":"https:\/\/api.w.org\/{rel}","templated":true}]}}