{"id":1414,"date":"2025-03-27T09:38:47","date_gmt":"2025-03-27T01:38:47","guid":{"rendered":"https:\/\/www.smmarbleinlay.com\/?post_type=product&#038;p=1414"},"modified":"2025-04-09T16:03:07","modified_gmt":"2025-04-09T08:03:07","slug":"luxury-marble-inlay-dining-table-2","status":"publish","type":"product","link":"https:\/\/www.smmarbleinlay.com\/fr\/produit\/luxury-marble-inlay-dining-table-2\/","title":{"rendered":"Table de salle \u00e0 manger de luxe avec incrustation de marbre"},"content":{"rendered":"<h2>Table de salle \u00e0 manger de luxe avec incrustation de marbre - El\u00e9gance intemporelle et durabilit\u00e9<\/h2>\n<p>Nous vous pr\u00e9sentons notre table \u00e0 incrustation de marbre, un m\u00e9lange parfait d'artisanat et d'\u00e9l\u00e9gance.<\/p>\n<p>Fabriqu\u00e9e en marbre naturel de premi\u00e8re qualit\u00e9, cette table met en valeur la pietra dure, une technique d\u00e9corative ancienne connue pour ses incrustations de pierre complexes.<\/p>\n<p>Le motif de l'incrustation est m\u00e9ticuleusement cr\u00e9\u00e9 \u00e0 l'aide d'un jet d'eau, ce qui garantit la pr\u00e9cision et la complexit\u00e9 des d\u00e9tails.<\/p>\n<h2>Design unique d'un plateau de table de salle \u00e0 manger de luxe en marqueterie de marbre<\/h2>\n<p>Le plateau de la table pr\u00e9sente des motifs classiques d'incrustation de marbre, combinant sym\u00e9trie g\u00e9om\u00e9trique et motifs floraux pour rehausser son attrait esth\u00e9tique.<\/p>\n<p>Chaque plateau de table incrust\u00e9 est un chef-d'\u0153uvre, incorporant une riche palette de couleurs de pierre naturelle, ajoutant de la profondeur et de l'\u00e9clat \u00e0 n'importe quel espace.<\/p>\n<h2>Application du plateau de table de salle \u00e0 manger en marqueterie de marbre de luxe<\/h2>\n<p>Con\u00e7ue pour compl\u00e9ter les int\u00e9rieurs modernes et classiques, cette table en marbre incrust\u00e9 est id\u00e9ale pour les salles \u00e0 manger de luxe, les caf\u00e9s \u00e9l\u00e9gants et les salons de th\u00e9 raffin\u00e9s.<\/p>\n<p>Qu'elle soit plac\u00e9e dans une r\u00e9sidence haut de gamme ou dans un environnement commercial, cette table ajoute une touche sophistiqu\u00e9e, offrant \u00e0 la fois durabilit\u00e9 et beaut\u00e9 intemporelle.<\/p>\n<p>D\u00e9couvrez le charme de l'artisanat du marbre avec notre table \u00e0 incrustation de marbre de premi\u00e8re qualit\u00e9, une v\u00e9ritable d\u00e9claration d'\u00e9l\u00e9gance et de luxe.<\/p>","protected":false},"excerpt":{"rendered":"<p><strong>Num\u00e9ro d'article :<\/strong>TA4G003<\/p>\n<p><strong>Mat\u00e9riau :<\/strong>\u00a0Mable, pierre pr\u00e9cieuse. (les mat\u00e9riaux peuvent \u00eatre personnalis\u00e9s)<\/p>\n<p><strong>Taille :<\/strong>\u00a0Taille sur mesure<\/p>\n<p><strong>Conception :<\/strong>\u00a0Mod\u00e8les standard ou personnalis\u00e9s<\/p>\n<p><strong>Application :<\/strong>\u00a0Villas et maisons de luxe, h\u00f4tels et centres de vill\u00e9giature, espaces commerciaux,<\/p>\n<p>Table de salle \u00e0 manger en marqueterie de marbre, table basse en pietra dura, plateau de table de salle \u00e0 manger,<\/p>\n<p>Table en marqueterie de marbre, meubles en marqueterie de marbre,<\/p>\n<p>Espaces publics, clubs haut de gamme et clubs priv\u00e9s,<\/p>\n<p>Salles d'exposition, boutiques, mus\u00e9es, \u00e9glises, mosqu\u00e9es, etc.<\/p>","protected":false},"featured_media":1416,"template":"","meta":{"_joinchat":[]},"product_brand":[],"product_cat":[23],"product_tag":[],"class_list":{"0":"post-1414","1":"product","2":"type-product","3":"status-publish","4":"has-post-thumbnail","6":"product_cat-marble-inlay-table","8":"first","9":"instock","10":"shipping-taxable","11":"product-type-simple"},"_links":{"self":[{"href":"https:\/\/www.smmarbleinlay.com\/fr\/wp-json\/wp\/v2\/product\/1414","targetHints":{"allow":["GET"]}}],"collection":[{"href":"https:\/\/www.smmarbleinlay.com\/fr\/wp-json\/wp\/v2\/product"}],"about":[{"href":"https:\/\/www.smmarbleinlay.com\/fr\/wp-json\/wp\/v2\/types\/product"}],"wp:featuredmedia":[{"embeddable":true,"href":"https:\/\/www.smmarbleinlay.com\/fr\/wp-json\/wp\/v2\/media\/1416"}],"wp:attachment":[{"href":"https:\/\/www.smmarbleinlay.com\/fr\/wp-json\/wp\/v2\/media?parent=1414"}],"wp:term":[{"taxonomy":"product_brand","embeddable":true,"href":"https:\/\/www.smmarbleinlay.com\/fr\/wp-json\/wp\/v2\/product_brand?post=1414"},{"taxonomy":"product_cat","embeddable":true,"href":"https:\/\/www.smmarbleinlay.com\/fr\/wp-json\/wp\/v2\/product_cat?post=1414"},{"taxonomy":"product_tag","embeddable":true,"href":"https:\/\/www.smmarbleinlay.com\/fr\/wp-json\/wp\/v2\/product_tag?post=1414"}],"curies":[{"name":"wp","href":"https:\/\/api.w.org\/{rel}","templated":true}]}}