{"id":1418,"date":"2025-03-27T10:10:31","date_gmt":"2025-03-27T02:10:31","guid":{"rendered":"https:\/\/www.smmarbleinlay.com\/?post_type=product&#038;p=1418"},"modified":"2025-04-09T16:00:07","modified_gmt":"2025-04-09T08:00:07","slug":"luxury-marble-inlay-table-with-parchinkari-art","status":"publish","type":"product","link":"https:\/\/www.smmarbleinlay.com\/fr\/produit\/luxury-marble-inlay-table-with-parchinkari-art\/","title":{"rendered":"Table de luxe en marqueterie de marbre avec art Parchinkari"},"content":{"rendered":"<h2><strong>Table de luxe en marqueterie de marbre avec Parchinkari Art Pietra Dura<\/strong><\/h2>\n<p>Cette exquise table \u00e0 incrustation de marbre met en valeur le savoir-faire artisanal le plus raffin\u00e9 en mati\u00e8re de table \u00e0 incrustation de marbre classique, m\u00ealant marbre naturel, pierres pr\u00e9cieuses, pierres semi-pr\u00e9cieuses et pierres de luxe pour cr\u00e9er un chef-d'\u0153uvre intemporel.<\/p>\n<p>Inspir\u00e9e de l'art et de l'artisanat Parchinkari, la table en marbre incrust\u00e9 pr\u00e9sente des motifs floraux complexes, d'\u00e9l\u00e9gantes volutes et des motifs sym\u00e9triques, m\u00e9ticuleusement \u00e9labor\u00e9s pour rehausser tout int\u00e9rieur luxueux.<\/p>\n<p>La combinaison harmonieuse d'or chaud, de bleu riche et d'\u00e9l\u00e9ments floraux vibrants cr\u00e9e une esth\u00e9tique opulente et sophistiqu\u00e9e.<\/p>\n<h2>Table de luxe en marqueterie de marbre avec art Parchinkari pour les grands espaces<\/h2>\n<p>Ce plateau de table \u00e0 incrustation est id\u00e9al pour les salles \u00e0 manger de luxe, les salons classiques ou les bureaux haut de gamme, car il constitue \u00e0 la fois une pi\u00e8ce fonctionnelle et une d\u00e9claration artistique.<\/p>\n<p>D'une beaut\u00e9 et d'une pr\u00e9cision in\u00e9gal\u00e9es, cette table \u00e0 incrustation de marbre incarne l'\u00e9l\u00e9gance et l'h\u00e9ritage, ce qui en fait un compl\u00e9ment id\u00e9al pour les maisons et villas de luxe.<\/p>","protected":false},"excerpt":{"rendered":"<p><strong>Num\u00e9ro d'article : <\/strong>TA6I001<\/p>\n<p><strong>Mat\u00e9riau :<\/strong>\u00a0Marbre, pierre pr\u00e9cieuse. (le mat\u00e9riau de la table \u00e0 incrustation de marbre peut \u00eatre personnalis\u00e9)<\/p>\n<p><strong>Taille :<\/strong>\u00a0Taille sur mesure<\/p>\n<p><strong>Conception :<\/strong>\u00a0Mod\u00e8les de tables \u00e0 incrustation de marbre standard ou sur mesure<\/p>\n<p><strong>Application :<\/strong>\u00a0Villas et maisons de luxe, h\u00f4tels et centres de vill\u00e9giature, espaces commerciaux,<\/p>\n<p>Table de salle \u00e0 manger en marqueterie de marbre, table basse en pietra dura, plateau de table de salle \u00e0 manger,<\/p>\n<p>Espaces de restauration de luxe, salons classiques ou int\u00e9rieurs de bureaux haut de gamme,<\/p>\n<p>Table en marqueterie de marbre, meubles en marqueterie de marbre,<\/p>\n<p>Espaces publics, clubs haut de gamme et clubs priv\u00e9s,<\/p>\n<p>Salles d'exposition, boutiques, mus\u00e9es, \u00e9glises, mosqu\u00e9es, etc.<\/p>","protected":false},"featured_media":1419,"template":"","meta":{"_joinchat":[]},"product_brand":[],"product_cat":[23],"product_tag":[],"class_list":{"0":"post-1418","1":"product","2":"type-product","3":"status-publish","4":"has-post-thumbnail","6":"product_cat-marble-inlay-table","8":"first","9":"instock","10":"shipping-taxable","11":"product-type-simple"},"_links":{"self":[{"href":"https:\/\/www.smmarbleinlay.com\/fr\/wp-json\/wp\/v2\/product\/1418","targetHints":{"allow":["GET"]}}],"collection":[{"href":"https:\/\/www.smmarbleinlay.com\/fr\/wp-json\/wp\/v2\/product"}],"about":[{"href":"https:\/\/www.smmarbleinlay.com\/fr\/wp-json\/wp\/v2\/types\/product"}],"wp:featuredmedia":[{"embeddable":true,"href":"https:\/\/www.smmarbleinlay.com\/fr\/wp-json\/wp\/v2\/media\/1419"}],"wp:attachment":[{"href":"https:\/\/www.smmarbleinlay.com\/fr\/wp-json\/wp\/v2\/media?parent=1418"}],"wp:term":[{"taxonomy":"product_brand","embeddable":true,"href":"https:\/\/www.smmarbleinlay.com\/fr\/wp-json\/wp\/v2\/product_brand?post=1418"},{"taxonomy":"product_cat","embeddable":true,"href":"https:\/\/www.smmarbleinlay.com\/fr\/wp-json\/wp\/v2\/product_cat?post=1418"},{"taxonomy":"product_tag","embeddable":true,"href":"https:\/\/www.smmarbleinlay.com\/fr\/wp-json\/wp\/v2\/product_tag?post=1418"}],"curies":[{"name":"wp","href":"https:\/\/api.w.org\/{rel}","templated":true}]}}