{"id":1421,"date":"2025-03-27T10:17:47","date_gmt":"2025-03-27T02:17:47","guid":{"rendered":"https:\/\/www.smmarbleinlay.com\/?post_type=product&#038;p=1421"},"modified":"2025-04-09T15:57:21","modified_gmt":"2025-04-09T07:57:21","slug":"exquisite-marble-inlay-table-with-pietra-dura-art","status":"publish","type":"product","link":"https:\/\/www.smmarbleinlay.com\/fr\/produit\/exquisite-marble-inlay-table-with-pietra-dura-art\/","title":{"rendered":"Table exquise en marqueterie de marbre avec Pietra Dura Art"},"content":{"rendered":"<h2><strong>Table exquise en marqueterie de marbre avec plateau de table en marbre Pietra Dura Art Inlaid<\/strong><\/h2>\n<p>Cette luxueuse table \u00e0 incrustation de marbre est un chef-d'\u0153uvre d'\u00e9l\u00e9gance intemporelle, fabriqu\u00e9 \u00e0 partir des marbres noirs, des pierres pr\u00e9cieuses, des pierres semi-pr\u00e9cieuses et des pierres de luxe les plus raffin\u00e9s.<\/p>\n<p>L'incrustation complexe de Pietra Dura pr\u00e9sente de d\u00e9licats motifs floraux et de gracieuses volutes dor\u00e9es, cr\u00e9ant un contraste saisissant avec la surface de marbre d'un noir profond.<\/p>\n<h2>Application d'une table exquise en marqueterie de marbre avec Pietra Dura Art<\/h2>\n<p>Le design classique du plateau de table en marbre incrust\u00e9 s'int\u00e8gre parfaitement aux int\u00e9rieurs haut de gamme, faisant de ce plateau de table incrust\u00e9 un compl\u00e9ment id\u00e9al aux salons de luxe, aux salles \u00e0 manger, aux salons royaux ou aux bureaux de direction.<\/p>\n<p>Soutenue par une opulente base dor\u00e9e, la table incarne la sophistication et la grandeur.<\/p>\n<p>Avec son savoir-faire impeccable et ses d\u00e9tails artistiques, cette table \u00e0 incrustation de marbre n'est pas un simple meuble mais une v\u00e9ritable \u0153uvre d'art, qui rehausse n'importe quel espace de son charme aristocratique.<\/p>","protected":false},"excerpt":{"rendered":"<p><strong>Num\u00e9ro d'article : <\/strong>TA5H001<\/p>\n<p><strong>Mat\u00e9riau :<\/strong>\u00a0Marbre, pierre pr\u00e9cieuse. (le mat\u00e9riau de la table \u00e0 incrustation de marbre peut \u00eatre personnalis\u00e9)<\/p>\n<p><strong>Taille :<\/strong>\u00a0Taille sur mesure<\/p>\n<p><strong>Conception :<\/strong>\u00a0Mod\u00e8les de tables \u00e0 incrustation de marbre standard ou sur mesure<\/p>\n<p><strong>Application :<\/strong>\u00a0Villas et maisons de luxe, h\u00f4tels et centres de vill\u00e9giature, espaces commerciaux,<\/p>\n<p>Table de salle \u00e0 manger en marqueterie de marbre, table basse en pietra dura, plateau de table de salle \u00e0 manger,<\/p>\n<p>Espaces de restauration de luxe, salons classiques ou int\u00e9rieurs de bureaux haut de gamme,<\/p>\n<p>Table en marqueterie de marbre, meubles en marqueterie de marbre,<\/p>\n<p>Espaces publics, clubs haut de gamme et clubs priv\u00e9s,<\/p>\n<p>Salles d'exposition, boutiques, mus\u00e9es, \u00e9glises, mosqu\u00e9es, etc.<\/p>","protected":false},"featured_media":1423,"template":"","meta":{"_joinchat":[]},"product_brand":[],"product_cat":[23],"product_tag":[],"class_list":{"0":"post-1421","1":"product","2":"type-product","3":"status-publish","4":"has-post-thumbnail","6":"product_cat-marble-inlay-table","8":"first","9":"instock","10":"shipping-taxable","11":"product-type-simple"},"_links":{"self":[{"href":"https:\/\/www.smmarbleinlay.com\/fr\/wp-json\/wp\/v2\/product\/1421","targetHints":{"allow":["GET"]}}],"collection":[{"href":"https:\/\/www.smmarbleinlay.com\/fr\/wp-json\/wp\/v2\/product"}],"about":[{"href":"https:\/\/www.smmarbleinlay.com\/fr\/wp-json\/wp\/v2\/types\/product"}],"wp:featuredmedia":[{"embeddable":true,"href":"https:\/\/www.smmarbleinlay.com\/fr\/wp-json\/wp\/v2\/media\/1423"}],"wp:attachment":[{"href":"https:\/\/www.smmarbleinlay.com\/fr\/wp-json\/wp\/v2\/media?parent=1421"}],"wp:term":[{"taxonomy":"product_brand","embeddable":true,"href":"https:\/\/www.smmarbleinlay.com\/fr\/wp-json\/wp\/v2\/product_brand?post=1421"},{"taxonomy":"product_cat","embeddable":true,"href":"https:\/\/www.smmarbleinlay.com\/fr\/wp-json\/wp\/v2\/product_cat?post=1421"},{"taxonomy":"product_tag","embeddable":true,"href":"https:\/\/www.smmarbleinlay.com\/fr\/wp-json\/wp\/v2\/product_tag?post=1421"}],"curies":[{"name":"wp","href":"https:\/\/api.w.org\/{rel}","templated":true}]}}