{"id":1424,"date":"2025-03-27T10:31:07","date_gmt":"2025-03-27T02:31:07","guid":{"rendered":"https:\/\/www.smmarbleinlay.com\/?post_type=product&#038;p=1424"},"modified":"2025-04-09T15:54:28","modified_gmt":"2025-04-09T07:54:28","slug":"elegant-marble-inlay-dining-table-with-pietra-dura-art","status":"publish","type":"product","link":"https:\/\/www.smmarbleinlay.com\/fr\/produit\/elegant-marble-inlay-dining-table-with-pietra-dura-art\/","title":{"rendered":"Table de salle \u00e0 manger \u00e9l\u00e9gante en marqueterie de marbre avec Pietra Dura Art"},"content":{"rendered":"<h2>Table de salle \u00e0 manger \u00e9l\u00e9gante en marqueterie de marbre avec Pietra Dura Art<\/h2>\n<p>Cette table \u00e0 manger classique \u00e0 incrustation de marbre est une pi\u00e8ce ma\u00eetresse \u00e9blouissante, fabriqu\u00e9e \u00e0 partir de marbre, de pierres pr\u00e9cieuses, de pierres semi-pr\u00e9cieuses et de pierres de luxe de premi\u00e8re qualit\u00e9.<\/p>\n<p>Le plateau de la table pr\u00e9sente une incrustation de Pietra Dura avec des motifs floraux complexes, de d\u00e9licats motifs de vigne et un embl\u00e8me central exquis, cr\u00e9ant ainsi un chef-d'\u0153uvre d'\u00e9l\u00e9gance intemporelle.<\/p>\n<h2>Application de l'\u00e9l\u00e9gante table de salle \u00e0 manger en marqueterie de marbre<\/h2>\n<p>Le m\u00e9lange harmonieux de couleurs riches et de d\u00e9tails fins rehausse l'attrait du luxe, ce qui en fait un plateau de table id\u00e9al pour les salles \u00e0 manger haut de gamme, les villas de luxe et les grandes r\u00e9sidences.<\/p>\n<p>Associ\u00e9e \u00e0 des chaises \u00e9l\u00e9gamment rembourr\u00e9es, cette table apporte une touche royale \u00e0 tout int\u00e9rieur.<\/p>\n<p>Parfaite pour ceux qui appr\u00e9cient le savoir-faire artisanal et l'esth\u00e9tique raffin\u00e9e, cette table \u00e0 incrustation de marbre n'est pas seulement une surface de repas - c'est une d\u00e9claration de luxe et de sophistication.<\/p>","protected":false},"excerpt":{"rendered":"<p><strong>Num\u00e9ro d'article : <\/strong>TA5H002<\/p>\n<p><strong>Mat\u00e9riau :<\/strong>\u00a0Mable, pierre pr\u00e9cieuse. (les mat\u00e9riaux peuvent \u00eatre personnalis\u00e9s)<\/p>\n<p><strong>Taille :<\/strong>\u00a0Taille sur mesure<\/p>\n<p><strong>Conception :<\/strong>\u00a0Mod\u00e8les standard ou personnalis\u00e9s<\/p>\n<p><strong>Application :<\/strong>\u00a0Villas et maisons de luxe, h\u00f4tels et centres de vill\u00e9giature, espaces commerciaux,<\/p>\n<p>Table de salle \u00e0 manger en marqueterie de marbre, table basse en pietra dura, plateau de table de salle \u00e0 manger,<\/p>\n<p>Espaces de restauration de luxe, salons classiques ou int\u00e9rieurs de bureaux haut de gamme,<\/p>\n<p>Table en marqueterie de marbre, meubles en marqueterie de marbre,<\/p>\n<p>Espaces publics, clubs haut de gamme et clubs priv\u00e9s,<\/p>\n<p>Salles d'exposition, boutiques, mus\u00e9es, \u00e9glises, mosqu\u00e9es, etc.<\/p>","protected":false},"featured_media":1425,"template":"","meta":{"_joinchat":[]},"product_brand":[],"product_cat":[23],"product_tag":[],"class_list":{"0":"post-1424","1":"product","2":"type-product","3":"status-publish","4":"has-post-thumbnail","6":"product_cat-marble-inlay-table","8":"first","9":"instock","10":"shipping-taxable","11":"product-type-simple"},"_links":{"self":[{"href":"https:\/\/www.smmarbleinlay.com\/fr\/wp-json\/wp\/v2\/product\/1424","targetHints":{"allow":["GET"]}}],"collection":[{"href":"https:\/\/www.smmarbleinlay.com\/fr\/wp-json\/wp\/v2\/product"}],"about":[{"href":"https:\/\/www.smmarbleinlay.com\/fr\/wp-json\/wp\/v2\/types\/product"}],"wp:featuredmedia":[{"embeddable":true,"href":"https:\/\/www.smmarbleinlay.com\/fr\/wp-json\/wp\/v2\/media\/1425"}],"wp:attachment":[{"href":"https:\/\/www.smmarbleinlay.com\/fr\/wp-json\/wp\/v2\/media?parent=1424"}],"wp:term":[{"taxonomy":"product_brand","embeddable":true,"href":"https:\/\/www.smmarbleinlay.com\/fr\/wp-json\/wp\/v2\/product_brand?post=1424"},{"taxonomy":"product_cat","embeddable":true,"href":"https:\/\/www.smmarbleinlay.com\/fr\/wp-json\/wp\/v2\/product_cat?post=1424"},{"taxonomy":"product_tag","embeddable":true,"href":"https:\/\/www.smmarbleinlay.com\/fr\/wp-json\/wp\/v2\/product_tag?post=1424"}],"curies":[{"name":"wp","href":"https:\/\/api.w.org\/{rel}","templated":true}]}}