{"id":1427,"date":"2025-03-27T10:38:04","date_gmt":"2025-03-27T02:38:04","guid":{"rendered":"https:\/\/www.smmarbleinlay.com\/?post_type=product&#038;p=1427"},"modified":"2025-04-09T15:50:14","modified_gmt":"2025-04-09T07:50:14","slug":"contemporary-marble-inlay-table","status":"publish","type":"product","link":"https:\/\/www.smmarbleinlay.com\/fr\/produit\/contemporary-marble-inlay-table\/","title":{"rendered":"Table contemporaine en marqueterie de marbre noir et blanc"},"content":{"rendered":"<h2>Table contemporaine en marqueterie de marbre noir : <strong>Design intemporel et marbre classique<\/strong><\/h2>\n<p>Cette table contemporaine \u00e0 incrustation de marbre noir pr\u00e9sente un motif de damier noir et blanc saisissant, fabriqu\u00e9 \u00e0 partir de marbre de haute qualit\u00e9.<\/p>\n<p>La surface noire de la table \u00e0 incrustation de marbre, \u00e0 la fois classique et contemporaine, allie l'\u00e9l\u00e9gance traditionnelle au style moderne, ce qui lui permet de s'int\u00e9grer parfaitement \u00e0 tout int\u00e9rieur contemporain.<\/p>\n<h2><strong>Un savoir-faire exquis : Pietra Dura<\/strong><\/h2>\n<p>La table \u00e0 incrustation de marbre met en valeur l'art exceptionnel de la Pietra Dura, avec des incrustations complexes soigneusement incrust\u00e9es dans le marbre.<\/p>\n<p>Ce savoir-faire artisanal garantit \u00e0 la fois la beaut\u00e9 et la durabilit\u00e9, offrant une surface qui r\u00e9siste \u00e0 l'\u00e9preuve du temps.<\/p>\n<h2><strong>Durabilit\u00e9 et style combin\u00e9s<\/strong><\/h2>\n<p>Fabriqu\u00e9e en marbre de premi\u00e8re qualit\u00e9, cette table n'est pas seulement attrayante sur le plan visuel, elle est \u00e9galement con\u00e7ue pour durer.<\/p>\n<p>Son design moderne en fait une pi\u00e8ce intemporelle pour votre maison ou votre bureau, offrant \u00e0 la fois fonctionnalit\u00e9 et beaut\u00e9 durable.<\/p>\n<h2><strong>Parfait pour les int\u00e9rieurs modernes<\/strong><\/h2>\n<p>Qu'elle soit utilis\u00e9e comme table de salle \u00e0 manger ou comme pi\u00e8ce d'accentuation \u00e9l\u00e9gante, cette table \u00e0 incrustation de marbre est con\u00e7ue pour rehausser n'importe quel espace.<\/p>\n<p>Son design \u00e9pur\u00e9 et minimaliste en fait un compl\u00e9ment polyvalent pour les environnements contemporains.<\/p>","protected":false},"excerpt":{"rendered":"<p><strong>Num\u00e9ro d'article : <\/strong>TA4G004<\/p>\n<p><strong>Mat\u00e9riau :<\/strong>\u00a0Marbre, pierre pr\u00e9cieuse. (le mat\u00e9riau de la table \u00e0 incrustation de marbre peut \u00eatre personnalis\u00e9)<\/p>\n<p><strong>Taille :<\/strong>\u00a0Taille sur mesure<\/p>\n<p><strong>Conception :<\/strong>\u00a0Mod\u00e8les de tables \u00e0 incrustation de marbre standard ou sur mesure<\/p>\n<p><strong>Application :<\/strong>\u00a0Villas et maisons de luxe, h\u00f4tels et centres de vill\u00e9giature, espaces commerciaux,<\/p>\n<p>Table de salle \u00e0 manger en marqueterie de marbre, table basse en pietra dura, plateau de table de salle \u00e0 manger,<\/p>\n<p>Espaces de restauration de luxe, salons classiques ou int\u00e9rieurs de bureaux haut de gamme,<\/p>\n<p>Table en marqueterie de marbre, meubles en marqueterie de marbre,<\/p>\n<p>Espaces publics, clubs haut de gamme et clubs priv\u00e9s,<\/p>\n<p>Salles d'exposition, boutiques, mus\u00e9es, \u00e9glises, mosqu\u00e9es, etc.<\/p>","protected":false},"featured_media":1428,"template":"","meta":{"_joinchat":[]},"product_brand":[],"product_cat":[23],"product_tag":[],"class_list":{"0":"post-1427","1":"product","2":"type-product","3":"status-publish","4":"has-post-thumbnail","6":"product_cat-marble-inlay-table","8":"first","9":"instock","10":"shipping-taxable","11":"product-type-simple"},"_links":{"self":[{"href":"https:\/\/www.smmarbleinlay.com\/fr\/wp-json\/wp\/v2\/product\/1427","targetHints":{"allow":["GET"]}}],"collection":[{"href":"https:\/\/www.smmarbleinlay.com\/fr\/wp-json\/wp\/v2\/product"}],"about":[{"href":"https:\/\/www.smmarbleinlay.com\/fr\/wp-json\/wp\/v2\/types\/product"}],"wp:featuredmedia":[{"embeddable":true,"href":"https:\/\/www.smmarbleinlay.com\/fr\/wp-json\/wp\/v2\/media\/1428"}],"wp:attachment":[{"href":"https:\/\/www.smmarbleinlay.com\/fr\/wp-json\/wp\/v2\/media?parent=1427"}],"wp:term":[{"taxonomy":"product_brand","embeddable":true,"href":"https:\/\/www.smmarbleinlay.com\/fr\/wp-json\/wp\/v2\/product_brand?post=1427"},{"taxonomy":"product_cat","embeddable":true,"href":"https:\/\/www.smmarbleinlay.com\/fr\/wp-json\/wp\/v2\/product_cat?post=1427"},{"taxonomy":"product_tag","embeddable":true,"href":"https:\/\/www.smmarbleinlay.com\/fr\/wp-json\/wp\/v2\/product_tag?post=1427"}],"curies":[{"name":"wp","href":"https:\/\/api.w.org\/{rel}","templated":true}]}}