{"id":1434,"date":"2025-03-27T10:48:31","date_gmt":"2025-03-27T02:48:31","guid":{"rendered":"https:\/\/www.smmarbleinlay.com\/?post_type=product&#038;p=1434"},"modified":"2025-04-09T15:41:54","modified_gmt":"2025-04-09T07:41:54","slug":"luxury-marble-inlay-furniture-dinning-table","status":"publish","type":"product","link":"https:\/\/www.smmarbleinlay.com\/fr\/produit\/luxury-marble-inlay-furniture-dinning-table\/","title":{"rendered":"Table \u00e0 manger de luxe en marqueterie de marbre"},"content":{"rendered":"<h2>Table \u00e0 manger de luxe en marqueterie de marbre <strong>Mat\u00e9riau de qualit\u00e9 sup\u00e9rieure<\/strong><\/h2>\n<p>Cette superbe et luxueuse table de salle \u00e0 manger \u00e0 incrustation de marbre est fabriqu\u00e9e \u00e0 partir du marbre le plus fin, connu pour sa durabilit\u00e9 et sa beaut\u00e9 intemporelle.<\/p>\n<p>Le marbre de haute qualit\u00e9 garantit non seulement des performances durables, mais ajoute \u00e9galement une touche de luxe \u00e0 votre maison.<\/p>\n<h2><strong>Design exquis de marqueterie avec Pietra Dura<\/strong><\/h2>\n<p>Le design complexe de la luxueuse table \u00e0 manger en marbre incrust\u00e9 met en valeur l'art de la Pietra Dura, une technique d'incrustation traditionnelle o\u00f9 les pierres vibrantes et le marbre sont combin\u00e9s de mani\u00e8re experte.<\/p>\n<p>Le r\u00e9sultat est un magnifique motif floral qui ajoute sophistication et \u00e9l\u00e9gance \u00e0 l'espace.<\/p>\n<h2><strong>Couleurs vives et motifs harmonieux<\/strong><\/h2>\n<p>Le design de la table de salle \u00e0 manger avec incrustation de marbre pr\u00e9sente des couleurs riches et vibrantes qui se fondent parfaitement dans le fond de marbre noir.<\/p>\n<p>Les motifs floraux d\u00e9taill\u00e9s, notamment les vignes, les feuilles et les fleurs, apportent une beaut\u00e9 naturelle \u00e0 la table, ce qui en fait une pi\u00e8ce d'apparat parfaite pour n'importe quelle pi\u00e8ce.<\/p>\n<h2><strong>Id\u00e9al pour les salles \u00e0 manger \u00e9l\u00e9gantes<\/strong><\/h2>\n<p>Parfaite pour une salle \u00e0 manger moderne, cette table \u00e0 incrustation de marbre est id\u00e9ale pour les rassemblements et les occasions sp\u00e9ciales.<\/p>\n<p>Son design saisissant s'harmonise parfaitement avec les int\u00e9rieurs contemporains et traditionnels, am\u00e9liorant l'ambiance g\u00e9n\u00e9rale de votre maison tout en offrant une pi\u00e8ce ma\u00eetresse fonctionnelle et luxueuse.<\/p>","protected":false},"excerpt":{"rendered":"<p><strong>Num\u00e9ro d'article : <\/strong>TA6I002<\/p>\n<p><strong>Mat\u00e9riau :<\/strong>\u00a0Marbre, pierre pr\u00e9cieuse. (le mat\u00e9riau de la table \u00e0 incrustation de marbre peut \u00eatre personnalis\u00e9)<\/p>\n<p><strong>Taille :<\/strong>\u00a0Taille sur mesure<\/p>\n<p><strong>Conception :<\/strong>\u00a0Mod\u00e8les de tables \u00e0 incrustation de marbre standard ou sur mesure<\/p>\n<p><strong>Application :<\/strong>\u00a0Villas et maisons de luxe, h\u00f4tels et centres de vill\u00e9giature, espaces commerciaux,<\/p>\n<p>Table de salle \u00e0 manger en marqueterie de marbre, table basse en pietra dura, plateau de table de salle \u00e0 manger,<\/p>\n<p>Espaces de restauration de luxe, salons classiques ou int\u00e9rieurs de bureaux haut de gamme,<\/p>\n<p>Table en marqueterie de marbre, meubles en marqueterie de marbre,<\/p>\n<p>Espaces publics, clubs haut de gamme et clubs priv\u00e9s,<\/p>\n<p>Salles d'exposition, boutiques, mus\u00e9es, \u00e9glises, mosqu\u00e9es, etc.<\/p>","protected":false},"featured_media":1438,"template":"","meta":{"_joinchat":[]},"product_brand":[],"product_cat":[23],"product_tag":[],"class_list":{"0":"post-1434","1":"product","2":"type-product","3":"status-publish","4":"has-post-thumbnail","6":"product_cat-marble-inlay-table","8":"first","9":"instock","10":"shipping-taxable","11":"product-type-simple"},"_links":{"self":[{"href":"https:\/\/www.smmarbleinlay.com\/fr\/wp-json\/wp\/v2\/product\/1434","targetHints":{"allow":["GET"]}}],"collection":[{"href":"https:\/\/www.smmarbleinlay.com\/fr\/wp-json\/wp\/v2\/product"}],"about":[{"href":"https:\/\/www.smmarbleinlay.com\/fr\/wp-json\/wp\/v2\/types\/product"}],"wp:featuredmedia":[{"embeddable":true,"href":"https:\/\/www.smmarbleinlay.com\/fr\/wp-json\/wp\/v2\/media\/1438"}],"wp:attachment":[{"href":"https:\/\/www.smmarbleinlay.com\/fr\/wp-json\/wp\/v2\/media?parent=1434"}],"wp:term":[{"taxonomy":"product_brand","embeddable":true,"href":"https:\/\/www.smmarbleinlay.com\/fr\/wp-json\/wp\/v2\/product_brand?post=1434"},{"taxonomy":"product_cat","embeddable":true,"href":"https:\/\/www.smmarbleinlay.com\/fr\/wp-json\/wp\/v2\/product_cat?post=1434"},{"taxonomy":"product_tag","embeddable":true,"href":"https:\/\/www.smmarbleinlay.com\/fr\/wp-json\/wp\/v2\/product_tag?post=1434"}],"curies":[{"name":"wp","href":"https:\/\/api.w.org\/{rel}","templated":true}]}}