{"id":1439,"date":"2025-03-27T11:33:24","date_gmt":"2025-03-27T03:33:24","guid":{"rendered":"https:\/\/www.smmarbleinlay.com\/?post_type=product&#038;p=1439"},"modified":"2025-04-09T15:37:53","modified_gmt":"2025-04-09T07:37:53","slug":"classic-marble-inlay-table-a-masterpiece-of-elegance","status":"publish","type":"product","link":"https:\/\/www.smmarbleinlay.com\/fr\/produit\/classic-marble-inlay-table-a-masterpiece-of-elegance\/","title":{"rendered":"Table classique en marqueterie de marbre : Un chef-d'\u0153uvre d'\u00e9l\u00e9gance"},"content":{"rendered":"<h2>Table classique en marqueterie de marbre : Un chef-d'\u0153uvre d'\u00e9l\u00e9gance<\/h2>\n<p>Table classique \u00e0 incrustation de marbre : des mat\u00e9riaux exquis pour une touche luxueuse<\/p>\n<p>Cette table \u00e0 incrustation de marbre est fabriqu\u00e9e \u00e0 partir des marbres, des pierres de luxe et des pierres pr\u00e9cieuses les plus fins, cr\u00e9ant ainsi un chef-d'\u0153uvre durable et visuellement \u00e9poustouflant.<\/p>\n<p>Chaque mat\u00e9riau est soigneusement s\u00e9lectionn\u00e9 pour rehausser la beaut\u00e9 et la long\u00e9vit\u00e9 du design, ce qui en fait un compl\u00e9ment parfait pour les int\u00e9rieurs haut de gamme.<\/p>\n<h2>Pietra Dure : L'art de la marqueterie de pierre<\/h2>\n<p>Inspir\u00e9e de la technique traditionnelle de la Pietra Dure, cette table classique en marqueterie de marbre incarne le savoir-faire m\u00e9ticuleux de l'incrustation de pierre.<\/p>\n<p>Les motifs complexes sont obtenus gr\u00e2ce \u00e0 la taille et \u00e0 l'ajustement pr\u00e9cis de pierres semi-pr\u00e9cieuses, ce qui permet d'obtenir une \u0153uvre d'art homog\u00e8ne et \u00e9poustouflante.<\/p>\n<h2>Design harmonieux et coordination des couleurs<\/h2>\n<p>L'art et l'artisanat parchinkari repr\u00e9sent\u00e9s sur ce plateau de table en incrustation de marbre pr\u00e9sentent un m\u00e9lange harmonieux de motifs classiques et de riches palettes de couleurs.<\/p>\n<p>Chaque courbe et chaque d\u00e9tail floral sont m\u00e9ticuleusement arrang\u00e9s pour cr\u00e9er une esth\u00e9tique \u00e9l\u00e9gante et raffin\u00e9e, compl\u00e9tant avec gr\u00e2ce les int\u00e9rieurs luxueux.<\/p>\n<h2>Application polyvalente dans les espaces opulents<\/h2>\n<p>Id\u00e9ale pour les villas de luxe, les grandes salles \u00e0 manger et les int\u00e9rieurs d'h\u00f4tels somptueux, cette table luxueuse et classique \u00e0 incrustation de marbre rehausse tous les espaces par sa pr\u00e9sence royale.<\/p>\n<p>Qu'il s'agisse d'une table de salle \u00e0 manger, d'un centre de table d\u00e9coratif ou d'une pi\u00e8ce de collection, sa beaut\u00e9 intemporelle en fait un objet d'admiration.<\/p>","protected":false},"excerpt":{"rendered":"<p><strong>Num\u00e9ro d'article : <\/strong>TA6I003<\/p>\n<p><strong>Mat\u00e9riau :<\/strong>\u00a0Mable, pierre pr\u00e9cieuse. (les mat\u00e9riaux peuvent \u00eatre personnalis\u00e9s)<\/p>\n<p><strong>Taille :<\/strong>\u00a0Taille sur mesure<\/p>\n<p><strong>Conception :<\/strong>\u00a0Mod\u00e8les standard ou personnalis\u00e9s<\/p>\n<p><strong>Application :<\/strong>\u00a0Villas et maisons de luxe, h\u00f4tels et centres de vill\u00e9giature, espaces commerciaux,<\/p>\n<p>Table de salle \u00e0 manger en marqueterie de marbre, table basse en pietra dura, plateau de table de salle \u00e0 manger,<\/p>\n<p>Espaces de restauration de luxe, salons classiques ou int\u00e9rieurs de bureaux haut de gamme,<\/p>\n<p>Table en marqueterie de marbre, meubles en marqueterie de marbre,<\/p>\n<p>Espaces publics, clubs haut de gamme et clubs priv\u00e9s,<\/p>\n<p>Salles d'exposition, boutiques, mus\u00e9es, \u00e9glises, mosqu\u00e9es, etc.<\/p>","protected":false},"featured_media":1440,"template":"","meta":{"_joinchat":[]},"product_brand":[],"product_cat":[23],"product_tag":[],"class_list":{"0":"post-1439","1":"product","2":"type-product","3":"status-publish","4":"has-post-thumbnail","6":"product_cat-marble-inlay-table","8":"first","9":"instock","10":"shipping-taxable","11":"product-type-simple"},"_links":{"self":[{"href":"https:\/\/www.smmarbleinlay.com\/fr\/wp-json\/wp\/v2\/product\/1439","targetHints":{"allow":["GET"]}}],"collection":[{"href":"https:\/\/www.smmarbleinlay.com\/fr\/wp-json\/wp\/v2\/product"}],"about":[{"href":"https:\/\/www.smmarbleinlay.com\/fr\/wp-json\/wp\/v2\/types\/product"}],"wp:featuredmedia":[{"embeddable":true,"href":"https:\/\/www.smmarbleinlay.com\/fr\/wp-json\/wp\/v2\/media\/1440"}],"wp:attachment":[{"href":"https:\/\/www.smmarbleinlay.com\/fr\/wp-json\/wp\/v2\/media?parent=1439"}],"wp:term":[{"taxonomy":"product_brand","embeddable":true,"href":"https:\/\/www.smmarbleinlay.com\/fr\/wp-json\/wp\/v2\/product_brand?post=1439"},{"taxonomy":"product_cat","embeddable":true,"href":"https:\/\/www.smmarbleinlay.com\/fr\/wp-json\/wp\/v2\/product_cat?post=1439"},{"taxonomy":"product_tag","embeddable":true,"href":"https:\/\/www.smmarbleinlay.com\/fr\/wp-json\/wp\/v2\/product_tag?post=1439"}],"curies":[{"name":"wp","href":"https:\/\/api.w.org\/{rel}","templated":true}]}}