{"id":1442,"date":"2025-03-27T11:39:07","date_gmt":"2025-03-27T03:39:07","guid":{"rendered":"https:\/\/www.smmarbleinlay.com\/?post_type=product&#038;p=1442"},"modified":"2025-04-09T15:35:01","modified_gmt":"2025-04-09T07:35:01","slug":"classic-marble-inlay-table-a-fusion-of-art-and-luxury","status":"publish","type":"product","link":"https:\/\/www.smmarbleinlay.com\/fr\/produit\/classic-marble-inlay-table-a-fusion-of-art-and-luxury\/","title":{"rendered":"Table classique en marqueterie de marbre : Une fusion d'art et de luxe"},"content":{"rendered":"<h2>Table classique en marqueterie de marbre : L'essence du luxe<\/h2>\n<p>Cette table classique \u00e0 incrustation de marbre est fabriqu\u00e9e \u00e0 partir des marbres, des pierres de luxe et des pierres pr\u00e9cieuses les plus fins, ce qui lui conf\u00e8re une \u00e9l\u00e9gance et une durabilit\u00e9 in\u00e9gal\u00e9es.<\/p>\n<p>La base en marbre noir profond rehausse l'\u00e9clat des incrustations complexes, ce qui en fait une pi\u00e8ce d'apparat saisissante.<\/p>\n<h2>Pietra Dure : L'art intemporel de la marqueterie de pierre<\/h2>\n<p>Inspir\u00e9e de l'exquise tradition de la Pietra Dure, cette table pr\u00e9sente des motifs floraux et viticoles complexes, m\u00e9ticuleusement r\u00e9alis\u00e9s \u00e0 la main avec des pierres semi-pr\u00e9cieuses.<\/p>\n<p>Chaque d\u00e9tail d\u00e9licat refl\u00e8te la pr\u00e9cision et la ma\u00eetrise des artisans, garantissant une \u0153uvre d'art \u00e9ternelle.<\/p>\n<h2>Composition harmonieuse des couleurs et des motifs<\/h2>\n<p>Les \u00e9l\u00e9ments d'art et d'artisanat parchinkari de la table sont mis en valeur par un \u00e9quilibre harmonieux de tons dor\u00e9s, blancs et terreux sur le riche marbre noir.<\/p>\n<p>Les \u00e9l\u00e9gants motifs circulaires et les arrangements floraux \u00e9voquent un charme royal, id\u00e9al pour les int\u00e9rieurs de luxe classiques et contemporains.<\/p>\n<h2>Applications polyvalentes dans les grands espaces<\/h2>\n<p>Id\u00e9ale pour les r\u00e9sidences haut de gamme, les h\u00f4tels de luxe et les domaines priv\u00e9s, cette table en marbre incrust\u00e9 rehausse harmonieusement les salles \u00e0 manger, les salons et les espaces de r\u00e9ception.<\/p>\n<p>Qu'il s'agisse d'une pi\u00e8ce ma\u00eetresse fonctionnelle ou d'une d\u00e9claration artistique, sa beaut\u00e9 et sa sophistication en font un ajout inoubliable \u00e0 tout d\u00e9cor opulent.<\/p>","protected":false},"excerpt":{"rendered":"<p><strong>Num\u00e9ro d'article : <\/strong>TA6I004<\/p>\n<p><strong>Mat\u00e9riau :<\/strong>\u00a0Marbre, pierre pr\u00e9cieuse. (le mat\u00e9riau de la table \u00e0 incrustation de marbre peut \u00eatre personnalis\u00e9)<\/p>\n<p><strong>Taille :<\/strong>\u00a0Taille sur mesure<\/p>\n<p><strong>Conception :<\/strong>\u00a0Mod\u00e8les de tables \u00e0 incrustation de marbre standard ou sur mesure<\/p>\n<p><strong>Application :<\/strong>\u00a0Villas et maisons de luxe, h\u00f4tels et centres de vill\u00e9giature, espaces commerciaux,<\/p>\n<p>Table de salle \u00e0 manger en marqueterie de marbre, table basse en pietra dura, plateau de table de salle \u00e0 manger,<\/p>\n<p>Espaces de restauration de luxe, salons classiques ou int\u00e9rieurs de bureaux haut de gamme,<\/p>\n<p>Table en marqueterie de marbre, meubles en marqueterie de marbre,<\/p>\n<p>Espaces publics, clubs haut de gamme et clubs priv\u00e9s,<\/p>\n<p>Salles d'exposition, boutiques, mus\u00e9es, \u00e9glises, mosqu\u00e9es, etc.<\/p>","protected":false},"featured_media":1443,"template":"","meta":{"_joinchat":[]},"product_brand":[],"product_cat":[23],"product_tag":[],"class_list":{"0":"post-1442","1":"product","2":"type-product","3":"status-publish","4":"has-post-thumbnail","6":"product_cat-marble-inlay-table","8":"first","9":"instock","10":"shipping-taxable","11":"product-type-simple"},"_links":{"self":[{"href":"https:\/\/www.smmarbleinlay.com\/fr\/wp-json\/wp\/v2\/product\/1442","targetHints":{"allow":["GET"]}}],"collection":[{"href":"https:\/\/www.smmarbleinlay.com\/fr\/wp-json\/wp\/v2\/product"}],"about":[{"href":"https:\/\/www.smmarbleinlay.com\/fr\/wp-json\/wp\/v2\/types\/product"}],"wp:featuredmedia":[{"embeddable":true,"href":"https:\/\/www.smmarbleinlay.com\/fr\/wp-json\/wp\/v2\/media\/1443"}],"wp:attachment":[{"href":"https:\/\/www.smmarbleinlay.com\/fr\/wp-json\/wp\/v2\/media?parent=1442"}],"wp:term":[{"taxonomy":"product_brand","embeddable":true,"href":"https:\/\/www.smmarbleinlay.com\/fr\/wp-json\/wp\/v2\/product_brand?post=1442"},{"taxonomy":"product_cat","embeddable":true,"href":"https:\/\/www.smmarbleinlay.com\/fr\/wp-json\/wp\/v2\/product_cat?post=1442"},{"taxonomy":"product_tag","embeddable":true,"href":"https:\/\/www.smmarbleinlay.com\/fr\/wp-json\/wp\/v2\/product_tag?post=1442"}],"curies":[{"name":"wp","href":"https:\/\/api.w.org\/{rel}","templated":true}]}}