{"id":1466,"date":"2025-03-27T15:42:25","date_gmt":"2025-03-27T07:42:25","guid":{"rendered":"https:\/\/www.smmarbleinlay.com\/?post_type=product&#038;p=1466"},"modified":"2025-04-09T15:10:00","modified_gmt":"2025-04-09T07:10:00","slug":"prosperity-tree-luxury-inlay-marble-stone-wall","status":"publish","type":"product","link":"https:\/\/www.smmarbleinlay.com\/fr\/produit\/prosperity-tree-luxury-inlay-marble-stone-wall\/","title":{"rendered":"Arbre de la prosp\u00e9rit\u00e9 - Mur en pierre marbri\u00e8re de luxe"},"content":{"rendered":"<h2>Arbre de la prosp\u00e9rit\u00e9 - Mur en pierre de marbre luxueusement incrust\u00e9 - Art et symbolisme exquis<\/h2>\n<p>Ce mur en pierre marbri\u00e8re, \u00e0 la fois \u00e9tonnant et luxueux, pr\u00e9sente un arbre de la prosp\u00e9rit\u00e9 travaill\u00e9 de mani\u00e8re complexe, un motif profond\u00e9ment enracin\u00e9 dans le symbolisme.<\/p>\n<p>Repr\u00e9sentant la richesse, l'abondance et la bonne fortune, l'arbre est orn\u00e9 de pi\u00e8ces d'or et d'ornements de bon augure, ce qui en fait une pi\u00e8ce d'apparat parfaite pour les int\u00e9rieurs luxueux.<\/p>\n<p>Le luxe exquis de l'artisanat des murs en pierre marbri\u00e8re refl\u00e8te l'\u00e9l\u00e9gance des incrustations de pierre Pietra Dura et l'h\u00e9ritage de l'art et de l'artisanat parchinkari.<\/p>\n<h2>Mat\u00e9riaux et savoir-faire de premi\u00e8re qualit\u00e9<\/h2>\n<p>Fabriqu\u00e9 \u00e0 partir d'une luxueuse combinaison de marbre naturel, de laiton et d'\u00e9l\u00e9ments en cuivre, ce motif en marbre incrust\u00e9 rehausse \u00e0 la fois l'attrait visuel et la signification symbolique.<\/p>\n<p>Les tons dor\u00e9s des pi\u00e8ces et des accessoires contrastent magnifiquement avec la richesse de la pierre naturelle, d\u00e9gageant une \u00e9l\u00e9gance intemporelle.<\/p>\n<p>L'utilisation d'incrustations garantit la durabilit\u00e9 tout en conservant une esth\u00e9tique raffin\u00e9e.<\/p>\n<h2>Application et \u00e9l\u00e9gance int\u00e9rieure<\/h2>\n<p>Id\u00e9ale pour les villas de luxe, les grandes entr\u00e9es, les halls d'h\u00f4tel et les espaces d'entreprise, cette pi\u00e8ce murale en marbre ajoute une ambiance royale et de bon augure.<\/p>\n<p>Il est particuli\u00e8rement adapt\u00e9 aux espaces con\u00e7us pour refl\u00e9ter la prosp\u00e9rit\u00e9 et la grandeur, tels que les institutions financi\u00e8res, les centres d'affaires et les r\u00e9sidences priv\u00e9es.<\/p>\n<h2>Personnalisation sur mesure par Stone Master<\/h2>\n<p>Avec plus de 25 ans d'expertise, Stone Master offre des services de personnalisation compl\u00e8te, permettant aux clients de personnaliser la taille, la s\u00e9lection des mat\u00e9riaux et la palette de couleurs pour correspondre \u00e0 leur vision unique de la d\u00e9coration d'int\u00e9rieur.<\/p>\n<p>Notre \u00e9quipe d'artisans qualifi\u00e9s veille \u00e0 ce que chaque d\u00e9tail de ce mur en pierre incrust\u00e9e de marbre refl\u00e8te les normes les plus \u00e9lev\u00e9es de l'artisanat.<\/p>\n<p>Transformez votre espace avec ce chef-d'\u0153uvre unique en marbre incrust\u00e9, o\u00f9 la tradition, le luxe et la prosp\u00e9rit\u00e9 s'unissent pour cr\u00e9er une \u0153uvre d'art vraiment exceptionnelle.<\/p>","protected":false},"excerpt":{"rendered":"<p><strong>Num\u00e9ro d'article : <\/strong>WA6I001<\/p>\n<p><strong>Mat\u00e9riau :<\/strong>\u00a0Marbre, pierre pr\u00e9cieuse. (le mat\u00e9riau du panneau mural en marbre peut \u00eatre personnalis\u00e9)<\/p>\n<p><strong>Taille :<\/strong>\u00a0Taille sur mesure de tout d\u00e9cor mural en marbre incrust\u00e9<\/p>\n<p><strong>Conception :<\/strong>\u00a0Incrustations de marbre standard ou personnalis\u00e9es<\/p>\n<p><strong>Application :<\/strong>\u00a0Villas et maisons de luxe, h\u00f4tels et centres de vill\u00e9giature, espaces commerciaux,<\/p>\n<p>Salon, Panneau mural en vedette, D\u00e9coration murale, Art mural en marqueterie, Art mural en pierre,<\/p>\n<p>Espaces publics, entr\u00e9es et foyers, clubs haut de gamme et clubs priv\u00e9s,<\/p>\n<p>Salles d'exposition, boutiques, mus\u00e9es, \u00e9glises, mosqu\u00e9es, etc.<\/p>","protected":false},"featured_media":1467,"template":"","meta":{"_joinchat":[]},"product_brand":[],"product_cat":[22],"product_tag":[],"class_list":{"0":"post-1466","1":"product","2":"type-product","3":"status-publish","4":"has-post-thumbnail","6":"product_cat-marble-inlay-wall-decor","8":"first","9":"instock","10":"shipping-taxable","11":"product-type-simple"},"_links":{"self":[{"href":"https:\/\/www.smmarbleinlay.com\/fr\/wp-json\/wp\/v2\/product\/1466","targetHints":{"allow":["GET"]}}],"collection":[{"href":"https:\/\/www.smmarbleinlay.com\/fr\/wp-json\/wp\/v2\/product"}],"about":[{"href":"https:\/\/www.smmarbleinlay.com\/fr\/wp-json\/wp\/v2\/types\/product"}],"wp:featuredmedia":[{"embeddable":true,"href":"https:\/\/www.smmarbleinlay.com\/fr\/wp-json\/wp\/v2\/media\/1467"}],"wp:attachment":[{"href":"https:\/\/www.smmarbleinlay.com\/fr\/wp-json\/wp\/v2\/media?parent=1466"}],"wp:term":[{"taxonomy":"product_brand","embeddable":true,"href":"https:\/\/www.smmarbleinlay.com\/fr\/wp-json\/wp\/v2\/product_brand?post=1466"},{"taxonomy":"product_cat","embeddable":true,"href":"https:\/\/www.smmarbleinlay.com\/fr\/wp-json\/wp\/v2\/product_cat?post=1466"},{"taxonomy":"product_tag","embeddable":true,"href":"https:\/\/www.smmarbleinlay.com\/fr\/wp-json\/wp\/v2\/product_tag?post=1466"}],"curies":[{"name":"wp","href":"https:\/\/api.w.org\/{rel}","templated":true}]}}