{"id":1469,"date":"2025-03-27T15:48:57","date_gmt":"2025-03-27T07:48:57","guid":{"rendered":"https:\/\/www.smmarbleinlay.com\/?post_type=product&#038;p=1469"},"modified":"2025-04-09T14:57:07","modified_gmt":"2025-04-09T06:57:07","slug":"inlay-marble-wall-design-for-luxurious-interiors","status":"publish","type":"product","link":"https:\/\/www.smmarbleinlay.com\/fr\/produit\/inlay-marble-wall-design-for-luxurious-interiors\/","title":{"rendered":"Inlay Marble Wall Design for Luxurious Interiors (en anglais)"},"content":{"rendered":"<h2>Inlay Marble Wall Design for Luxurious Interior Design &amp; Pattern of Inlaid Marble Wall Panel (Panneau mural en marbre incrust\u00e9)<\/h2>\n<p>Le produit en vedette, le design mural en marbre incrust\u00e9 pour les int\u00e9rieurs luxueux, pr\u00e9sente un design exquis en marbre incrust\u00e9, incorporant le savoir-faire artisanal traditionnel de l'incrustation de la pierre pietra dura.<\/p>\n<p>Le panneau mural en marqueterie de marbre pour int\u00e9rieurs luxueux pr\u00e9sente un paysage architectural pittoresque, d\u00e9crivant un b\u00e2timent de style europ\u00e9en classique avec des d\u00f4mes, des fen\u00eatres cintr\u00e9es et un pont orn\u00e9 au-dessus d'une rivi\u00e8re.<\/p>\n<p>Le sol compl\u00e8te cette \u00e9l\u00e9gance avec un motif floral et g\u00e9om\u00e9trique incrust\u00e9, m\u00e9ticuleusement r\u00e9alis\u00e9 selon les techniques de l'art et de l'artisanat parchinkari.<\/p>\n<h2>Style et esth\u00e9tique des panneaux muraux en marbre incrust\u00e9<\/h2>\n<p>Ce style d'incrustation de marbre pour les int\u00e9rieurs luxueux est un m\u00e9lange parfait de design classique europ\u00e9en et de design contemporain de luxe.<\/p>\n<p>Les motifs complexes et les tons chauds et terreux cr\u00e9ent une ambiance \u00e0 la fois opulente et harmonieuse, ce qui en fait un choix id\u00e9al pour les int\u00e9rieurs haut de gamme.<\/p>\n<p>L'incrustation de style mural offre une expression artistique tridimensionnelle qui conf\u00e8re \u00e0 l'espace un caract\u00e8re \u00e0 la fois grandiose et accueillant.<\/p>\n<h2>Domaines d'application des panneaux muraux en marbre incrust\u00e9<\/h2>\n<ul>\n<li>R\u00e9sidences de luxe : Salons, halls d'entr\u00e9e, salles \u00e0 manger<\/li>\n<li>H\u00f4tels et centres de vill\u00e9giature : Foyers, suites, salles de banquet<\/li>\n<li>Espaces commerciaux : Boutiques haut de gamme, bureaux d'entreprise, salles d'exposition de luxe<\/li>\n<li>B\u00e2timents palatiaux et patrimoniaux : Mus\u00e9es, centres culturels, h\u00f4tels particuliers<\/li>\n<\/ul>\n<h2>Services de personnalisation et sur mesure de panneaux muraux en marbre incrust\u00e9<\/h2>\n<p>Chaque mur en pierre marbr\u00e9e peut \u00eatre adapt\u00e9 aux pr\u00e9f\u00e9rences de conception, aux dimensions et aux couleurs sp\u00e9cifiques. La personnalisation comprend :<\/p>\n<ul>\n<li>S\u00e9lection de pierres marbr\u00e9es de qualit\u00e9 sup\u00e9rieure pour des contrastes de couleurs uniques<\/li>\n<li>Mod\u00e8les sur mesure inspir\u00e9s de l'art historique, de la nature ou de l'esth\u00e9tique moderne<\/li>\n<li>Techniques de d\u00e9coupe de pr\u00e9cision garantissant une incrustation sans faille<\/li>\n<li>D\u00e9tails fabriqu\u00e9s \u00e0 la main par des artisans qualifi\u00e9s<\/li>\n<\/ul>\n<p>Cette incrustation de marbre n'est pas seulement un \u00e9l\u00e9ment d\u00e9coratif, mais une d\u00e9claration de luxe et d'art intemporel.<\/p>\n<p>Il transforme tout int\u00e9rieur en un chef-d'\u0153uvre d'\u00e9l\u00e9gance, refl\u00e9tant un m\u00e9lange de tradition, d'artisanat et de luxe moderne.<\/p>","protected":false},"excerpt":{"rendered":"<p><strong>Num\u00e9ro d'article : <\/strong>WA4G005<\/p>\n<p><strong>Mat\u00e9riau :<\/strong>\u00a0Marbre, pierre pr\u00e9cieuse. (le mat\u00e9riau du panneau mural en marbre peut \u00eatre personnalis\u00e9)<\/p>\n<p><strong>Taille :<\/strong>\u00a0Taille sur mesure de tout d\u00e9cor mural en marbre incrust\u00e9<\/p>\n<p><strong>Conception :<\/strong>\u00a0Incrustations de marbre standard ou personnalis\u00e9es<\/p>\n<p><strong>Application :<\/strong>\u00a0Villas et maisons de luxe, h\u00f4tels et centres de vill\u00e9giature, espaces commerciaux,<\/p>\n<p>Salon, Panneau mural en vedette, D\u00e9coration murale, Art mural en marqueterie, Art mural en pierre,<\/p>\n<p>Espaces publics, entr\u00e9es et foyers, clubs haut de gamme et clubs priv\u00e9s,<\/p>\n<p>Salles d'exposition, boutiques, mus\u00e9es, \u00e9glises, mosqu\u00e9es, etc.<\/p>","protected":false},"featured_media":1470,"template":"","meta":{"_joinchat":[]},"product_brand":[],"product_cat":[22],"product_tag":[],"class_list":{"0":"post-1469","1":"product","2":"type-product","3":"status-publish","4":"has-post-thumbnail","6":"product_cat-marble-inlay-wall-decor","8":"first","9":"instock","10":"shipping-taxable","11":"product-type-simple"},"_links":{"self":[{"href":"https:\/\/www.smmarbleinlay.com\/fr\/wp-json\/wp\/v2\/product\/1469","targetHints":{"allow":["GET"]}}],"collection":[{"href":"https:\/\/www.smmarbleinlay.com\/fr\/wp-json\/wp\/v2\/product"}],"about":[{"href":"https:\/\/www.smmarbleinlay.com\/fr\/wp-json\/wp\/v2\/types\/product"}],"wp:featuredmedia":[{"embeddable":true,"href":"https:\/\/www.smmarbleinlay.com\/fr\/wp-json\/wp\/v2\/media\/1470"}],"wp:attachment":[{"href":"https:\/\/www.smmarbleinlay.com\/fr\/wp-json\/wp\/v2\/media?parent=1469"}],"wp:term":[{"taxonomy":"product_brand","embeddable":true,"href":"https:\/\/www.smmarbleinlay.com\/fr\/wp-json\/wp\/v2\/product_brand?post=1469"},{"taxonomy":"product_cat","embeddable":true,"href":"https:\/\/www.smmarbleinlay.com\/fr\/wp-json\/wp\/v2\/product_cat?post=1469"},{"taxonomy":"product_tag","embeddable":true,"href":"https:\/\/www.smmarbleinlay.com\/fr\/wp-json\/wp\/v2\/product_tag?post=1469"}],"curies":[{"name":"wp","href":"https:\/\/api.w.org\/{rel}","templated":true}]}}