{"id":1472,"date":"2025-03-27T16:15:01","date_gmt":"2025-03-27T08:15:01","guid":{"rendered":"https:\/\/www.smmarbleinlay.com\/?post_type=product&#038;p=1472"},"modified":"2025-04-09T14:48:13","modified_gmt":"2025-04-09T06:48:13","slug":"elegant-marble-inlay-background-wall-decor","status":"publish","type":"product","link":"https:\/\/www.smmarbleinlay.com\/fr\/produit\/elegant-marble-inlay-background-wall-decor\/","title":{"rendered":"D\u00e9coration murale \u00e9l\u00e9gante avec incrustation de marbre en arri\u00e8re-plan"},"content":{"rendered":"<h2>Marble Inlay Background Wall Decor Material &amp; Craftsmanship Marble Inlay Stone Wall<\/h2>\n<p>This marble inlay background wall decor stone wall is crafted using premium marble and jade stone, skillfully assembled through the ancient technique of pietra dura stone inlay work.<\/p>\n<p>The marble inlay background wall decor composition features a rich color palette, with various shades of green, beige, brown, and red, creating a harmonious and natural aesthetic.<\/p>\n<h2>Design &amp; Pattern Marble Inlay Stone Wall<\/h2>\n<p>The marble inlay wall decor panel presents a stunning countryside scene, showcasing rolling green hills, a castle-like structure, grazing animals, and a picturesque landscape. This inlay design captures a European pastoral essence, providing a timeless, classic ambiance.<\/p>\n<h2>Style &amp; Aesthetic Marble Inlay Stone Wall<\/h2>\n<p>The marble inlay background wall decor artwork reflects a realistic yet artistic interpretation of nature, seamlessly blending elements of parchinkari art and craft with modern stone inlay techniques.<\/p>\n<p>The warm, earthy tones and intricate detailing make this style marble inlay work a luxurious focal point.<\/p>\n<h2>Application Areas Marble Inlay Stone Wall<\/h2>\n<ul>\n<li>Residential Spaces: Dining rooms, living rooms, home libraries<\/li>\n<li>Luxury Hotels &amp; Resorts: Lobby walls, private lounges, VIP suites<\/li>\n<li>Corporate &amp; Commercial Spaces: Executive offices, boutique stores, conference rooms<\/li>\n<li>Cultural &amp; Heritage Buildings: Museums, art galleries, historic residences<\/li>\n<\/ul>\n<h2>Customization &amp; Bespoke Services Marble Inlay Stone Wall<\/h2>\n<p>This marble inlay background wall can be fully customized to meet individual design preferences, including:<\/p>\n<ul>\n<li>Choice of marble and semi-precious stones for enhanced color variation<\/li>\n<li>Tailored sizes and proportions to fit different spaces<\/li>\n<li>Handcrafted detailing ensuring seamless and durable inlay work<\/li>\n<li>Bespoke themes inspired by historical, natural, or artistic influences<\/li>\n<\/ul>\n<p>This inlay marble design transforms interiors into a statement of elegance and sophistication, offering a unique blend of heritage craftsmanship and modern luxury.<\/p>","protected":false},"excerpt":{"rendered":"<p><strong>Num\u00e9ro d'article : <\/strong>WA5H002<\/p>\n<p><strong>Mat\u00e9riau :<\/strong>\u00a0Marbre, pierre pr\u00e9cieuse. (le mat\u00e9riau du panneau mural en marbre peut \u00eatre personnalis\u00e9)<\/p>\n<p><strong>Taille :<\/strong>\u00a0Taille sur mesure de tout d\u00e9cor mural en marbre incrust\u00e9<\/p>\n<p><strong>Conception :<\/strong>\u00a0Incrustations de marbre standard ou personnalis\u00e9es<\/p>\n<p><strong>Application :<\/strong>\u00a0Villas et maisons de luxe, h\u00f4tels et centres de vill\u00e9giature, espaces commerciaux,<\/p>\n<p>Salon, Panneau mural en vedette, D\u00e9coration murale, Art mural en marqueterie, Art mural en pierre,<\/p>\n<p>Espaces publics, entr\u00e9es et foyers, clubs haut de gamme et clubs priv\u00e9s,<\/p>\n<p>Salles d'exposition, boutiques, mus\u00e9es, \u00e9glises, mosqu\u00e9es, etc.<\/p>","protected":false},"featured_media":1476,"template":"","meta":{"_joinchat":[]},"product_brand":[],"product_cat":[22],"product_tag":[],"class_list":{"0":"post-1472","1":"product","2":"type-product","3":"status-publish","4":"has-post-thumbnail","6":"product_cat-marble-inlay-wall-decor","8":"first","9":"instock","10":"shipping-taxable","11":"product-type-simple"},"_links":{"self":[{"href":"https:\/\/www.smmarbleinlay.com\/fr\/wp-json\/wp\/v2\/product\/1472","targetHints":{"allow":["GET"]}}],"collection":[{"href":"https:\/\/www.smmarbleinlay.com\/fr\/wp-json\/wp\/v2\/product"}],"about":[{"href":"https:\/\/www.smmarbleinlay.com\/fr\/wp-json\/wp\/v2\/types\/product"}],"wp:featuredmedia":[{"embeddable":true,"href":"https:\/\/www.smmarbleinlay.com\/fr\/wp-json\/wp\/v2\/media\/1476"}],"wp:attachment":[{"href":"https:\/\/www.smmarbleinlay.com\/fr\/wp-json\/wp\/v2\/media?parent=1472"}],"wp:term":[{"taxonomy":"product_brand","embeddable":true,"href":"https:\/\/www.smmarbleinlay.com\/fr\/wp-json\/wp\/v2\/product_brand?post=1472"},{"taxonomy":"product_cat","embeddable":true,"href":"https:\/\/www.smmarbleinlay.com\/fr\/wp-json\/wp\/v2\/product_cat?post=1472"},{"taxonomy":"product_tag","embeddable":true,"href":"https:\/\/www.smmarbleinlay.com\/fr\/wp-json\/wp\/v2\/product_tag?post=1472"}],"curies":[{"name":"wp","href":"https:\/\/api.w.org\/{rel}","templated":true}]}}