{"id":1604,"date":"2025-03-29T15:58:49","date_gmt":"2025-03-29T07:58:49","guid":{"rendered":"https:\/\/www.smmarbleinlay.com\/?post_type=product&#038;p=1604"},"modified":"2025-04-09T14:43:51","modified_gmt":"2025-04-09T06:43:51","slug":"pietra-dura-stone-inlay-wall-vineyard-theme","status":"publish","type":"product","link":"https:\/\/www.smmarbleinlay.com\/fr\/produit\/pietra-dura-stone-inlay-wall-vineyard-theme\/","title":{"rendered":"Mur d'incrustation en pierre Pietra Dura - Th\u00e8me de la vigne"},"content":{"rendered":"<h2>Mur d'incrustation en pierre Pietra Dura - Th\u00e8me de la vigne<\/h2>\n<p>Ce mur de marbre en incrustation de pierre Pietra Dura pr\u00e9sente un design \u00e9tonnant inspir\u00e9 des vignobles, apportant le charme de la nature dans les espaces int\u00e9rieurs luxueux.<\/p>\n<p>R\u00e9alis\u00e9 selon les techniques complexes d'incrustation de la pierre Pietra dura, ce chef-d'\u0153uvre allie l'art \u00e0 l'opulence, ce qui en fait une pi\u00e8ce ma\u00eetresse dans un d\u00e9cor haut de gamme.<\/p>\n<h2>Conception et esth\u00e9tique<\/h2>\n<p>L'incrustation murale en pierre Pietra Dura repr\u00e9sente une sc\u00e8ne pittoresque de vignoble, avec des vignes luxuriantes, des collines ondulantes et une villa de campagne.<\/p>\n<p>Le contraste vibrant entre les teintes de la pierre naturelle et les d\u00e9tails de l'artisanat cr\u00e9e un effet visuel envo\u00fbtant, rappelant l'art et l'artisanat Parchinkari, une technique r\u00e9put\u00e9e pour sa pr\u00e9cision et son \u00e9l\u00e9gance.<\/p>\n<h2>Mat\u00e9riaux et savoir-faire<\/h2>\n<p>Des artisans experts ont m\u00e9ticuleusement incrust\u00e9 du marbre de premi\u00e8re qualit\u00e9 et des pierres pr\u00e9cieuses pour former cette composition complexe.<\/p>\n<p>Utilisant une combinaison de marbre de style et de pierres semi-pr\u00e9cieuses, chaque \u00e9l\u00e9ment est taill\u00e9 et assembl\u00e9 avec une pr\u00e9cision remarquable, garantissant une finition intemporelle et durable.<\/p>\n<h2>Application et ambiance<\/h2>\n<p>Cette incrustation luxueuse est id\u00e9ale pour les grands espaces de vie, les halls d'entr\u00e9e des h\u00f4tels et les r\u00e9sidences haut de gamme, o\u00f9 elle constitue un point de mire \u00e9l\u00e9gant.<\/p>\n<p>La fusion de l'artisanat classique et des principes d'am\u00e9nagement int\u00e9rieur modernes en fait un choix id\u00e9al pour ceux qui appr\u00e9cient la sophistication artistique.<\/p>\n<p>Incarnant l'h\u00e9ritage de l'art de la pierre fine, cette incrustation de pierre en pietra dura rehausse les int\u00e9rieurs d'un sentiment de grandeur, alliant harmonieusement la tradition au luxe contemporain.<\/p>","protected":false},"excerpt":{"rendered":"<p><strong>Num\u00e9ro d'article : <\/strong>WA4G006<\/p>\n<p><strong>Mat\u00e9riau :<\/strong>\u00a0Marbre, pierre pr\u00e9cieuse. (le mat\u00e9riau du panneau mural en marbre peut \u00eatre personnalis\u00e9)<\/p>\n<p><strong>Taille :<\/strong>\u00a0Taille sur mesure de tout d\u00e9cor mural en marbre incrust\u00e9<\/p>\n<p><strong>Conception :<\/strong>\u00a0Incrustations de marbre standard ou personnalis\u00e9es<\/p>\n<p><strong>Application :<\/strong>\u00a0Villas et maisons de luxe, h\u00f4tels et centres de vill\u00e9giature, espaces commerciaux,<\/p>\n<p>Salon, Panneau mural en vedette, D\u00e9coration murale, Art mural en marqueterie, Art mural en pierre,<\/p>\n<p>Espaces publics, entr\u00e9es et foyers, clubs haut de gamme et clubs priv\u00e9s,<\/p>\n<p>Salles d'exposition, boutiques, mus\u00e9es, \u00e9glises, mosqu\u00e9es, etc.<\/p>","protected":false},"featured_media":1605,"template":"","meta":{"_joinchat":[]},"product_brand":[],"product_cat":[22],"product_tag":[],"class_list":{"0":"post-1604","1":"product","2":"type-product","3":"status-publish","4":"has-post-thumbnail","6":"product_cat-marble-inlay-wall-decor","8":"first","9":"instock","10":"shipping-taxable","11":"product-type-simple"},"_links":{"self":[{"href":"https:\/\/www.smmarbleinlay.com\/fr\/wp-json\/wp\/v2\/product\/1604","targetHints":{"allow":["GET"]}}],"collection":[{"href":"https:\/\/www.smmarbleinlay.com\/fr\/wp-json\/wp\/v2\/product"}],"about":[{"href":"https:\/\/www.smmarbleinlay.com\/fr\/wp-json\/wp\/v2\/types\/product"}],"wp:featuredmedia":[{"embeddable":true,"href":"https:\/\/www.smmarbleinlay.com\/fr\/wp-json\/wp\/v2\/media\/1605"}],"wp:attachment":[{"href":"https:\/\/www.smmarbleinlay.com\/fr\/wp-json\/wp\/v2\/media?parent=1604"}],"wp:term":[{"taxonomy":"product_brand","embeddable":true,"href":"https:\/\/www.smmarbleinlay.com\/fr\/wp-json\/wp\/v2\/product_brand?post=1604"},{"taxonomy":"product_cat","embeddable":true,"href":"https:\/\/www.smmarbleinlay.com\/fr\/wp-json\/wp\/v2\/product_cat?post=1604"},{"taxonomy":"product_tag","embeddable":true,"href":"https:\/\/www.smmarbleinlay.com\/fr\/wp-json\/wp\/v2\/product_tag?post=1604"}],"curies":[{"name":"wp","href":"https:\/\/api.w.org\/{rel}","templated":true}]}}