{"id":1614,"date":"2025-03-29T16:02:16","date_gmt":"2025-03-29T08:02:16","guid":{"rendered":"https:\/\/www.smmarbleinlay.com\/?post_type=product&#038;p=1614"},"modified":"2025-04-09T14:27:24","modified_gmt":"2025-04-09T06:27:24","slug":"luxurious-marble-inlay-background-wall-floral-avian-theme","status":"publish","type":"product","link":"https:\/\/www.smmarbleinlay.com\/fr\/produit\/luxurious-marble-inlay-background-wall-floral-avian-theme\/","title":{"rendered":"Luxueux mur d'arri\u00e8re-plan en incrustation de marbre - Th\u00e8me floral et aviaire"},"content":{"rendered":"<h2>Luxueux mur d'arri\u00e8re-plan en incrustation de marbre - Th\u00e8me floral et aviaire<\/h2>\n<p>Ce mur de fond en marqueterie de marbre est un chef-d'\u0153uvre exquis d'incrustation de pierre Pietra dura, pr\u00e9sentant un m\u00e9lange harmonieux d'\u00e9l\u00e9ments inspir\u00e9s de la nature.<\/p>\n<p>Le design complexe, enrichi de couleurs vibrantes et d'un savoir-faire d\u00e9licat, transforme tout int\u00e9rieur en un espace sophistiqu\u00e9 et artistique.<\/p>\n<h2>Design &amp; Color Composition Marble Inlay Wall<\/h2>\n<p>L'incrustation pr\u00e9sente un \u00e9tonnant motif floral et aviaire, repr\u00e9sentant des oiseaux color\u00e9s perch\u00e9s parmi des fleurs \u00e9panouies.<\/p>\n<p>Les tons contrast\u00e9s du marbre noir profond et des bordures beige chaudes cr\u00e9ent un cadre \u00e9l\u00e9gant qui renforce la profondeur visuelle de la composition.<\/p>\n<p>Inspir\u00e9 par l'art et l'artisanat du Parchinkari, le d\u00e9tail complexe de chaque p\u00e9tale, feuille et plume exsude le raffinement et la gr\u00e2ce, ce qui en fait un v\u00e9ritable t\u00e9moignage de l'art traditionnel.<\/p>\n<h2>Mat\u00e9riaux et savoir-faire<\/h2>\n<p>Ce panneau mural \u00e0 incrustation de marbre est fabriqu\u00e9 \u00e0 partir d'une s\u00e9lection de marbres de style, de pierres semi-pr\u00e9cieuses, de c\u00e9ramiques et de nacres, cr\u00e9ant ainsi un jeu dynamique de textures et de couleurs.<\/p>\n<p>Chaque pi\u00e8ce est d\u00e9coup\u00e9e et assembl\u00e9e avec pr\u00e9cision gr\u00e2ce \u00e0 un travail d'incrustation expert, garantissant une surface impeccable et durable qui rayonne d'une \u00e9l\u00e9gance intemporelle.<\/p>\n<p>La finition polie met en valeur l'\u00e9clat naturel des mat\u00e9riaux, ajoutant \u00e0 l'attrait luxueux.<\/p>\n<p>&nbsp;<\/p>\n<h2>Application et ambiance<\/h2>\n<p>Parfait pour les salons haut de gamme, les suites d'h\u00f4tel ou les zones de d\u00e9tente classiques, ce mur en pierre marbr\u00e9e sert de point focal artistique, apportant opulence et sophistication \u00e0 l'espace.<\/p>\n<p>Qu'il s'agisse d'un accent d\u00e9coratif ou d'un mur d'arri\u00e8re-plan enti\u00e8rement incrust\u00e9 de marbre, sa beaut\u00e9 complexe rehausse l'ambiance d'un charme raffin\u00e9.<\/p>\n<p>En associant les incrustations de pierre pietra dura \u00e0 une riche palette de couleurs et \u00e0 un savoir-faire artisanal sup\u00e9rieur, cette cr\u00e9ation exquise offre une expression in\u00e9gal\u00e9e du luxe, de la tradition et de l'excellence artistique.<\/p>","protected":false},"excerpt":{"rendered":"<p><strong>Num\u00e9ro d'article : <\/strong>WA6I002<\/p>\n<p><strong>Mat\u00e9riau :<\/strong>\u00a0Mable, pierre pr\u00e9cieuse. (les mat\u00e9riaux peuvent \u00eatre personnalis\u00e9s)<\/p>\n<p><strong>Taille :<\/strong>\u00a0Taille sur mesure<\/p>\n<p><strong>Conception :<\/strong>\u00a0Mod\u00e8les standard ou personnalis\u00e9s<\/p>\n<p><strong>Application :<\/strong>\u00a0Villas et maisons de luxe, h\u00f4tels et centres de vill\u00e9giature, espaces commerciaux,<\/p>\n<p>Salon, Panneau mural en vedette, D\u00e9coration murale, Art mural en marqueterie, Art mural en pierre,<\/p>\n<p>Espaces publics, entr\u00e9es et foyers, clubs haut de gamme et clubs priv\u00e9s,<\/p>\n<p>Salles d'exposition, boutiques, mus\u00e9es, \u00e9glises, mosqu\u00e9es, etc.<\/p>","protected":false},"featured_media":1615,"template":"","meta":{"_joinchat":[]},"product_brand":[],"product_cat":[22],"product_tag":[],"class_list":{"0":"post-1614","1":"product","2":"type-product","3":"status-publish","4":"has-post-thumbnail","6":"product_cat-marble-inlay-wall-decor","8":"first","9":"instock","10":"shipping-taxable","11":"product-type-simple"},"_links":{"self":[{"href":"https:\/\/www.smmarbleinlay.com\/fr\/wp-json\/wp\/v2\/product\/1614","targetHints":{"allow":["GET"]}}],"collection":[{"href":"https:\/\/www.smmarbleinlay.com\/fr\/wp-json\/wp\/v2\/product"}],"about":[{"href":"https:\/\/www.smmarbleinlay.com\/fr\/wp-json\/wp\/v2\/types\/product"}],"wp:featuredmedia":[{"embeddable":true,"href":"https:\/\/www.smmarbleinlay.com\/fr\/wp-json\/wp\/v2\/media\/1615"}],"wp:attachment":[{"href":"https:\/\/www.smmarbleinlay.com\/fr\/wp-json\/wp\/v2\/media?parent=1614"}],"wp:term":[{"taxonomy":"product_brand","embeddable":true,"href":"https:\/\/www.smmarbleinlay.com\/fr\/wp-json\/wp\/v2\/product_brand?post=1614"},{"taxonomy":"product_cat","embeddable":true,"href":"https:\/\/www.smmarbleinlay.com\/fr\/wp-json\/wp\/v2\/product_cat?post=1614"},{"taxonomy":"product_tag","embeddable":true,"href":"https:\/\/www.smmarbleinlay.com\/fr\/wp-json\/wp\/v2\/product_tag?post=1614"}],"curies":[{"name":"wp","href":"https:\/\/api.w.org\/{rel}","templated":true}]}}