{"id":1617,"date":"2025-03-29T16:09:16","date_gmt":"2025-03-29T08:09:16","guid":{"rendered":"https:\/\/www.smmarbleinlay.com\/?post_type=product&#038;p=1617"},"modified":"2025-04-09T14:25:19","modified_gmt":"2025-04-09T06:25:19","slug":"exquisite-marble-inlay-background-wall-inspired-by-abu-dhabi-mosque","status":"publish","type":"product","link":"https:\/\/www.smmarbleinlay.com\/fr\/produit\/exquisite-marble-inlay-background-wall-inspired-by-abu-dhabi-mosque\/","title":{"rendered":"Mur d'arri\u00e8re-plan en marqueterie de marbre inspir\u00e9e de la mosqu\u00e9e d'Abu Dhabi"},"content":{"rendered":"<h2>Mur d'arri\u00e8re-plan en marqueterie de marbre inspir\u00e9e de la mosqu\u00e9e d'Abu Dhabi<\/h2>\n<p>Ce luxueux mur de pierre incrust\u00e9 de marbre est un chef-d'\u0153uvre d'artisanat, inspir\u00e9 par les motifs complexes en pierre de Pietra dura de la mosqu\u00e9e d'Abou Dhabi.<\/p>\n<p>La composition combine l'art et les techniques artisanales du Parchinkari avec l'esth\u00e9tique du marbre, cr\u00e9ant ainsi une ambiance \u00e9l\u00e9gante et intemporelle.<\/p>\n<h2>Des mat\u00e9riaux de premi\u00e8re qualit\u00e9 pour une grande d\u00e9claration<\/h2>\n<p>Fabriqu\u00e9 \u00e0 partir de marbre et de jade de haute qualit\u00e9, ce panneau mural Marble Inlay pr\u00e9sente des pierres soigneusement s\u00e9lectionn\u00e9es qui rehaussent sa beaut\u00e9 et sa durabilit\u00e9.<\/p>\n<p>Le m\u00e9lange de mat\u00e9riaux pr\u00e9cieux donne lieu \u00e0 une pr\u00e9sentation visuellement \u00e9tonnante qui rehausse n'importe quel int\u00e9rieur haut de gamme.<\/p>\n<h2>Incrustations et motifs artistiques complexes<\/h2>\n<p>Cette incrustation pr\u00e9sente de d\u00e9licats motifs floraux et d'oiseaux, m\u00e9ticuleusement assembl\u00e9s \u00e0 la main \u00e0 l'aide de techniques d'incrustation.<\/p>\n<p>Chaque morceau de pierre est taill\u00e9 et serti avec pr\u00e9cision, formant une fresque enchanteresse qui transforme l'espace en une retraite luxueuse.<\/p>\n<h2>Application et attrait du luxe<\/h2>\n<p>Id\u00e9al pour les salons opulents, les grands halls d'entr\u00e9e et les espaces exclusifs, ce mur d'arri\u00e8re-plan en marqueterie de marbre sert de point focal, exhalant sophistication et h\u00e9ritage.<\/p>\n<p>Que ce soit dans des int\u00e9rieurs classiques ou contemporains, ce superbe mur d'accent s'harmonise avec des meubles de luxe pour cr\u00e9er une esth\u00e9tique sans pareille.<\/p>\n<p>Pour ceux qui cherchent \u00e0 int\u00e9grer des \u00e9l\u00e9ments artistiques sur mesure dans leur int\u00e9rieur, ce mur de pierres incrust\u00e9es de marbre est l'incarnation parfaite de l'\u00e9l\u00e9gance, de la tradition et du raffinement moderne.<\/p>","protected":false},"excerpt":{"rendered":"<p><strong>Num\u00e9ro d'article : <\/strong>WA5H004<\/p>\n<p><strong>Mat\u00e9riau :<\/strong>\u00a0Marbre, pierre pr\u00e9cieuse. (le mat\u00e9riau du panneau mural en marbre peut \u00eatre personnalis\u00e9)<\/p>\n<p><strong>Taille :<\/strong>\u00a0Taille sur mesure de tout d\u00e9cor mural en marbre incrust\u00e9<\/p>\n<p><strong>Conception :<\/strong>\u00a0Incrustations de marbre standard ou personnalis\u00e9es<\/p>\n<p><strong>Application :<\/strong>\u00a0Villas et maisons de luxe, h\u00f4tels et centres de vill\u00e9giature, espaces commerciaux,<\/p>\n<p>Salon, Panneau mural en vedette, D\u00e9coration murale, Art mural en marqueterie, Art mural en pierre,<\/p>\n<p>Espaces publics, entr\u00e9es et foyers, clubs haut de gamme et clubs priv\u00e9s,<\/p>\n<p>Salles d'exposition, boutiques, mus\u00e9es, \u00e9glises, mosqu\u00e9es, etc.<\/p>","protected":false},"featured_media":1618,"template":"","meta":{"_joinchat":[]},"product_brand":[],"product_cat":[22],"product_tag":[],"class_list":{"0":"post-1617","1":"product","2":"type-product","3":"status-publish","4":"has-post-thumbnail","6":"product_cat-marble-inlay-wall-decor","8":"first","9":"instock","10":"shipping-taxable","11":"product-type-simple"},"_links":{"self":[{"href":"https:\/\/www.smmarbleinlay.com\/fr\/wp-json\/wp\/v2\/product\/1617","targetHints":{"allow":["GET"]}}],"collection":[{"href":"https:\/\/www.smmarbleinlay.com\/fr\/wp-json\/wp\/v2\/product"}],"about":[{"href":"https:\/\/www.smmarbleinlay.com\/fr\/wp-json\/wp\/v2\/types\/product"}],"wp:featuredmedia":[{"embeddable":true,"href":"https:\/\/www.smmarbleinlay.com\/fr\/wp-json\/wp\/v2\/media\/1618"}],"wp:attachment":[{"href":"https:\/\/www.smmarbleinlay.com\/fr\/wp-json\/wp\/v2\/media?parent=1617"}],"wp:term":[{"taxonomy":"product_brand","embeddable":true,"href":"https:\/\/www.smmarbleinlay.com\/fr\/wp-json\/wp\/v2\/product_brand?post=1617"},{"taxonomy":"product_cat","embeddable":true,"href":"https:\/\/www.smmarbleinlay.com\/fr\/wp-json\/wp\/v2\/product_cat?post=1617"},{"taxonomy":"product_tag","embeddable":true,"href":"https:\/\/www.smmarbleinlay.com\/fr\/wp-json\/wp\/v2\/product_tag?post=1617"}],"curies":[{"name":"wp","href":"https:\/\/api.w.org\/{rel}","templated":true}]}}