{"id":1634,"date":"2025-03-29T17:03:59","date_gmt":"2025-03-29T09:03:59","guid":{"rendered":"https:\/\/www.smmarbleinlay.com\/?post_type=product&#038;p=1634"},"modified":"2025-04-09T13:11:58","modified_gmt":"2025-04-09T05:11:58","slug":"majestic-pietra-dura-stone-deer-marble-inlay-background-wall","status":"publish","type":"product","link":"https:\/\/www.smmarbleinlay.com\/fr\/produit\/majestic-pietra-dura-stone-deer-marble-inlay-background-wall\/","title":{"rendered":"Majestic Pietra Dura Stone Deer Marble Inlay Background Wall (mur d'arri\u00e8re-plan)"},"content":{"rendered":"<h2>Incrustations artistiques inspir\u00e9es de la nature et de l'art et de l'artisanat de Parchinkari<\/h2>\n<p>Ce mur d'arri\u00e8re-plan en incrustation de marbre Pietra Dura en forme de cerf pr\u00e9sente un gracieux cerf tachet\u00e9 comme motif central, entour\u00e9 d'une \u00e9l\u00e9gante bordure florale.<\/p>\n<p>Inspir\u00e9e de l'art et de l'artisanat parchinkari, l'incrustation complexe de marbre de cerf en pierre Pietra Dura capture la beaut\u00e9 de la nature, cr\u00e9ant un chef-d'\u0153uvre artistique intemporel.<\/p>\n<h2>Marbre de qualit\u00e9 sup\u00e9rieure et incrustations de marbre de qualit\u00e9 sup\u00e9rieure pour les murs en pierre<\/h2>\n<p>Fabriqu\u00e9 \u00e0 partir de marbre de la plus haute qualit\u00e9, ce mur de pierres incrust\u00e9es en marbre pr\u00e9sente un design d'incrustation exceptionnel, o\u00f9 chaque pierre est m\u00e9ticuleusement taill\u00e9e et assembl\u00e9e pour donner de la profondeur et du r\u00e9alisme \u00e0 l'\u0153uvre d'art.<\/p>\n<p>Les mat\u00e9riaux luxueux garantissent la durabilit\u00e9 tout en conservant un air de raffinement.<\/p>\n<h2>\u00c9lever les int\u00e9rieurs luxueux avec un panneau mural en marqueterie de marbre<\/h2>\n<p>Parfait pour les salons, les salles \u00e0 manger et les villas de luxe, ce panneau mural en marqueterie de marbre transforme les int\u00e9rieurs en un sanctuaire \u00e9l\u00e9gant.<\/p>\n<p>La fusion de la beaut\u00e9 inspir\u00e9e par la nature et de la conception magistrale des incrustations de marbre fait de cette \u0153uvre d'art un objet d'art extraordinaire pour les espaces haut de gamme.<\/p>","protected":false},"excerpt":{"rendered":"<p>Pietra Dura Stone Deer Marble Inlay Wall<\/p>\n<p><strong>Num\u00e9ro d'article : <\/strong>WA4G010<\/p>\n<p><strong>Mat\u00e9riau :<\/strong>\u00a0Marbre, pierre pr\u00e9cieuse. (le mat\u00e9riau du panneau mural en marbre peut \u00eatre personnalis\u00e9)<\/p>\n<p><strong>Taille :<\/strong>\u00a0Taille sur mesure de tout d\u00e9cor mural en marbre incrust\u00e9<\/p>\n<p><strong>Conception :<\/strong>\u00a0Incrustations de marbre standard ou personnalis\u00e9es<\/p>\n<p><strong>Application :<\/strong>\u00a0Villas et maisons de luxe, h\u00f4tels et centres de vill\u00e9giature, espaces commerciaux,<\/p>\n<p>Salon, Panneau mural en vedette, D\u00e9coration murale, Art mural en marqueterie, Art mural en pierre,<\/p>\n<p>Espaces publics, entr\u00e9es et foyers, clubs haut de gamme et clubs priv\u00e9s,<\/p>\n<p>Salles d'exposition, boutiques, mus\u00e9es, \u00e9glises, mosqu\u00e9es, etc.<\/p>","protected":false},"featured_media":1635,"template":"","meta":{"_joinchat":[]},"product_brand":[],"product_cat":[22],"product_tag":[],"class_list":{"0":"post-1634","1":"product","2":"type-product","3":"status-publish","4":"has-post-thumbnail","6":"product_cat-marble-inlay-wall-decor","8":"first","9":"instock","10":"shipping-taxable","11":"product-type-simple"},"_links":{"self":[{"href":"https:\/\/www.smmarbleinlay.com\/fr\/wp-json\/wp\/v2\/product\/1634","targetHints":{"allow":["GET"]}}],"collection":[{"href":"https:\/\/www.smmarbleinlay.com\/fr\/wp-json\/wp\/v2\/product"}],"about":[{"href":"https:\/\/www.smmarbleinlay.com\/fr\/wp-json\/wp\/v2\/types\/product"}],"wp:featuredmedia":[{"embeddable":true,"href":"https:\/\/www.smmarbleinlay.com\/fr\/wp-json\/wp\/v2\/media\/1635"}],"wp:attachment":[{"href":"https:\/\/www.smmarbleinlay.com\/fr\/wp-json\/wp\/v2\/media?parent=1634"}],"wp:term":[{"taxonomy":"product_brand","embeddable":true,"href":"https:\/\/www.smmarbleinlay.com\/fr\/wp-json\/wp\/v2\/product_brand?post=1634"},{"taxonomy":"product_cat","embeddable":true,"href":"https:\/\/www.smmarbleinlay.com\/fr\/wp-json\/wp\/v2\/product_cat?post=1634"},{"taxonomy":"product_tag","embeddable":true,"href":"https:\/\/www.smmarbleinlay.com\/fr\/wp-json\/wp\/v2\/product_tag?post=1634"}],"curies":[{"name":"wp","href":"https:\/\/api.w.org\/{rel}","templated":true}]}}