{"id":1644,"date":"2025-03-29T17:09:43","date_gmt":"2025-03-29T09:09:43","guid":{"rendered":"https:\/\/www.smmarbleinlay.com\/?post_type=product&#038;p=1644"},"modified":"2025-04-09T13:05:36","modified_gmt":"2025-04-09T05:05:36","slug":"graceful-pietra-dura-stone-wall-marble-inlay-background-wall-white-horse","status":"publish","type":"product","link":"https:\/\/www.smmarbleinlay.com\/fr\/produit\/graceful-pietra-dura-stone-wall-marble-inlay-background-wall-white-horse\/","title":{"rendered":"Gracieux mur en pierre Pietra Dura incrustation de marbre mur d'arri\u00e8re-plan cheval blanc"},"content":{"rendered":"<h2>Pietra Dura Exquisite Stone Wall Marble Inlay Design &amp; Parchinkari Art and Craft<\/h2>\n<p>Ce d\u00e9cor mural de fond en marbre Pietra Dura repr\u00e9sente un majestueux cheval blanc, symbole de force et de r\u00e9ussite.<\/p>\n<p>R\u00e9alis\u00e9 selon les techniques de l'art et de l'artisanat parchinkari, le travail d'incrustation complexe donne vie au cheval, mettant en valeur son \u00e9l\u00e9gance et son mouvement dynamique.<\/p>\n<h2>Marbre de qualit\u00e9 sup\u00e9rieure et incrustation de marbre : l'artisanat des murs en pierre<\/h2>\n<p>Fabriqu\u00e9 \u00e0 partir de marbre de premi\u00e8re qualit\u00e9, ce mur en pierre Pietra Dura est un t\u00e9moignage de l'art d'un expert.<\/p>\n<p>Chaque pierre est taill\u00e9e et incrust\u00e9e avec pr\u00e9cision pour cr\u00e9er une repr\u00e9sentation r\u00e9aliste, alliant durabilit\u00e9 et beaut\u00e9 raffin\u00e9e.<\/p>\n<p>La conception de l'incrustation sans couture renforce l'attrait luxueux de l'\u0153uvre d'art.<\/p>\n<h2>\u00c9lever les int\u00e9rieurs luxueux avec un panneau mural en marqueterie de marbre<\/h2>\n<p>Id\u00e9al pour les salons, les salles \u00e0 manger et les grands int\u00e9rieurs, ce panneau mural en incrustation de marbre Pietra Dura ajoute une touche sophistiqu\u00e9e aux espaces haut de gamme.<\/p>\n<p>Sa composition artistique et ses incrustations de marbre de qualit\u00e9 sup\u00e9rieure en font une pi\u00e8ce d'apparat remarquable, parfaite pour les maisons et villas de luxe.<\/p>","protected":false},"excerpt":{"rendered":"<p>Pietra Dura Pierre Mur Marbre Incrustation Cheval Blanc<\/p>\n<p><strong>Num\u00e9ro d'article : <\/strong>WA4G011<\/p>\n<p><strong>Mat\u00e9riau :<\/strong>\u00a0Marbre, pierre pr\u00e9cieuse. (le mat\u00e9riau du panneau mural en marbre peut \u00eatre personnalis\u00e9)<\/p>\n<p><strong>Taille :<\/strong>\u00a0Taille sur mesure de tout d\u00e9cor mural en marbre incrust\u00e9<\/p>\n<p><strong>Conception :<\/strong>\u00a0Incrustations de marbre standard ou personnalis\u00e9es<\/p>\n<p><strong>Application :<\/strong>\u00a0Villas et maisons de luxe, h\u00f4tels et centres de vill\u00e9giature, espaces commerciaux,<\/p>\n<p>Salon, Panneau mural en vedette, D\u00e9coration murale, Art mural en marqueterie, Art mural en pierre,<\/p>\n<p>Espaces publics, entr\u00e9es et foyers, clubs haut de gamme et clubs priv\u00e9s,<\/p>\n<p>Salles d'exposition, boutiques, mus\u00e9es, \u00e9glises, mosqu\u00e9es, etc.<\/p>","protected":false},"featured_media":1645,"template":"","meta":{"_joinchat":[]},"product_brand":[],"product_cat":[22],"product_tag":[],"class_list":{"0":"post-1644","1":"product","2":"type-product","3":"status-publish","4":"has-post-thumbnail","6":"product_cat-marble-inlay-wall-decor","8":"first","9":"instock","10":"shipping-taxable","11":"product-type-simple"},"_links":{"self":[{"href":"https:\/\/www.smmarbleinlay.com\/fr\/wp-json\/wp\/v2\/product\/1644","targetHints":{"allow":["GET"]}}],"collection":[{"href":"https:\/\/www.smmarbleinlay.com\/fr\/wp-json\/wp\/v2\/product"}],"about":[{"href":"https:\/\/www.smmarbleinlay.com\/fr\/wp-json\/wp\/v2\/types\/product"}],"wp:featuredmedia":[{"embeddable":true,"href":"https:\/\/www.smmarbleinlay.com\/fr\/wp-json\/wp\/v2\/media\/1645"}],"wp:attachment":[{"href":"https:\/\/www.smmarbleinlay.com\/fr\/wp-json\/wp\/v2\/media?parent=1644"}],"wp:term":[{"taxonomy":"product_brand","embeddable":true,"href":"https:\/\/www.smmarbleinlay.com\/fr\/wp-json\/wp\/v2\/product_brand?post=1644"},{"taxonomy":"product_cat","embeddable":true,"href":"https:\/\/www.smmarbleinlay.com\/fr\/wp-json\/wp\/v2\/product_cat?post=1644"},{"taxonomy":"product_tag","embeddable":true,"href":"https:\/\/www.smmarbleinlay.com\/fr\/wp-json\/wp\/v2\/product_tag?post=1644"}],"curies":[{"name":"wp","href":"https:\/\/api.w.org\/{rel}","templated":true}]}}