{"id":1786,"date":"2025-04-03T10:33:04","date_gmt":"2025-04-03T02:33:04","guid":{"rendered":"https:\/\/www.smmarbleinlay.com\/?post_type=product&#038;p=1786"},"modified":"2025-04-09T12:55:25","modified_gmt":"2025-04-09T04:55:25","slug":"exquisite-marble-inlay-background-wall-decor-inspired-by-picasso","status":"publish","type":"product","link":"https:\/\/www.smmarbleinlay.com\/fr\/produit\/exquisite-marble-inlay-background-wall-decor-inspired-by-picasso\/","title":{"rendered":"D\u00e9coration murale exquise avec incrustation de marbre en arri\u00e8re-plan inspir\u00e9e par Picasso"},"content":{"rendered":"<h2>Fusion artistique d'incrustations de marbre et d'inspiration de chef-d'\u0153uvre<\/h2>\n<p>\u00c9levez votre int\u00e9rieur avec ce d\u00e9cor mural en marbre, une fusion \u00e9tonnante d'art et d'artisanat m\u00e9ticuleux.<\/p>\n<p>Inspir\u00e9 par le style cubiste audacieux de Picasso, ce panneau mural \u00e0 incrustation de marbre exquis transforme une \u0153uvre d'art classique en un chef-d'\u0153uvre de pierre intemporel.<\/p>\n<h2>Des incrustations de marbre magistrales pour des int\u00e9rieurs luxueux<\/h2>\n<p>Fabriqu\u00e9 avec pr\u00e9cision, ce d\u00e9cor mural en incrustation de marbre pr\u00e9sente un motif d'incrustation de marbre complexe, m\u00ealant de mani\u00e8re transparente une riche palette de pierres naturelles, dont le marbre, le granit et les pierres semi-pr\u00e9cieuses.<\/p>\n<p>Chaque d\u00e9tail est m\u00e9ticuleusement r\u00e9alis\u00e9 \u00e0 la main, garantissant un style d'incrustation de marbre qui rayonne de sophistication et d'exclusivit\u00e9.<\/p>\n<h2>D\u00e9cor mural en marqueterie de marbre Une pi\u00e8ce d'apparat pour les int\u00e9rieurs grandioses<\/h2>\n<p>Parfait pour les r\u00e9sidences haut de gamme, les villas de luxe et les espaces exclusifs, ce panneau mural \u00e0 incrustation de marbre cr\u00e9e un point focal opulent.<\/p>\n<p>Qu'il s'agisse d'orner un salon, une entr\u00e9e ou un grand hall, son expression artistique et ses mat\u00e9riaux luxueux red\u00e9finissent l'\u00e9l\u00e9gance int\u00e9rieure.<\/p>\n<p>D\u00e9couvrez l'art in\u00e9gal\u00e9 de l'incrustation de marbre et laissez vos murs parler le langage de la sophistication intemporelle.<\/p>","protected":false},"excerpt":{"rendered":"<p>D\u00e9coration murale artistique en marqueterie de marbre<\/p>\n<p><strong>Num\u00e9ro d'article : <\/strong>WA5H009<\/p>\n<p><strong>Mat\u00e9riau :<\/strong>\u00a0Marbre, pierre pr\u00e9cieuse. (le mat\u00e9riau du panneau mural en marbre peut \u00eatre personnalis\u00e9)<\/p>\n<p><strong>Taille :<\/strong>\u00a0Taille sur mesure de tout d\u00e9cor mural en marbre incrust\u00e9<\/p>\n<p><strong>Conception :<\/strong>\u00a0Incrustations de marbre standard ou personnalis\u00e9es<\/p>\n<p><strong>Application :<\/strong>\u00a0Villas et maisons de luxe, h\u00f4tels et centres de vill\u00e9giature, espaces commerciaux,<\/p>\n<p>Salon, Panneau mural en vedette, D\u00e9coration murale, Art mural en marqueterie, Art mural en pierre,<\/p>\n<p>Espaces publics, entr\u00e9es et foyers, clubs haut de gamme et clubs priv\u00e9s,<\/p>\n<p>Salles d'exposition, boutiques, mus\u00e9es, \u00e9glises, mosqu\u00e9es, etc.<\/p>","protected":false},"featured_media":1787,"template":"","meta":{"_joinchat":[]},"product_brand":[],"product_cat":[22],"product_tag":[],"class_list":{"0":"post-1786","1":"product","2":"type-product","3":"status-publish","4":"has-post-thumbnail","6":"product_cat-marble-inlay-wall-decor","8":"first","9":"instock","10":"shipping-taxable","11":"product-type-simple"},"_links":{"self":[{"href":"https:\/\/www.smmarbleinlay.com\/fr\/wp-json\/wp\/v2\/product\/1786","targetHints":{"allow":["GET"]}}],"collection":[{"href":"https:\/\/www.smmarbleinlay.com\/fr\/wp-json\/wp\/v2\/product"}],"about":[{"href":"https:\/\/www.smmarbleinlay.com\/fr\/wp-json\/wp\/v2\/types\/product"}],"wp:featuredmedia":[{"embeddable":true,"href":"https:\/\/www.smmarbleinlay.com\/fr\/wp-json\/wp\/v2\/media\/1787"}],"wp:attachment":[{"href":"https:\/\/www.smmarbleinlay.com\/fr\/wp-json\/wp\/v2\/media?parent=1786"}],"wp:term":[{"taxonomy":"product_brand","embeddable":true,"href":"https:\/\/www.smmarbleinlay.com\/fr\/wp-json\/wp\/v2\/product_brand?post=1786"},{"taxonomy":"product_cat","embeddable":true,"href":"https:\/\/www.smmarbleinlay.com\/fr\/wp-json\/wp\/v2\/product_cat?post=1786"},{"taxonomy":"product_tag","embeddable":true,"href":"https:\/\/www.smmarbleinlay.com\/fr\/wp-json\/wp\/v2\/product_tag?post=1786"}],"curies":[{"name":"wp","href":"https:\/\/api.w.org\/{rel}","templated":true}]}}