{"id":1789,"date":"2025-04-03T10:40:20","date_gmt":"2025-04-03T02:40:20","guid":{"rendered":"https:\/\/www.smmarbleinlay.com\/?post_type=product&#038;p=1789"},"modified":"2025-04-09T12:43:35","modified_gmt":"2025-04-09T04:43:35","slug":"elegant-marble-inlay-wall-decor-with-a-ballroom-theme","status":"publish","type":"product","link":"https:\/\/www.smmarbleinlay.com\/fr\/produit\/elegant-marble-inlay-wall-decor-with-a-ballroom-theme\/","title":{"rendered":"D\u00e9coration murale \u00e9l\u00e9gante en marqueterie de marbre sur le th\u00e8me de la salle de bal"},"content":{"rendered":"<h2 class=\"\" data-start=\"74\" data-end=\"121\">D\u00e9coration murale en marqueterie de marbre Luxe intemporel en marqueterie de marbre<\/h2>\n<p class=\"\" data-start=\"123\" data-end=\"425\">Ce d\u00e9cor mural \u00e9l\u00e9gant en incrustation de marbre capture la grandeur d'une \u00e9poque r\u00e9volue avec ce d\u00e9cor mural en incrustation de marbre, inspir\u00e9 par l'\u00e9l\u00e9gance d'une danse de salon.<\/p>\n<p class=\"\" data-start=\"123\" data-end=\"425\">Ce chef-d'\u0153uvre de d\u00e9coration murale en incrustation de marbre \u00e0 couper le souffle apporte vie et mouvement \u00e0 vos int\u00e9rieurs, en repr\u00e9sentant une somptueuse sc\u00e8ne de salle de bal avec un niveau de d\u00e9tail et de raffinement impeccable.<\/p>\n<h2 class=\"\" data-start=\"427\" data-end=\"494\">Des incrustations de marbre exquises pour un mur de pierre sophistiqu\u00e9<\/h2>\n<p class=\"\" data-start=\"496\" data-end=\"812\">Chaque \u00e9l\u00e9ment de ce panneau mural \u00e0 incrustation de marbre est m\u00e9ticuleusement fabriqu\u00e9 \u00e0 la main, \u00e0 l'aide d'un \u00e9ventail de pierres naturelles et de mat\u00e9riaux semi-pr\u00e9cieux de haute qualit\u00e9.<\/p>\n<p class=\"\" data-start=\"496\" data-end=\"812\">L'interaction d\u00e9licate des couleurs et des textures cr\u00e9e un attrait visuel dynamique, mettant en valeur un niveau extraordinaire d'artisanat dans le style de l'incrustation de marbre.<\/p>\n<h2 class=\"\" data-start=\"814\" data-end=\"879\">Panneau mural en marqueterie de marbre pour int\u00e9rieurs luxueux<\/h2>\n<p class=\"\" data-start=\"881\" data-end=\"1169\">Con\u00e7u pour les villas haut de gamme, les h\u00f4tels et les r\u00e9sidences de luxe, ce mur de pierre transforme n'importe quel espace en un chef-d'\u0153uvre intemporel.<\/p>\n<p class=\"\" data-start=\"881\" data-end=\"1169\">Que ce soit dans un grand hall d'entr\u00e9e, une salle de bal ou un espace de vie opulent, cette incrustation de marbre ajoute une touche de charme aristocratique et d'\u00e9l\u00e9gance artistique.<\/p>\n<p class=\"\" data-start=\"1171\" data-end=\"1309\">D\u00e9couvrez la beaut\u00e9 de l'art historique \u00e0 travers l'incrustation de marbre, o\u00f9 chaque d\u00e9tail raconte une histoire de luxe et de sophistication.<\/p>","protected":false},"excerpt":{"rendered":"<p data-start=\"74\" data-end=\"121\">D\u00e9coration murale en marqueterie de marbre Dancing<\/p>\n<p><strong>Num\u00e9ro d'article : <\/strong>WA6I004<\/p>\n<p><strong>Mat\u00e9riau :<\/strong>\u00a0Marbre, pierre pr\u00e9cieuse. (le mat\u00e9riau du panneau mural en marbre peut \u00eatre personnalis\u00e9)<\/p>\n<p><strong>Taille :<\/strong>\u00a0Taille sur mesure de tout d\u00e9cor mural en marbre incrust\u00e9<\/p>\n<p><strong>Conception :<\/strong>\u00a0Incrustations de marbre standard ou personnalis\u00e9es<\/p>\n<p><strong>Application :<\/strong>\u00a0Villas et maisons de luxe, h\u00f4tels et centres de vill\u00e9giature, espaces commerciaux,<\/p>\n<p>Salon, Panneau mural en vedette, D\u00e9coration murale, Art mural en marqueterie, Art mural en pierre,<\/p>\n<p>Espaces publics, entr\u00e9es et foyers, clubs haut de gamme et clubs priv\u00e9s,<\/p>\n<p>Salles d'exposition, boutiques, mus\u00e9es, \u00e9glises, mosqu\u00e9es, etc.<\/p>","protected":false},"featured_media":1790,"template":"","meta":{"_joinchat":[]},"product_brand":[],"product_cat":[22],"product_tag":[],"class_list":{"0":"post-1789","1":"product","2":"type-product","3":"status-publish","4":"has-post-thumbnail","6":"product_cat-marble-inlay-wall-decor","8":"first","9":"instock","10":"shipping-taxable","11":"product-type-simple"},"_links":{"self":[{"href":"https:\/\/www.smmarbleinlay.com\/fr\/wp-json\/wp\/v2\/product\/1789","targetHints":{"allow":["GET"]}}],"collection":[{"href":"https:\/\/www.smmarbleinlay.com\/fr\/wp-json\/wp\/v2\/product"}],"about":[{"href":"https:\/\/www.smmarbleinlay.com\/fr\/wp-json\/wp\/v2\/types\/product"}],"wp:featuredmedia":[{"embeddable":true,"href":"https:\/\/www.smmarbleinlay.com\/fr\/wp-json\/wp\/v2\/media\/1790"}],"wp:attachment":[{"href":"https:\/\/www.smmarbleinlay.com\/fr\/wp-json\/wp\/v2\/media?parent=1789"}],"wp:term":[{"taxonomy":"product_brand","embeddable":true,"href":"https:\/\/www.smmarbleinlay.com\/fr\/wp-json\/wp\/v2\/product_brand?post=1789"},{"taxonomy":"product_cat","embeddable":true,"href":"https:\/\/www.smmarbleinlay.com\/fr\/wp-json\/wp\/v2\/product_cat?post=1789"},{"taxonomy":"product_tag","embeddable":true,"href":"https:\/\/www.smmarbleinlay.com\/fr\/wp-json\/wp\/v2\/product_tag?post=1789"}],"curies":[{"name":"wp","href":"https:\/\/api.w.org\/{rel}","templated":true}]}}