{"id":1795,"date":"2025-04-03T11:09:34","date_gmt":"2025-04-03T03:09:34","guid":{"rendered":"https:\/\/www.smmarbleinlay.com\/?post_type=product&#038;p=1795"},"modified":"2025-04-09T11:38:38","modified_gmt":"2025-04-09T03:38:38","slug":"luxury-marble-inlay-wall-panel-german-neuschwanstein-castle-theme","status":"publish","type":"product","link":"https:\/\/www.smmarbleinlay.com\/fr\/produit\/luxury-marble-inlay-wall-panel-german-neuschwanstein-castle-theme\/","title":{"rendered":"Panneau mural de luxe en marqueterie de marbre - Th\u00e8me du ch\u00e2teau allemand de Neuschwanstein"},"content":{"rendered":"<h2>Panneau mural de luxe \u00e0 incrustation de marbre avec th\u00e8me du ch\u00e2teau<\/h2>\n<p>La d\u00e9coration murale de luxe en marbre sur le th\u00e8me du ch\u00e2teau est le premier choix pour les int\u00e9rieurs grandioses.<\/p>\n<p>D\u00e9couvrez le m\u00e9lange parfait de l'art et de l'artisanat avec ce superbe d\u00e9cor mural en marbre.<\/p>\n<p>Ce chef-d'\u0153uvre, qui repr\u00e9sente le ch\u00e2teau de Neuschwanstein, embl\u00e9matique de l'Allemagne, est fabriqu\u00e9 avec pr\u00e9cision \u00e0 partir de marbre naturel de premi\u00e8re qualit\u00e9.<\/p>\n<h2>Style intemporel d'incrustation de marbre<\/h2>\n<p>Con\u00e7ue avec un style d'incrustation de marbre m\u00e9ticuleux, cette d\u00e9coration murale en incrustation de marbre pr\u00e9sente une technique d'incrustation complexe qui donne vie au ch\u00e2teau l\u00e9gendaire.<\/p>\n<p>La combinaison harmonieuse des couleurs de la pierre naturelle, des \u00e9l\u00e9ments architecturaux d\u00e9taill\u00e9s et de l'artisanat \u00e9l\u00e9gant cr\u00e9e une ambiance luxueuse.<\/p>\n<h2>El\u00e9gant mur de pierre avec incrustation<\/h2>\n<p>Am\u00e9liorez votre int\u00e9rieur avec ce mur en pierre marbr\u00e9e, qui s'int\u00e8gre parfaitement dans les espaces classiques et contemporains.<\/p>\n<p>Qu'il soit plac\u00e9 dans un salon, un hall d'h\u00f4tel ou un espace commercial haut de gamme, ce d\u00e9cor mural en incrustation de marbre ajoute sophistication et charme artistique \u00e0 tout environnement.<\/p>\n<h2>Panneau mural en marqueterie de marbre de premi\u00e8re qualit\u00e9 pour la d\u00e9coration int\u00e9rieure<\/h2>\n<p>Ce panneau mural en marqueterie de marbre n'est pas seulement une pi\u00e8ce d\u00e9corative, c'est une d\u00e9claration de luxe et d'h\u00e9ritage.<\/p>\n<p>Les d\u00e9tails exquis et l'artisanat de haute qualit\u00e9 en font un choix id\u00e9al pour ceux qui appr\u00e9cient l'esth\u00e9tique int\u00e9rieure raffin\u00e9e.<\/p>\n<p>Transformez votre espace avec cet extraordinaire d\u00e9cor mural en marbre, o\u00f9 l'\u00e9l\u00e9gance intemporelle rencontre l'excellence artistique !<\/p>","protected":false},"excerpt":{"rendered":"<p>Panneau mural de luxe \u00e0 incrustation de marbre Castle<\/p>\n<p><strong>Num\u00e9ro d'article : <\/strong>WA6I006<\/p>\n<p><strong>Mat\u00e9riau :<\/strong>\u00a0Marbre, pierre pr\u00e9cieuse. (le mat\u00e9riau du panneau mural en marbre peut \u00eatre personnalis\u00e9)<\/p>\n<p><strong>Taille :<\/strong>\u00a0Taille sur mesure de tout d\u00e9cor mural en marbre incrust\u00e9<\/p>\n<p><strong>Conception :<\/strong>\u00a0Incrustations de marbre standard ou personnalis\u00e9es<\/p>\n<p><strong>Application :<\/strong>\u00a0Villas et maisons de luxe, h\u00f4tels et centres de vill\u00e9giature, espaces commerciaux,<\/p>\n<p>Salon, Panneau mural en vedette, D\u00e9coration murale, Art mural en marqueterie, Art mural en pierre,<\/p>\n<p>Espaces publics, entr\u00e9es et foyers, clubs haut de gamme et clubs priv\u00e9s,<\/p>\n<p>Salles d'exposition, boutiques, mus\u00e9es, \u00e9glises, mosqu\u00e9es, etc.<\/p>","protected":false},"featured_media":1796,"template":"","meta":{"_joinchat":[]},"product_brand":[],"product_cat":[22],"product_tag":[],"class_list":{"0":"post-1795","1":"product","2":"type-product","3":"status-publish","4":"has-post-thumbnail","6":"product_cat-marble-inlay-wall-decor","8":"first","9":"instock","10":"shipping-taxable","11":"product-type-simple"},"_links":{"self":[{"href":"https:\/\/www.smmarbleinlay.com\/fr\/wp-json\/wp\/v2\/product\/1795","targetHints":{"allow":["GET"]}}],"collection":[{"href":"https:\/\/www.smmarbleinlay.com\/fr\/wp-json\/wp\/v2\/product"}],"about":[{"href":"https:\/\/www.smmarbleinlay.com\/fr\/wp-json\/wp\/v2\/types\/product"}],"wp:featuredmedia":[{"embeddable":true,"href":"https:\/\/www.smmarbleinlay.com\/fr\/wp-json\/wp\/v2\/media\/1796"}],"wp:attachment":[{"href":"https:\/\/www.smmarbleinlay.com\/fr\/wp-json\/wp\/v2\/media?parent=1795"}],"wp:term":[{"taxonomy":"product_brand","embeddable":true,"href":"https:\/\/www.smmarbleinlay.com\/fr\/wp-json\/wp\/v2\/product_brand?post=1795"},{"taxonomy":"product_cat","embeddable":true,"href":"https:\/\/www.smmarbleinlay.com\/fr\/wp-json\/wp\/v2\/product_cat?post=1795"},{"taxonomy":"product_tag","embeddable":true,"href":"https:\/\/www.smmarbleinlay.com\/fr\/wp-json\/wp\/v2\/product_tag?post=1795"}],"curies":[{"name":"wp","href":"https:\/\/api.w.org\/{rel}","templated":true}]}}