{"id":1798,"date":"2025-04-03T11:14:15","date_gmt":"2025-04-03T03:14:15","guid":{"rendered":"https:\/\/www.smmarbleinlay.com\/?post_type=product&#038;p=1798"},"modified":"2025-04-08T20:52:15","modified_gmt":"2025-04-08T12:52:15","slug":"exquisite-marble-inlay-wall-panel-great-wall-of-china-theme","status":"publish","type":"product","link":"https:\/\/www.smmarbleinlay.com\/fr\/produit\/exquisite-marble-inlay-wall-panel-great-wall-of-china-theme\/","title":{"rendered":"Panneau mural en marqueterie de marbre exquis - Th\u00e8me de la Grande Muraille de Chine"},"content":{"rendered":"<h2 class=\"\" data-start=\"71\" data-end=\"129\">Chef-d'oeuvre d'incrustation de marbre D\u00e9cor mural d'arri\u00e8re-plan<\/h2>\n<p>Ce panneau mural \u00e0 incrustation de marbre est id\u00e9al pour les int\u00e9rieurs de grandes villas.<\/p>\n<p class=\"\" data-start=\"130\" data-end=\"433\">Inspir\u00e9 par la grandeur de la Grande Muraille de Chine, ce d\u00e9cor mural en incrustation de marbre pr\u00e9sente une fusion \u00e9poustouflante de l'esth\u00e9tique chinoise traditionnelle et d'un savoir-faire artisanal sup\u00e9rieur.<\/p>\n<p class=\"\" data-start=\"130\" data-end=\"433\">Fabriqu\u00e9 \u00e0 partir des marbres les plus fins et les plus rares, ce panneau mural en marqueterie de marbre est un hommage \u00e0 la beaut\u00e9 intemporelle de la culture chinoise.<\/p>\n<h2 class=\"\" data-start=\"435\" data-end=\"505\">Incrustations de marbre complexes d'une pr\u00e9cision in\u00e9gal\u00e9e<\/h2>\n<p class=\"\" data-start=\"506\" data-end=\"832\">Chaque d\u00e9tail de ce style d'incrustation de marbre refl\u00e8te un art exceptionnel, avec des pi\u00e8ces exquises de panneaux muraux d'incrustation de marbre de 1 mm d'\u00e9paisseur m\u00e9ticuleusement dispos\u00e9es pour cr\u00e9er une repr\u00e9sentation authentique et r\u00e9aliste du paysage pittoresque de la Grande Muraille.<\/p>\n<p class=\"\" data-start=\"506\" data-end=\"832\">Les couleurs de la pierre naturelle et la superposition pr\u00e9cise des couches donnent de la profondeur et du r\u00e9alisme \u00e0 cette \u00e9tonnante composition.<\/p>\n<h2 class=\"\" data-start=\"834\" data-end=\"898\">Luxueux mur en pierre incrust\u00e9e de marbre pour des int\u00e9rieurs \u00e9l\u00e9gants<\/h2>\n<p class=\"\" data-start=\"899\" data-end=\"1175\">Con\u00e7u pour rehausser les int\u00e9rieurs haut de gamme, ce mur de pierre \u00e0 incrustation de marbre s'int\u00e8gre parfaitement dans les r\u00e9sidences de luxe, les h\u00f4tels et les espaces commerciaux.<\/p>\n<p class=\"\" data-start=\"899\" data-end=\"1175\">Son \u00e9l\u00e9gance raffin\u00e9e et son importance culturelle en font un choix distingu\u00e9 pour ceux qui appr\u00e9cient \u00e0 la fois l'art et l'histoire.<\/p>\n<h2 class=\"\" data-start=\"1177\" data-end=\"1246\">Panneau mural intemporel en marqueterie de marbre avec motif de marqueterie exclusif<\/h2>\n<p class=\"\" data-start=\"1247\" data-end=\"1502\">Ce panneau mural \u00e0 incrustation de marbre n'est pas seulement un \u00e9l\u00e9ment d\u00e9coratif, c'est une d\u00e9claration artistique.<\/p>\n<p class=\"\" data-start=\"1247\" data-end=\"1502\">La combinaison d'incrustations artisanales rares et de marbre de haute qualit\u00e9 garantit la durabilit\u00e9 et l'\u00e9clat esth\u00e9tique, ce qui en fait le point de mire de tout espace int\u00e9rieur.<\/p>\n<p class=\"\" data-start=\"1504\" data-end=\"1674\">Transformez votre environnement avec cet extraordinaire d\u00e9cor mural en marbre, o\u00f9 l'h\u00e9ritage rencontre l'innovation dans un chef-d'\u0153uvre de l'artisanat d'incrustation de la pierre.<\/p>","protected":false},"excerpt":{"rendered":"<p><strong>Num\u00e9ro d'article :\u00a0<\/strong>FL7J001<\/p>\n<p><strong>Mat\u00e9riau :<\/strong>\u00a0Marbre, pierre pr\u00e9cieuse. (le mat\u00e9riau du panneau mural en marbre peut \u00eatre personnalis\u00e9)<\/p>\n<p><strong>Taille :<\/strong>\u00a0Taille sur mesure de tout d\u00e9cor mural en marbre incrust\u00e9<\/p>\n<p><strong>Conception :<\/strong>\u00a0Incrustations de marbre standard ou personnalis\u00e9es<\/p>\n<p><strong>Application :<\/strong>\u00a0Villas et maisons de luxe, h\u00f4tels et centres de vill\u00e9giature, espaces commerciaux,<\/p>\n<p>Salon, Panneau mural en vedette, D\u00e9coration murale, Art mural en marqueterie, Art mural en pierre,<\/p>\n<p>Espaces publics, entr\u00e9es et foyers, clubs haut de gamme et clubs priv\u00e9s,<\/p>\n<p>Salles d'exposition, boutiques, mus\u00e9es, \u00e9glises, mosqu\u00e9es, etc.<\/p>","protected":false},"featured_media":1799,"template":"","meta":{"_joinchat":[]},"product_brand":[],"product_cat":[22],"product_tag":[],"class_list":{"0":"post-1798","1":"product","2":"type-product","3":"status-publish","4":"has-post-thumbnail","6":"product_cat-marble-inlay-wall-decor","8":"first","9":"instock","10":"shipping-taxable","11":"product-type-simple"},"_links":{"self":[{"href":"https:\/\/www.smmarbleinlay.com\/fr\/wp-json\/wp\/v2\/product\/1798","targetHints":{"allow":["GET"]}}],"collection":[{"href":"https:\/\/www.smmarbleinlay.com\/fr\/wp-json\/wp\/v2\/product"}],"about":[{"href":"https:\/\/www.smmarbleinlay.com\/fr\/wp-json\/wp\/v2\/types\/product"}],"wp:featuredmedia":[{"embeddable":true,"href":"https:\/\/www.smmarbleinlay.com\/fr\/wp-json\/wp\/v2\/media\/1799"}],"wp:attachment":[{"href":"https:\/\/www.smmarbleinlay.com\/fr\/wp-json\/wp\/v2\/media?parent=1798"}],"wp:term":[{"taxonomy":"product_brand","embeddable":true,"href":"https:\/\/www.smmarbleinlay.com\/fr\/wp-json\/wp\/v2\/product_brand?post=1798"},{"taxonomy":"product_cat","embeddable":true,"href":"https:\/\/www.smmarbleinlay.com\/fr\/wp-json\/wp\/v2\/product_cat?post=1798"},{"taxonomy":"product_tag","embeddable":true,"href":"https:\/\/www.smmarbleinlay.com\/fr\/wp-json\/wp\/v2\/product_tag?post=1798"}],"curies":[{"name":"wp","href":"https:\/\/api.w.org\/{rel}","templated":true}]}}