{"id":1830,"date":"2025-04-05T10:58:05","date_gmt":"2025-04-05T02:58:05","guid":{"rendered":"https:\/\/www.smmarbleinlay.com\/?post_type=product&#038;p=1830"},"modified":"2025-04-08T20:32:56","modified_gmt":"2025-04-08T12:32:56","slug":"marble-inlay-background-wall-decor-2","status":"publish","type":"product","link":"https:\/\/www.smmarbleinlay.com\/fr\/produit\/marble-inlay-background-wall-decor-2\/","title":{"rendered":"D\u00e9coration murale avec incrustation de marbre Luxurious Interiors"},"content":{"rendered":"<h2>Chef-d'\u0153uvre de d\u00e9coration murale en marqueterie de marbre pour int\u00e9rieurs luxueux<\/h2>\n<p>Ce d\u00e9cor mural d'arri\u00e8re-plan en incrustation de marbre est une fusion \u00e9tonnante de l'art et de l'artisanat, m\u00e9ticuleusement r\u00e9alis\u00e9e \u00e0 la main \u00e0 partir de pierres naturelles de premi\u00e8re qualit\u00e9.<\/p>\n<p>Le motif mural en marbre incrust\u00e9 met en sc\u00e8ne un majestueux gu\u00e9pard, m\u00ealant harmonieusement des motifs de marbre naturel et des d\u00e9tails raffin\u00e9s pour donner vie \u00e0 la beaut\u00e9 sauvage de l'animal.<\/p>\n<p>Les riches textures et la composition dynamique font de ce panneau mural \u00e0 incrustation de marbre un point focal frappant dans les int\u00e9rieurs haut de gamme.<\/p>\n<h2>Mat\u00e9riaux de qualit\u00e9 sup\u00e9rieure pour la d\u00e9coration murale d'arri\u00e8re-plan en incrustation de marbre pour un attrait luxueux<\/h2>\n<p>Fabriqu\u00e9 \u00e0 partir de marbre de haute qualit\u00e9, de pierres semi-pr\u00e9cieuses et de min\u00e9raux naturels, ce mod\u00e8le d'incrustation murale en pierre garantit une durabilit\u00e9 et une finition exquise.<\/p>\n<p>Les veines et les couleurs naturelles du marbre renforcent la profondeur et le r\u00e9alisme du corps du gu\u00e9pard, tandis que des mat\u00e9riaux soigneusement s\u00e9lectionn\u00e9s, tels que le lapis-lazuli, le jade et l'onyx, ajoutent un contraste vibrant.<\/p>\n<h2>Application polyvalente pour les espaces haut de gamme<\/h2>\n<p>Ce panneau mural en marbre est parfait pour les int\u00e9rieurs r\u00e9sidentiels et commerciaux haut de gamme, notamment :<\/p>\n<ul>\n<li>Salons de luxe - Une \u0153uvre d'art qui s'harmonise avec un mobilier \u00e9l\u00e9gant.<\/li>\n<li>Halls d'h\u00f4tel - Pour rehausser la grandeur des espaces d'accueil prestigieux.<\/li>\n<li>R\u00e9ceptions de bureau - Ajouter une touche artistique et sophistiqu\u00e9e \u00e0 l'environnement de l'entreprise.<\/li>\n<li>Boutiques et galeries d'art - L'ambiance est rehauss\u00e9e par un savoir-faire exquis.<\/li>\n<\/ul>\n<h2>\u00c9l\u00e9gance intemporelle dans le style incrustation de marbre<\/h2>\n<p>La fusion du style traditionnel de l'incrustation de marbre et de l'esth\u00e9tique contemporaine garantit que ce mur d'arri\u00e8re-plan en incrustation de marbre reste un \u00e9l\u00e9ment de luxe intemporel.<\/p>\n<p>Chaque pi\u00e8ce fabriqu\u00e9e \u00e0 la main fait l'objet d'une attention m\u00e9ticuleuse aux d\u00e9tails, cr\u00e9ant un point focal unique et \u00e9poustouflant qui rehausse la sophistication de n'importe quel espace.<\/p>\n<p>Rehaussez votre int\u00e9rieur avec ce mur de pierres incrust\u00e9es de marbre, v\u00e9ritable t\u00e9moignage d'\u00e9l\u00e9gance et de savoir-faire.<\/p>","protected":false},"excerpt":{"rendered":"<p><strong>D\u00e9cor mural en marbre incrust\u00e9 avec motif l\u00e9opard<\/strong><\/p>\n<p><strong>Num\u00e9ro d'article : <\/strong>WA6I008<\/p>\n<p><strong>Mat\u00e9riau :<\/strong>\u00a0Marbre, pierre pr\u00e9cieuse. (le mat\u00e9riau du panneau mural en marbre peut \u00eatre personnalis\u00e9)<\/p>\n<p><strong>Taille :<\/strong>\u00a0Taille sur mesure de tout d\u00e9cor mural en marbre incrust\u00e9<\/p>\n<p><strong>Conception :<\/strong>\u00a0Incrustations de marbre standard ou personnalis\u00e9es<\/p>\n<p><strong>Application :<\/strong>\u00a0Villas et maisons de luxe, h\u00f4tels et centres de vill\u00e9giature, espaces commerciaux,<\/p>\n<p>Salon, Panneau mural en vedette, D\u00e9coration murale, Art mural en marqueterie, Art mural en pierre,<\/p>\n<p>Espaces publics, entr\u00e9es et foyers, clubs haut de gamme et clubs priv\u00e9s,<\/p>\n<p>Salles d'exposition, boutiques, mus\u00e9es, \u00e9glises, mosqu\u00e9es, etc.<\/p>","protected":false},"featured_media":1831,"template":"","meta":{"_joinchat":[]},"product_brand":[],"product_cat":[22],"product_tag":[],"class_list":{"0":"post-1830","1":"product","2":"type-product","3":"status-publish","4":"has-post-thumbnail","6":"product_cat-marble-inlay-wall-decor","8":"first","9":"instock","10":"shipping-taxable","11":"product-type-simple"},"_links":{"self":[{"href":"https:\/\/www.smmarbleinlay.com\/fr\/wp-json\/wp\/v2\/product\/1830","targetHints":{"allow":["GET"]}}],"collection":[{"href":"https:\/\/www.smmarbleinlay.com\/fr\/wp-json\/wp\/v2\/product"}],"about":[{"href":"https:\/\/www.smmarbleinlay.com\/fr\/wp-json\/wp\/v2\/types\/product"}],"wp:featuredmedia":[{"embeddable":true,"href":"https:\/\/www.smmarbleinlay.com\/fr\/wp-json\/wp\/v2\/media\/1831"}],"wp:attachment":[{"href":"https:\/\/www.smmarbleinlay.com\/fr\/wp-json\/wp\/v2\/media?parent=1830"}],"wp:term":[{"taxonomy":"product_brand","embeddable":true,"href":"https:\/\/www.smmarbleinlay.com\/fr\/wp-json\/wp\/v2\/product_brand?post=1830"},{"taxonomy":"product_cat","embeddable":true,"href":"https:\/\/www.smmarbleinlay.com\/fr\/wp-json\/wp\/v2\/product_cat?post=1830"},{"taxonomy":"product_tag","embeddable":true,"href":"https:\/\/www.smmarbleinlay.com\/fr\/wp-json\/wp\/v2\/product_tag?post=1830"}],"curies":[{"name":"wp","href":"https:\/\/api.w.org\/{rel}","templated":true}]}}