{"id":1833,"date":"2025-04-05T11:03:12","date_gmt":"2025-04-05T03:03:12","guid":{"rendered":"https:\/\/www.smmarbleinlay.com\/?post_type=product&#038;p=1833"},"modified":"2025-04-08T20:30:42","modified_gmt":"2025-04-08T12:30:42","slug":"marble-inlay-wall-decor-panel-sucess-motif","status":"publish","type":"product","link":"https:\/\/www.smmarbleinlay.com\/fr\/produit\/marble-inlay-wall-decor-panel-sucess-motif\/","title":{"rendered":"Panneau d\u00e9coratif mural en marqueterie de marbre Sucess Motif"},"content":{"rendered":"<h2 class=\"\" data-start=\"63\" data-end=\"126\">Magnifique panneau mural en marqueterie de marbre avec motif de p\u00e9gase<\/h2>\n<p class=\"\" data-start=\"128\" data-end=\"519\">Ce panneau de d\u00e9coration murale en incrustation de marbre est une \u0153uvre d'art \u00e0 couper le souffle, symbolisant la r\u00e9ussite et la prosp\u00e9rit\u00e9.<\/p>\n<p class=\"\" data-start=\"128\" data-end=\"519\">Le panneau de d\u00e9coration murale en incrustation de marbre pr\u00e9sente deux figures majestueuses de P\u00e9gase, repr\u00e9sentant la force, l'ambition et la poursuite de l'excellence.<\/p>\n<p class=\"\" data-start=\"128\" data-end=\"519\">Fabriqu\u00e9 \u00e0 la main avec un style d'incrustation de marbre, ce d\u00e9cor mural en marbre incrust\u00e9 allie des d\u00e9tails complexes \u00e0 des mat\u00e9riaux de haute qualit\u00e9, ce qui en fait une d\u00e9claration de sophistication et de grandeur.<\/p>\n<h2 class=\"\" data-start=\"521\" data-end=\"572\">Marbre de premi\u00e8re qualit\u00e9 et artisanat exquis<\/h2>\n<p class=\"\" data-start=\"574\" data-end=\"940\">Fabriqu\u00e9 \u00e0 partir de marbre naturel, de pierres semi-pr\u00e9cieuses et de mat\u00e9riaux exotiques de la plus haute qualit\u00e9, ce panneau mural \u00e0 incrustation de marbre est le fruit d'un travail artistique exceptionnel.<\/p>\n<p class=\"\" data-start=\"574\" data-end=\"940\">Les figures d\u00e9taill\u00e9es de P\u00e9gase et les volutes ornementales prennent vie gr\u00e2ce aux veines de la pierre naturelle et aux couleurs vibrantes des incrustations.<\/p>\n<p class=\"\" data-start=\"574\" data-end=\"940\">Chaque courbe et chaque ligne refl\u00e8tent la pr\u00e9cision de l'artisanat, ce qui renforce l'impression de luxe.<\/p>\n<h2 class=\"\" data-start=\"942\" data-end=\"998\">Une application polyvalente pour des int\u00e9rieurs prestigieux<\/h2>\n<p class=\"\" data-start=\"1000\" data-end=\"1096\">Ce mur en pierre incrust\u00e9e de marbre est un compl\u00e9ment id\u00e9al pour les espaces int\u00e9rieurs luxueux, notamment :<\/p>\n<ul data-start=\"1097\" data-end=\"1418\">\n<li class=\"\" data-start=\"1097\" data-end=\"1174\">\n<p class=\"\" data-start=\"1099\" data-end=\"1174\">Grands foyers et entr\u00e9es - Cr\u00e9er une atmosph\u00e8re royale et accueillante.<\/p>\n<\/li>\n<li class=\"\" data-start=\"1175\" data-end=\"1253\">\n<p class=\"\" data-start=\"1177\" data-end=\"1253\">Salons de luxe - Une pi\u00e8ce ma\u00eetresse captivante qui incarne la r\u00e9ussite.<\/p>\n<\/li>\n<li class=\"\" data-start=\"1254\" data-end=\"1330\">\n<p class=\"\" data-start=\"1256\" data-end=\"1330\">Bureaux et salles de conf\u00e9rence - Inspirer l'ambition et la r\u00e9ussite.<\/p>\n<\/li>\n<li class=\"\" data-start=\"1331\" data-end=\"1418\">\n<p class=\"\" data-start=\"1333\" data-end=\"1418\">Lobbies d'h\u00f4tels et zones de r\u00e9ception - Rehausser le prestige des espaces d'accueil.<\/p>\n<\/li>\n<\/ul>\n<h2 class=\"\" data-start=\"1420\" data-end=\"1471\">\u00c9l\u00e9gance intemporelle avec le design des incrustations de marbre<\/h2>\n<p class=\"\" data-start=\"1473\" data-end=\"1785\">Con\u00e7u pour compl\u00e9ter l'esth\u00e9tique classique et moderne, ce mur d'arri\u00e8re-plan en incrustation de marbre est un v\u00e9ritable t\u00e9moignage de la ma\u00eetrise artistique.<\/p>\n<p class=\"\" data-start=\"1473\" data-end=\"1785\">La combinaison parfaite du design de l'incrustation de marbre et des d\u00e9tails opulents garantit que ce panneau mural en incrustation de marbre reste un symbole intemporel d'\u00e9l\u00e9gance et de succ\u00e8s.<\/p>\n<p class=\"\" data-start=\"1787\" data-end=\"1875\">Am\u00e9liorez votre espace avec ce d\u00e9cor mural en pierre, o\u00f9 le luxe rencontre l'inspiration.<\/p>","protected":false},"excerpt":{"rendered":"<p>Panneau mural en marbre incrust\u00e9 avec symbole de r\u00e9ussite<\/p>\n<p><strong>Num\u00e9ro d'article : <\/strong>WA6I009<\/p>\n<p><strong>Mat\u00e9riau :<\/strong>\u00a0Marbre, pierre pr\u00e9cieuse. (le mat\u00e9riau du panneau mural en marbre peut \u00eatre personnalis\u00e9)<\/p>\n<p><strong>Taille :<\/strong>\u00a0Taille sur mesure de tout d\u00e9cor mural en marbre incrust\u00e9<\/p>\n<p><strong>Conception :<\/strong>\u00a0Incrustations de marbre standard ou personnalis\u00e9es<\/p>\n<p><strong>Application :<\/strong>\u00a0Villas et maisons de luxe, h\u00f4tels et centres de vill\u00e9giature, espaces commerciaux,<\/p>\n<p>Salon, Panneau mural en vedette, D\u00e9coration murale, Art mural en marqueterie, Art mural en pierre,<\/p>\n<p>Espaces publics, entr\u00e9es et foyers, clubs haut de gamme et clubs priv\u00e9s,<\/p>\n<p>Salles d'exposition, boutiques, mus\u00e9es, \u00e9glises, mosqu\u00e9es, etc.<\/p>","protected":false},"featured_media":1834,"template":"","meta":{"_joinchat":[]},"product_brand":[],"product_cat":[22],"product_tag":[],"class_list":{"0":"post-1833","1":"product","2":"type-product","3":"status-publish","4":"has-post-thumbnail","6":"product_cat-marble-inlay-wall-decor","8":"first","9":"instock","10":"shipping-taxable","11":"product-type-simple"},"_links":{"self":[{"href":"https:\/\/www.smmarbleinlay.com\/fr\/wp-json\/wp\/v2\/product\/1833","targetHints":{"allow":["GET"]}}],"collection":[{"href":"https:\/\/www.smmarbleinlay.com\/fr\/wp-json\/wp\/v2\/product"}],"about":[{"href":"https:\/\/www.smmarbleinlay.com\/fr\/wp-json\/wp\/v2\/types\/product"}],"wp:featuredmedia":[{"embeddable":true,"href":"https:\/\/www.smmarbleinlay.com\/fr\/wp-json\/wp\/v2\/media\/1834"}],"wp:attachment":[{"href":"https:\/\/www.smmarbleinlay.com\/fr\/wp-json\/wp\/v2\/media?parent=1833"}],"wp:term":[{"taxonomy":"product_brand","embeddable":true,"href":"https:\/\/www.smmarbleinlay.com\/fr\/wp-json\/wp\/v2\/product_brand?post=1833"},{"taxonomy":"product_cat","embeddable":true,"href":"https:\/\/www.smmarbleinlay.com\/fr\/wp-json\/wp\/v2\/product_cat?post=1833"},{"taxonomy":"product_tag","embeddable":true,"href":"https:\/\/www.smmarbleinlay.com\/fr\/wp-json\/wp\/v2\/product_tag?post=1833"}],"curies":[{"name":"wp","href":"https:\/\/api.w.org\/{rel}","templated":true}]}}