{"id":1840,"date":"2025-04-05T11:40:06","date_gmt":"2025-04-05T03:40:06","guid":{"rendered":"https:\/\/www.smmarbleinlay.com\/?post_type=product&#038;p=1840"},"modified":"2025-06-10T08:24:26","modified_gmt":"2025-06-10T00:24:26","slug":"marble-inlay-wall-panel-tropical","status":"publish","type":"product","link":"https:\/\/www.smmarbleinlay.com\/fr\/produit\/marble-inlay-wall-panel-tropical\/","title":{"rendered":"Panneau mural \u00e0 incrustation de marbre Tropical Jungle Design"},"content":{"rendered":"<h2>Panneau mural \u00e0 incrustation de marbre pour villa de luxe<\/h2>\n<p>Ce superbe panneau mural en marqueterie de marbre pr\u00e9sente un th\u00e8me de jungle tropicale, habilement travaill\u00e9 pour apporter la beaut\u00e9 de la nature dans votre espace.<\/p>\n<p>Le motif est ex\u00e9cut\u00e9 dans un style d'incrustation de marbre, utilisant les veines et la texture uniques du marbre naturel pour cr\u00e9er une sc\u00e8ne r\u00e9aliste et vibrante.<\/p>\n<p>L'incrustation sans couture capture l'essence d'un paysage de jungle, les caract\u00e9ristiques naturelles de chaque pierre contribuant \u00e0 la profondeur et \u00e0 la tridimensionnalit\u00e9 de la pi\u00e8ce.<\/p>\n<p>Cette m\u00e9thode permet \u00e0 l'\u0153uvre d'art de pr\u00e9senter des d\u00e9tails complexes tout en conservant l'aspect organique des pierres utilis\u00e9es.<\/p>\n<p><iframe loading=\"lazy\" title=\"D\u00e9coration murale en marqueterie de marbre #1 pour villa de luxe\" width=\"1290\" height=\"726\" src=\"https:\/\/www.youtube.com\/embed\/ytyy7bh64fM?feature=oembed\" frameborder=\"0\" allow=\"accelerometer; autoplay; clipboard-write; encrypted-media; gyroscope; picture-in-picture; web-share\" referrerpolicy=\"strict-origin-when-cross-origin\" allowfullscreen><\/iframe><\/p>\n<h2>Artisanat - Fabriqu\u00e9 \u00e0 la main avec pr\u00e9cision<\/h2>\n<p>La cr\u00e9ation de ce mur en pierre incrust\u00e9e de marbre implique un processus m\u00e9ticuleux d'assemblage \u00e0 la main de 28 types diff\u00e9rents de marbre naturel, chaque pi\u00e8ce \u00e9tant soigneusement s\u00e9lectionn\u00e9e pour sa couleur et son motif.<\/p>\n<p>Des milliers de petits \u00e9l\u00e9ments de marbre sont incrust\u00e9s de mani\u00e8re complexe pour former cette magnifique \u0153uvre d'art, ce qui en fait un parfait exemple de marqueterie.<\/p>\n<p>Le savoir-faire artisanal assure un \u00e9quilibre parfait entre l'art et la durabilit\u00e9, offrant un \u00e9l\u00e9ment d\u00e9coratif durable qui est \u00e0 la fois fonctionnel et beau.<\/p>\n<h2>Application - Id\u00e9al pour les espaces luxueux<\/h2>\n<p>Le d\u00e9cor mural de fond en incrustation de marbre est con\u00e7u pour s'adapter \u00e0 diverses applications haut de gamme, des salons opulents aux halls d'entr\u00e9e d'h\u00f4tels luxueux.<\/p>\n<p>Son th\u00e8me de jungle tropicale cr\u00e9e une exp\u00e9rience immersive, id\u00e9ale pour cr\u00e9er une atmosph\u00e8re naturelle et tranquille.<\/p>\n<p>Qu'il soit utilis\u00e9 comme pi\u00e8ce ma\u00eetresse dans une r\u00e9sidence priv\u00e9e ou dans un espace commercial, ce panneau rehausse l'espace gr\u00e2ce \u00e0 son esth\u00e9tique raffin\u00e9e et \u00e0 sa fabrication sophistiqu\u00e9e, ce qui en fait un choix parfait pour ceux qui recherchent l'\u00e9l\u00e9gance en mati\u00e8re de d\u00e9coration murale.<\/p>","protected":false},"excerpt":{"rendered":"<p><strong>Panneau mural \u00e0 incrustation de marbre pour villa de luxe<\/strong><\/p>\n<p><strong>Num\u00e9ro d'article : <\/strong>WA6I011<\/p>\n<p><strong>Mat\u00e9riau :<\/strong>\u00a0Marbre, pierre pr\u00e9cieuse. (le mat\u00e9riau du panneau mural en marbre peut \u00eatre personnalis\u00e9)<\/p>\n<p><strong>Taille :<\/strong>\u00a0Taille sur mesure de tout d\u00e9cor mural en marbre incrust\u00e9<\/p>\n<p><strong>Conception :<\/strong>\u00a0Incrustations de marbre standard ou personnalis\u00e9es<\/p>\n<p><strong>Application :<\/strong>\u00a0Villas et maisons de luxe, h\u00f4tels et centres de vill\u00e9giature, espaces commerciaux,<\/p>\n<p>Salon, Panneau mural en vedette, D\u00e9coration murale, Art mural en marqueterie, Art mural en pierre,<\/p>\n<p>Espaces publics, entr\u00e9es et foyers, clubs haut de gamme et clubs priv\u00e9s,<\/p>\n<p>Salles d'exposition, boutiques, mus\u00e9es, \u00e9glises, mosqu\u00e9es, etc.<\/p>","protected":false},"featured_media":1842,"template":"","meta":{"_joinchat":[]},"product_brand":[],"product_cat":[22],"product_tag":[],"class_list":{"0":"post-1840","1":"product","2":"type-product","3":"status-publish","4":"has-post-thumbnail","6":"product_cat-marble-inlay-wall-decor","8":"first","9":"instock","10":"shipping-taxable","11":"product-type-simple"},"_links":{"self":[{"href":"https:\/\/www.smmarbleinlay.com\/fr\/wp-json\/wp\/v2\/product\/1840","targetHints":{"allow":["GET"]}}],"collection":[{"href":"https:\/\/www.smmarbleinlay.com\/fr\/wp-json\/wp\/v2\/product"}],"about":[{"href":"https:\/\/www.smmarbleinlay.com\/fr\/wp-json\/wp\/v2\/types\/product"}],"wp:featuredmedia":[{"embeddable":true,"href":"https:\/\/www.smmarbleinlay.com\/fr\/wp-json\/wp\/v2\/media\/1842"}],"wp:attachment":[{"href":"https:\/\/www.smmarbleinlay.com\/fr\/wp-json\/wp\/v2\/media?parent=1840"}],"wp:term":[{"taxonomy":"product_brand","embeddable":true,"href":"https:\/\/www.smmarbleinlay.com\/fr\/wp-json\/wp\/v2\/product_brand?post=1840"},{"taxonomy":"product_cat","embeddable":true,"href":"https:\/\/www.smmarbleinlay.com\/fr\/wp-json\/wp\/v2\/product_cat?post=1840"},{"taxonomy":"product_tag","embeddable":true,"href":"https:\/\/www.smmarbleinlay.com\/fr\/wp-json\/wp\/v2\/product_tag?post=1840"}],"curies":[{"name":"wp","href":"https:\/\/api.w.org\/{rel}","templated":true}]}}