{"id":1851,"date":"2025-04-05T14:34:19","date_gmt":"2025-04-05T06:34:19","guid":{"rendered":"https:\/\/www.smmarbleinlay.com\/?post_type=product&#038;p=1851"},"modified":"2025-04-09T16:58:35","modified_gmt":"2025-04-09T08:58:35","slug":"modern-marble-inlay-floor-design-pietra-dure-pattern","status":"publish","type":"product","link":"https:\/\/www.smmarbleinlay.com\/fr\/produit\/modern-marble-inlay-floor-design-pietra-dure-pattern\/","title":{"rendered":"Plancher moderne en marqueterie de marbre Motif Pietra Dure"},"content":{"rendered":"<h2>Sol moderne en marqueterie de marbre - Motif Pietra Dure<\/h2>\n<p>Ce sol moderne en marqueterie de marbre Pietra Dure pr\u00e9sente un motif g\u00e9om\u00e9trique audacieux r\u00e9alis\u00e9 en marqueterie de marbre.<\/p>\n<p>Le design moderne du sol en marqueterie de marbre, avec ses formes de diamant et ses lignes blanches, cr\u00e9e un aspect saisissant et \u00e9l\u00e9gant, ajoutant de la sophistication \u00e0 n'importe quel espace.<\/p>\n<h2>Incrustation de marbre et coordination des couleurs - un m\u00e9lange parfait<\/h2>\n<p>Avec ses tons gris clair et blanc cass\u00e9, ce design en marbre offre une toile de fond douce et neutre qui compl\u00e8te les int\u00e9rieurs modernes.<\/p>\n<p>Le m\u00e9lange de marbre naturel et de g\u00e9om\u00e9trie pr\u00e9cise cr\u00e9e un style raffin\u00e9 et \u00e9quilibr\u00e9.<\/p>\n<h2>Application - Polyvalente et \u00e9l\u00e9gante<\/h2>\n<p>Cette incrustation de marbre au sol est id\u00e9ale pour les espaces haut de gamme tels que les salons de luxe, les halls d'entr\u00e9e d'h\u00f4tels ou les bureaux haut de gamme.<\/p>\n<p>Son \u00e9l\u00e9gance intemporelle met en valeur n'importe quelle pi\u00e8ce, ce qui en fait l'alliance parfaite du style et de l'artisanat.<\/p>","protected":false},"excerpt":{"rendered":"<p><strong>Rev\u00eatement de sol en marqueterie de marbre Design Modern Style<\/strong><\/p>\n<p><strong>Num\u00e9ro d'article : <\/strong>FLM4G008<\/p>\n<p><strong>Mat\u00e9riau :<\/strong>\u00a0Mable, pierre pr\u00e9cieuse. (Les mat\u00e9riaux utilis\u00e9s pour la conception du sol en marqueterie de marbre peuvent \u00eatre personnalis\u00e9s)<\/p>\n<p><strong>Taille :<\/strong>\u00a0Taille sur mesure (taille du dessin du sol en marqueterie de marbre)<\/p>\n<p><strong>Conception :<\/strong>\u00a0Plancher de marbre standard ou personnalis\u00e9<\/p>\n<p><strong>Application :<\/strong>\u00a0Villas et maisons de luxe, h\u00f4tels et centres de vill\u00e9giature, espaces commerciaux,<\/p>\n<p>Espaces publics, escaliers et couloirs, entr\u00e9es et foyers, sols en Pietra Dura Art,<\/p>\n<p>Clubs haut de gamme et clubs priv\u00e9s, salles d'exposition,<\/p>\n<p>Boutiques, mus\u00e9e, \u00e9glise, mosqu\u00e9e, etc.<\/p>","protected":false},"featured_media":1852,"template":"","meta":{"_joinchat":[]},"product_brand":[],"product_cat":[21],"product_tag":[],"class_list":{"0":"post-1851","1":"product","2":"type-product","3":"status-publish","4":"has-post-thumbnail","6":"product_cat-contemporary-marble-inlay-flooring","8":"first","9":"instock","10":"shipping-taxable","11":"product-type-simple"},"_links":{"self":[{"href":"https:\/\/www.smmarbleinlay.com\/fr\/wp-json\/wp\/v2\/product\/1851","targetHints":{"allow":["GET"]}}],"collection":[{"href":"https:\/\/www.smmarbleinlay.com\/fr\/wp-json\/wp\/v2\/product"}],"about":[{"href":"https:\/\/www.smmarbleinlay.com\/fr\/wp-json\/wp\/v2\/types\/product"}],"wp:featuredmedia":[{"embeddable":true,"href":"https:\/\/www.smmarbleinlay.com\/fr\/wp-json\/wp\/v2\/media\/1852"}],"wp:attachment":[{"href":"https:\/\/www.smmarbleinlay.com\/fr\/wp-json\/wp\/v2\/media?parent=1851"}],"wp:term":[{"taxonomy":"product_brand","embeddable":true,"href":"https:\/\/www.smmarbleinlay.com\/fr\/wp-json\/wp\/v2\/product_brand?post=1851"},{"taxonomy":"product_cat","embeddable":true,"href":"https:\/\/www.smmarbleinlay.com\/fr\/wp-json\/wp\/v2\/product_cat?post=1851"},{"taxonomy":"product_tag","embeddable":true,"href":"https:\/\/www.smmarbleinlay.com\/fr\/wp-json\/wp\/v2\/product_tag?post=1851"}],"curies":[{"name":"wp","href":"https:\/\/api.w.org\/{rel}","templated":true}]}}